{"id":2104,"date":"2019-10-09T09:19:04","date_gmt":"2019-10-09T09:19:04","guid":{"rendered":"https:\/\/kassavirtanen.fi\/?page_id=2104"},"modified":"2025-01-09T11:39:43","modified_gmt":"2025-01-09T11:39:43","slug":"ruokalahetti","status":"publish","type":"page","link":"https:\/\/kassavirtanen.fi\/en\/ruokalahetti\/","title":{"rendered":"Light entrepreneurship as a food courier"},"content":{"rendered":"<div data-elementor-type=\"wp-post\" data-elementor-id=\"2104\" class=\"elementor elementor-2104\" data-elementor-post-type=\"page\">\n\t\t\t\t\t\t<section class=\"elementor-section elementor-top-section elementor-element elementor-element-45406cef elementor-section-height-min-height elementor-section-boxed elementor-section-height-default elementor-section-items-middle\" data-id=\"45406cef\" data-element_type=\"section\" data-e-type=\"section\" data-settings=\"{&quot;background_background&quot;:&quot;classic&quot;,&quot;shape_divider_bottom&quot;:&quot;waves&quot;}\">\n\t\t\t\t\t\t\t<div class=\"elementor-background-overlay\"><\/div>\n\t\t\t\t\t\t<div class=\"elementor-shape elementor-shape-bottom\" aria-hidden=\"true\" data-negative=\"false\">\n\t\t\t<svg xmlns=\"http:\/\/www.w3.org\/2000\/svg\" viewbox=\"0 0 1000 100\" preserveaspectratio=\"none\">\n\t<path class=\"elementor-shape-fill\" d=\"M421.9,6.5c22.6-2.5,51.5,0.4,75.5,5.3c23.6,4.9,70.9,23.5,100.5,35.7c75.8,32.2,133.7,44.5,192.6,49.7\tc23.6,2.1,48.7,3.5,103.4-2.5c54.7-6,106.2-25.6,106.2-25.6V0H0v30.3c0,0,72,32.6,158.4,30.5c39.2-0.7,92.8-6.7,134-22.4\tc21.2-8.1,52.2-18.2,79.7-24.2C399.3,7.9,411.6,7.5,421.9,6.5z\"\/>\n<\/svg>\t\t<\/div>\n\t\t\t\t\t<div class=\"elementor-container elementor-column-gap-default\">\n\t\t\t\t\t<div class=\"elementor-column elementor-col-100 elementor-top-column elementor-element elementor-element-3ff16724\" data-id=\"3ff16724\" data-element_type=\"column\" data-e-type=\"column\">\n\t\t\t<div class=\"elementor-widget-wrap elementor-element-populated\">\n\t\t\t\t\t\t<div class=\"elementor-element elementor-element-6a2e943d elementor-widget elementor-widget-heading\" data-id=\"6a2e943d\" data-element_type=\"widget\" data-e-type=\"widget\" data-widget_type=\"heading.default\">\n\t\t\t\t<div class=\"elementor-widget-container\">\n\t\t\t\t\t<h1 class=\"elementor-heading-title elementor-size-default\">The cheapest invoicing service for food couriers\n<\/h1>\t\t\t\t<\/div>\n\t\t\t\t<\/div>\n\t\t\t\t\t<\/div>\n\t\t<\/div>\n\t\t\t\t\t<\/div>\n\t\t<\/section>\n\t\t\t\t<section class=\"elementor-section elementor-top-section elementor-element elementor-element-3b1cd383 elementor-section-boxed elementor-section-height-default elementor-section-height-default\" data-id=\"3b1cd383\" data-element_type=\"section\" data-e-type=\"section\">\n\t\t\t\t\t\t<div class=\"elementor-container elementor-column-gap-default\">\n\t\t\t\t\t<div class=\"elementor-column elementor-col-100 elementor-top-column elementor-element elementor-element-444313f\" data-id=\"444313f\" data-element_type=\"column\" data-e-type=\"column\">\n\t\t\t<div class=\"elementor-widget-wrap elementor-element-populated\">\n\t\t\t\t\t\t<div class=\"elementor-element elementor-element-7c744e57 elementor-widget elementor-widget-heading\" data-id=\"7c744e57\" data-element_type=\"widget\" data-e-type=\"widget\" data-widget_type=\"heading.default\">\n\t\t\t\t<div class=\"elementor-widget-container\">\n\t\t\t\t\t<h2 class=\"elementor-heading-title elementor-size-default\">Light entrepreneurship as a food courier<\/h2>\t\t\t\t<\/div>\n\t\t\t\t<\/div>\n\t\t\t\t\t<\/div>\n\t\t<\/div>\n\t\t\t\t\t<\/div>\n\t\t<\/section>\n\t\t\t\t<section class=\"elementor-section elementor-top-section elementor-element elementor-element-46a0a0f elementor-section-boxed elementor-section-height-default elementor-section-height-default\" data-id=\"46a0a0f\" data-element_type=\"section\" data-e-type=\"section\">\n\t\t\t\t\t\t<div class=\"elementor-container elementor-column-gap-default\">\n\t\t\t\t\t<div class=\"elementor-column elementor-col-100 elementor-top-column elementor-element elementor-element-d34d392\" data-id=\"d34d392\" data-element_type=\"column\" data-e-type=\"column\">\n\t\t\t<div class=\"elementor-widget-wrap elementor-element-populated\">\n\t\t\t\t\t\t<div class=\"elementor-element elementor-element-1c9c101 elementor-widget elementor-widget-heading\" data-id=\"1c9c101\" data-element_type=\"widget\" data-e-type=\"widget\" data-widget_type=\"heading.default\">\n\t\t\t\t<div class=\"elementor-widget-container\">\n\t\t\t\t\t<h3 class=\"elementor-heading-title elementor-size-default\">BE YOUR OWN BOSS<\/h3>\t\t\t\t<\/div>\n\t\t\t\t<\/div>\n\t\t\t\t\t<\/div>\n\t\t<\/div>\n\t\t\t\t\t<\/div>\n\t\t<\/section>\n\t\t\t\t<section class=\"elementor-section elementor-top-section elementor-element elementor-element-335452c elementor-section-boxed elementor-section-height-default elementor-section-height-default\" data-id=\"335452c\" data-element_type=\"section\" data-e-type=\"section\">\n\t\t\t\t\t\t<div class=\"elementor-container elementor-column-gap-default\">\n\t\t\t\t\t<div class=\"elementor-column elementor-col-100 elementor-top-column elementor-element elementor-element-260ad08\" data-id=\"260ad08\" data-element_type=\"column\" data-e-type=\"column\">\n\t\t\t<div class=\"elementor-widget-wrap elementor-element-populated\">\n\t\t\t\t\t\t<div class=\"elementor-element elementor-element-88fbbb0 elementor-widget elementor-widget-text-editor\" data-id=\"88fbbb0\" data-element_type=\"widget\" data-e-type=\"widget\" data-widget_type=\"text-editor.default\">\n\t\t\t\t<div class=\"elementor-widget-container\">\n\t\t\t\t\t\t\t\t\t<p>As a food courier, you make money by transporting food from restaurants to customers door. As a food courier, you decide when you work, which makes this job particularly flexible. It is a perfect option for students, for example, who want to make money alongside their school schedule.<\/p><p>\u00a0<\/p>\t\t\t\t\t\t\t\t<\/div>\n\t\t\t\t<\/div>\n\t\t\t\t\t<\/div>\n\t\t<\/div>\n\t\t\t\t\t<\/div>\n\t\t<\/section>\n\t\t\t\t<section class=\"elementor-section elementor-top-section elementor-element elementor-element-9ebc236 elementor-section-boxed elementor-section-height-default elementor-section-height-default\" data-id=\"9ebc236\" data-element_type=\"section\" data-e-type=\"section\">\n\t\t\t\t\t\t<div class=\"elementor-container elementor-column-gap-default\">\n\t\t\t\t\t<div class=\"elementor-column elementor-col-100 elementor-top-column elementor-element elementor-element-4dc5aea\" data-id=\"4dc5aea\" data-element_type=\"column\" data-e-type=\"column\">\n\t\t\t<div class=\"elementor-widget-wrap elementor-element-populated\">\n\t\t\t\t\t\t<div class=\"elementor-element elementor-element-e2be60f elementor-widget elementor-widget-text-editor\" data-id=\"e2be60f\" data-element_type=\"widget\" data-e-type=\"widget\" data-widget_type=\"text-editor.default\">\n\t\t\t\t<div class=\"elementor-widget-container\">\n\t\t\t\t\t\t\t\t\t<p>As a food courier, you also decide how much work you do, giving you the freedom to determine your salary. However, it should be noted that there may be occasional competition for broadcast gigs. You can move from one place to another with the vehicle of your choice, which you must arrange yourself including the insurance. Biking is an easy and inexpensive option, especially in summer time.<\/p>\t\t\t\t\t\t\t\t<\/div>\n\t\t\t\t<\/div>\n\t\t\t\t\t<\/div>\n\t\t<\/div>\n\t\t\t\t\t<\/div>\n\t\t<\/section>\n\t\t\t\t<section class=\"elementor-section elementor-top-section elementor-element elementor-element-759e903 elementor-section-boxed elementor-section-height-default elementor-section-height-default\" data-id=\"759e903\" data-element_type=\"section\" data-e-type=\"section\">\n\t\t\t\t\t\t<div class=\"elementor-container elementor-column-gap-default\">\n\t\t\t\t\t<div class=\"elementor-column elementor-col-100 elementor-top-column elementor-element elementor-element-be63ea4\" data-id=\"be63ea4\" data-element_type=\"column\" data-e-type=\"column\">\n\t\t\t<div class=\"elementor-widget-wrap elementor-element-populated\">\n\t\t\t\t\t\t<div class=\"elementor-element elementor-element-30fb55b elementor-widget elementor-widget-spacer\" data-id=\"30fb55b\" data-element_type=\"widget\" data-e-type=\"widget\" data-widget_type=\"spacer.default\">\n\t\t\t\t<div class=\"elementor-widget-container\">\n\t\t\t\t\t\t\t<div class=\"elementor-spacer\">\n\t\t\t<div class=\"elementor-spacer-inner\"><\/div>\n\t\t<\/div>\n\t\t\t\t\t\t<\/div>\n\t\t\t\t<\/div>\n\t\t\t\t\t<\/div>\n\t\t<\/div>\n\t\t\t\t\t<\/div>\n\t\t<\/section>\n\t\t\t\t<section class=\"elementor-section elementor-top-section elementor-element elementor-element-675d72b elementor-section-boxed elementor-section-height-default elementor-section-height-default\" data-id=\"675d72b\" data-element_type=\"section\" data-e-type=\"section\">\n\t\t\t\t\t\t<div class=\"elementor-container elementor-column-gap-default\">\n\t\t\t\t\t<div class=\"elementor-column elementor-col-100 elementor-top-column elementor-element elementor-element-8f1d733\" data-id=\"8f1d733\" data-element_type=\"column\" data-e-type=\"column\">\n\t\t\t<div class=\"elementor-widget-wrap elementor-element-populated\">\n\t\t\t\t\t\t<div class=\"elementor-element elementor-element-caf8584 elementor-widget elementor-widget-image\" data-id=\"caf8584\" data-element_type=\"widget\" data-e-type=\"widget\" data-widget_type=\"image.default\">\n\t\t\t\t<div class=\"elementor-widget-container\">\n\t\t\t\t\t\t\t\t\t\t\t\t\t\t\t<img fetchpriority=\"high\" decoding=\"async\" width=\"768\" height=\"513\" src=\"https:\/\/kassavirtanen.fi\/wp-content\/uploads\/2019\/10\/foodcourier-768x513.jpg\" class=\"attachment-medium_large size-medium_large wp-image-2111\" alt=\"Hymyilev\u00e4 l\u00e4hetti sinisess\u00e4 asussa, kantaa pahvilaatikoita kerrostalon k\u00e4yt\u00e4v\u00e4ll\u00e4\" srcset=\"https:\/\/kassavirtanen.fi\/wp-content\/uploads\/2019\/10\/foodcourier-768x513.jpg 768w, https:\/\/kassavirtanen.fi\/wp-content\/uploads\/2019\/10\/foodcourier-300x200.jpg 300w, https:\/\/kassavirtanen.fi\/wp-content\/uploads\/2019\/10\/foodcourier-1024x683.jpg 1024w, https:\/\/kassavirtanen.fi\/wp-content\/uploads\/2019\/10\/foodcourier.jpg 2048w\" sizes=\"(max-width: 768px) 100vw, 768px\" \/>\t\t\t\t\t\t\t\t\t\t\t\t\t\t\t<\/div>\n\t\t\t\t<\/div>\n\t\t\t\t\t<\/div>\n\t\t<\/div>\n\t\t\t\t\t<\/div>\n\t\t<\/section>\n\t\t\t\t<section class=\"elementor-section elementor-top-section elementor-element elementor-element-2a6e308 elementor-section-boxed elementor-section-height-default elementor-section-height-default\" data-id=\"2a6e308\" data-element_type=\"section\" data-e-type=\"section\">\n\t\t\t\t\t\t<div class=\"elementor-container elementor-column-gap-default\">\n\t\t\t\t\t<div class=\"elementor-column elementor-col-100 elementor-top-column elementor-element elementor-element-9c0c670\" data-id=\"9c0c670\" data-element_type=\"column\" data-e-type=\"column\">\n\t\t\t<div class=\"elementor-widget-wrap elementor-element-populated\">\n\t\t\t\t\t\t<div class=\"elementor-element elementor-element-369b7d6 elementor-widget elementor-widget-spacer\" data-id=\"369b7d6\" data-element_type=\"widget\" data-e-type=\"widget\" data-widget_type=\"spacer.default\">\n\t\t\t\t<div class=\"elementor-widget-container\">\n\t\t\t\t\t\t\t<div class=\"elementor-spacer\">\n\t\t\t<div class=\"elementor-spacer-inner\"><\/div>\n\t\t<\/div>\n\t\t\t\t\t\t<\/div>\n\t\t\t\t<\/div>\n\t\t\t\t\t<\/div>\n\t\t<\/div>\n\t\t\t\t\t<\/div>\n\t\t<\/section>\n\t\t\t\t<section class=\"elementor-section elementor-top-section elementor-element elementor-element-1b53e52 elementor-section-boxed elementor-section-height-default elementor-section-height-default\" data-id=\"1b53e52\" data-element_type=\"section\" data-e-type=\"section\">\n\t\t\t\t\t\t<div class=\"elementor-container elementor-column-gap-default\">\n\t\t\t\t\t<div class=\"elementor-column elementor-col-100 elementor-top-column elementor-element elementor-element-3cb0391\" data-id=\"3cb0391\" data-element_type=\"column\" data-e-type=\"column\">\n\t\t\t<div class=\"elementor-widget-wrap elementor-element-populated\">\n\t\t\t\t\t\t<div class=\"elementor-element elementor-element-0d797f8 elementor-widget elementor-widget-heading\" data-id=\"0d797f8\" data-element_type=\"widget\" data-e-type=\"widget\" data-widget_type=\"heading.default\">\n\t\t\t\t<div class=\"elementor-widget-container\">\n\t\t\t\t\t<h3 class=\"elementor-heading-title elementor-size-default\">LIGHT ENTREPRENEURSHIP AND PLATFORM ECONOMY<\/h3>\t\t\t\t<\/div>\n\t\t\t\t<\/div>\n\t\t\t\t\t<\/div>\n\t\t<\/div>\n\t\t\t\t\t<\/div>\n\t\t<\/section>\n\t\t\t\t<section class=\"elementor-section elementor-top-section elementor-element elementor-element-51edbf1 elementor-section-boxed elementor-section-height-default elementor-section-height-default\" data-id=\"51edbf1\" data-element_type=\"section\" data-e-type=\"section\">\n\t\t\t\t\t\t<div class=\"elementor-container elementor-column-gap-default\">\n\t\t\t\t\t<div class=\"elementor-column elementor-col-100 elementor-top-column elementor-element elementor-element-08c4a01\" data-id=\"08c4a01\" data-element_type=\"column\" data-e-type=\"column\">\n\t\t\t<div class=\"elementor-widget-wrap elementor-element-populated\">\n\t\t\t\t\t\t<div class=\"elementor-element elementor-element-2887350 elementor-widget elementor-widget-text-editor\" data-id=\"2887350\" data-element_type=\"widget\" data-e-type=\"widget\" data-widget_type=\"text-editor.default\">\n\t\t\t\t<div class=\"elementor-widget-container\">\n\t\t\t\t\t\t\t\t\t<p>A food courier works either as an entrepreneur or as a light entrepreneur and is powered by an application such as Wolt or Foodora. Food courier does not work for the company itself, but as an entrepreneur with the application as a work platform. Through the application, you will, among other things, accept work gigs and monitor your cash flow. This type of application based work is called platform economy and is practiced by, for example, Wolt, Foodora, Airbnb and Uber.<\/p>\t\t\t\t\t\t\t\t<\/div>\n\t\t\t\t<\/div>\n\t\t\t\t\t<\/div>\n\t\t<\/div>\n\t\t\t\t\t<\/div>\n\t\t<\/section>\n\t\t\t\t<section class=\"elementor-section elementor-top-section elementor-element elementor-element-2638e4c elementor-section-boxed elementor-section-height-default elementor-section-height-default\" data-id=\"2638e4c\" data-element_type=\"section\" data-e-type=\"section\">\n\t\t\t\t\t\t<div class=\"elementor-container elementor-column-gap-default\">\n\t\t\t\t\t<div class=\"elementor-column elementor-col-100 elementor-top-column elementor-element elementor-element-807fdb5\" data-id=\"807fdb5\" data-element_type=\"column\" data-e-type=\"column\">\n\t\t\t<div class=\"elementor-widget-wrap elementor-element-populated\">\n\t\t\t\t\t\t<div class=\"elementor-element elementor-element-f81ba26 elementor-widget elementor-widget-text-editor\" data-id=\"f81ba26\" data-element_type=\"widget\" data-e-type=\"widget\" data-widget_type=\"text-editor.default\">\n\t\t\t\t<div class=\"elementor-widget-container\">\n\t\t\t\t\t\t\t\t\t<p>Many food couriers operate as light entrepreneurs, which means that they let their billing service handle their billing. This way they get to work in an entrepreneurial way, but pass on all the paperwork. Food couriers who bill through Kassavirtanen earn more than the others, with the service fee being the cheapest on the market!<\/p>\t\t\t\t\t\t\t\t<\/div>\n\t\t\t\t<\/div>\n\t\t\t\t\t<\/div>\n\t\t<\/div>\n\t\t\t\t\t<\/div>\n\t\t<\/section>\n\t\t\t\t<section class=\"elementor-section elementor-top-section elementor-element elementor-element-f956a22 elementor-section-boxed elementor-section-height-default elementor-section-height-default\" data-id=\"f956a22\" data-element_type=\"section\" data-e-type=\"section\">\n\t\t\t\t\t\t<div class=\"elementor-container elementor-column-gap-default\">\n\t\t\t\t\t<div class=\"elementor-column elementor-col-100 elementor-top-column elementor-element elementor-element-d876f14\" data-id=\"d876f14\" data-element_type=\"column\" data-e-type=\"column\">\n\t\t\t<div class=\"elementor-widget-wrap elementor-element-populated\">\n\t\t\t\t\t\t<div class=\"elementor-element elementor-element-ea58985 elementor-widget elementor-widget-spacer\" data-id=\"ea58985\" data-element_type=\"widget\" data-e-type=\"widget\" data-widget_type=\"spacer.default\">\n\t\t\t\t<div class=\"elementor-widget-container\">\n\t\t\t\t\t\t\t<div class=\"elementor-spacer\">\n\t\t\t<div class=\"elementor-spacer-inner\"><\/div>\n\t\t<\/div>\n\t\t\t\t\t\t<\/div>\n\t\t\t\t<\/div>\n\t\t\t\t\t<\/div>\n\t\t<\/div>\n\t\t\t\t\t<\/div>\n\t\t<\/section>\n\t\t\t\t<section class=\"elementor-section elementor-top-section elementor-element elementor-element-6cecaf3e elementor-section-boxed elementor-section-height-default elementor-section-height-default\" data-id=\"6cecaf3e\" data-element_type=\"section\" data-e-type=\"section\" data-settings=\"{&quot;shape_divider_bottom&quot;:&quot;curve&quot;,&quot;shape_divider_bottom_negative&quot;:&quot;yes&quot;}\">\n\t\t\t\t\t<div class=\"elementor-shape elementor-shape-bottom\" aria-hidden=\"true\" data-negative=\"true\">\n\t\t\t<svg xmlns=\"http:\/\/www.w3.org\/2000\/svg\" viewbox=\"0 0 1000 100\" preserveaspectratio=\"none\">\n\t<path class=\"elementor-shape-fill\" d=\"M500,97C126.7,96.3,0.8,19.8,0,0v100l1000,0V1C1000,19.4,873.3,97.8,500,97z\"\/>\n<\/svg>\t\t<\/div>\n\t\t\t\t\t<div class=\"elementor-container elementor-column-gap-default\">\n\t\t\t\t\t<div class=\"elementor-column elementor-col-100 elementor-top-column elementor-element elementor-element-1c184b6c\" data-id=\"1c184b6c\" data-element_type=\"column\" data-e-type=\"column\">\n\t\t\t<div class=\"elementor-widget-wrap\">\n\t\t\t\t\t\t\t<\/div>\n\t\t<\/div>\n\t\t\t\t\t<\/div>\n\t\t<\/section>\n\t\t\t\t<\/div>","protected":false},"excerpt":{"rendered":"<p>Edullisinta laskutusta ruokal\u00e4heteille Kevytyritt\u00e4jyytt\u00e4 ruokal\u00e4hettin\u00e4 RUOKAL\u00c4HETTIN\u00c4 OLET ITSESI POMO Ruokal\u00e4hettin\u00e4 tienaat rahaa kuljettamalla ruokaa ravintoloista asiakkaiden kotiovelle. Ruokal\u00e4hettin\u00e4 saat itse p\u00e4\u00e4tt\u00e4\u00e4, milloin ty\u00f6skentelet, mik\u00e4 tekee ty\u00f6st\u00e4 erityisen joustavaa. Se on t\u00e4ydellinen vaihtoehto esimerkiksi opiskelijoille, jotka haluavat tehd\u00e4 lis\u00e4tienesti\u00e4 koulut\u00f6idens\u00e4 ohessa oman aikataulunsa mukaan. Ruokal\u00e4hettin\u00e4 p\u00e4\u00e4t\u00e4t itse my\u00f6s sen, kuinka paljon &hellip;<\/p>\n<p class=\"read-more\"> <a class=\"\" href=\"https:\/\/kassavirtanen.fi\/en\/ruokalahetti\/\"> <span class=\"screen-reader-text\">Light entrepreneurship as a food courier<\/span> Read More &raquo;<\/a><\/p>","protected":false},"author":1,"featured_media":0,"parent":0,"menu_order":0,"comment_status":"closed","ping_status":"closed","template":"","meta":{"footnotes":""},"class_list":["post-2104","page","type-page","status-publish","hentry"],"yoast_head":"<!-- This site is optimized with the Yoast SEO plugin v27.3 - https:\/\/yoast.com\/product\/yoast-seo-wordpress\/ -->\n<title>Kevytyritt\u00e4jyytt\u00e4 ruokal\u00e4hettin\u00e4  Kevytyritt\u00e4jyys ruokal\u00e4heteille<\/title>\n<meta name=\"description\" content=\"Ruokal\u00e4hetti voi toimia kevytyritt\u00e4j\u00e4n\u00e4 helposti. Laskutuspalvelu hoitaa paperity\u00f6t puolestasi vain 3 % palvelumaksulla.\" \/>\n<meta name=\"robots\" content=\"index, follow, max-snippet:-1, max-image-preview:large, max-video-preview:-1\" \/>\n<link rel=\"canonical\" href=\"https:\/\/kassavirtanen.fi\/en\/ruokalahetti\/\" \/>\n<meta property=\"og:locale\" content=\"en_GB\" \/>\n<meta property=\"og:type\" content=\"article\" \/>\n<meta property=\"og:title\" content=\"Kevytyritt\u00e4jyytt\u00e4 ruokal\u00e4hettin\u00e4  Kevytyritt\u00e4jyys ruokal\u00e4heteille\" \/>\n<meta property=\"og:description\" content=\"Ruokal\u00e4hetti voi toimia kevytyritt\u00e4j\u00e4n\u00e4 helposti. Laskutuspalvelu hoitaa paperity\u00f6t puolestasi vain 3 % palvelumaksulla.\" \/>\n<meta property=\"og:url\" content=\"https:\/\/kassavirtanen.fi\/en\/ruokalahetti\/\" \/>\n<meta property=\"article:modified_time\" content=\"2025-01-09T11:39:43+00:00\" \/>\n<meta property=\"og:image\" content=\"https:\/\/kassavirtanen.fi\/wp-content\/uploads\/2019\/10\/foodcourier-768x513.jpg\" \/>\n<meta name=\"twitter:card\" content=\"summary_large_image\" \/>\n<meta name=\"twitter:label1\" content=\"Estimated reading time\" \/>\n\t<meta name=\"twitter:data1\" content=\"1 minute\" \/>\n<script type=\"application\/ld+json\" class=\"yoast-schema-graph\">{\"@context\":\"https:\\\/\\\/schema.org\",\"@graph\":[{\"@type\":\"WebPage\",\"@id\":\"https:\\\/\\\/kassavirtanen.fi\\\/ruokalahetti\\\/\",\"url\":\"https:\\\/\\\/kassavirtanen.fi\\\/ruokalahetti\\\/\",\"name\":\"Kevytyritt\u00e4jyytt\u00e4 ruokal\u00e4hettin\u00e4 Kevytyritt\u00e4jyys ruokal\u00e4heteille\",\"isPartOf\":{\"@id\":\"https:\\\/\\\/kassavirtanen.fi\\\/#website\"},\"primaryImageOfPage\":{\"@id\":\"https:\\\/\\\/kassavirtanen.fi\\\/ruokalahetti\\\/#primaryimage\"},\"image\":{\"@id\":\"https:\\\/\\\/kassavirtanen.fi\\\/ruokalahetti\\\/#primaryimage\"},\"thumbnailUrl\":\"https:\\\/\\\/kassavirtanen.fi\\\/wp-content\\\/uploads\\\/2019\\\/10\\\/foodcourier-768x513.jpg\",\"datePublished\":\"2019-10-09T09:19:04+00:00\",\"dateModified\":\"2025-01-09T11:39:43+00:00\",\"description\":\"Ruokal\u00e4hetti voi toimia kevytyritt\u00e4j\u00e4n\u00e4 helposti. Laskutuspalvelu hoitaa paperity\u00f6t puolestasi vain 3 % palvelumaksulla.\",\"breadcrumb\":{\"@id\":\"https:\\\/\\\/kassavirtanen.fi\\\/ruokalahetti\\\/#breadcrumb\"},\"inLanguage\":\"en-GB\",\"potentialAction\":[{\"@type\":\"ReadAction\",\"target\":[\"https:\\\/\\\/kassavirtanen.fi\\\/ruokalahetti\\\/\"]}]},{\"@type\":\"ImageObject\",\"inLanguage\":\"en-GB\",\"@id\":\"https:\\\/\\\/kassavirtanen.fi\\\/ruokalahetti\\\/#primaryimage\",\"url\":\"https:\\\/\\\/kassavirtanen.fi\\\/wp-content\\\/uploads\\\/2019\\\/10\\\/foodcourier-768x513.jpg\",\"contentUrl\":\"https:\\\/\\\/kassavirtanen.fi\\\/wp-content\\\/uploads\\\/2019\\\/10\\\/foodcourier-768x513.jpg\"},{\"@type\":\"BreadcrumbList\",\"@id\":\"https:\\\/\\\/kassavirtanen.fi\\\/ruokalahetti\\\/#breadcrumb\",\"itemListElement\":[{\"@type\":\"ListItem\",\"position\":1,\"name\":\"Home\",\"item\":\"https:\\\/\\\/kassavirtanen.fi\\\/\"},{\"@type\":\"ListItem\",\"position\":2,\"name\":\"Kevytyritt\u00e4jyytt\u00e4 ruokal\u00e4hettin\u00e4\"}]},{\"@type\":\"WebSite\",\"@id\":\"https:\\\/\\\/kassavirtanen.fi\\\/#website\",\"url\":\"https:\\\/\\\/kassavirtanen.fi\\\/\",\"name\":\"\",\"description\":\"laskuta ilman yrityst&auml; kassavirtanen\",\"potentialAction\":[{\"@type\":\"SearchAction\",\"target\":{\"@type\":\"EntryPoint\",\"urlTemplate\":\"https:\\\/\\\/kassavirtanen.fi\\\/?s={search_term_string}\"},\"query-input\":{\"@type\":\"PropertyValueSpecification\",\"valueRequired\":true,\"valueName\":\"search_term_string\"}}],\"inLanguage\":\"en-GB\"}]}<\/script>\n<!-- \/ Yoast SEO plugin. -->","yoast_head_json":{"title":"Kevytyritt\u00e4jyytt\u00e4 ruokal\u00e4hettin\u00e4  Kevytyritt\u00e4jyys ruokal\u00e4heteille","description":"Ruokal\u00e4hetti voi toimia kevytyritt\u00e4j\u00e4n\u00e4 helposti. Laskutuspalvelu hoitaa paperity\u00f6t puolestasi vain 3 % palvelumaksulla.","robots":{"index":"index","follow":"follow","max-snippet":"max-snippet:-1","max-image-preview":"max-image-preview:large","max-video-preview":"max-video-preview:-1"},"canonical":"https:\/\/kassavirtanen.fi\/en\/ruokalahetti\/","og_locale":"en_GB","og_type":"article","og_title":"Kevytyritt\u00e4jyytt\u00e4 ruokal\u00e4hettin\u00e4  Kevytyritt\u00e4jyys ruokal\u00e4heteille","og_description":"Ruokal\u00e4hetti voi toimia kevytyritt\u00e4j\u00e4n\u00e4 helposti. Laskutuspalvelu hoitaa paperity\u00f6t puolestasi vain 3 % palvelumaksulla.","og_url":"https:\/\/kassavirtanen.fi\/en\/ruokalahetti\/","article_modified_time":"2025-01-09T11:39:43+00:00","og_image":[{"url":"https:\/\/kassavirtanen.fi\/wp-content\/uploads\/2019\/10\/foodcourier-768x513.jpg","type":"","width":"","height":""}],"twitter_card":"summary_large_image","twitter_misc":{"Estimated reading time":"1 minute"},"schema":{"@context":"https:\/\/schema.org","@graph":[{"@type":"WebPage","@id":"https:\/\/kassavirtanen.fi\/ruokalahetti\/","url":"https:\/\/kassavirtanen.fi\/ruokalahetti\/","name":"Kevytyritt\u00e4jyytt\u00e4 ruokal\u00e4hettin\u00e4 Kevytyritt\u00e4jyys ruokal\u00e4heteille","isPartOf":{"@id":"https:\/\/kassavirtanen.fi\/#website"},"primaryImageOfPage":{"@id":"https:\/\/kassavirtanen.fi\/ruokalahetti\/#primaryimage"},"image":{"@id":"https:\/\/kassavirtanen.fi\/ruokalahetti\/#primaryimage"},"thumbnailUrl":"https:\/\/kassavirtanen.fi\/wp-content\/uploads\/2019\/10\/foodcourier-768x513.jpg","datePublished":"2019-10-09T09:19:04+00:00","dateModified":"2025-01-09T11:39:43+00:00","description":"Ruokal\u00e4hetti voi toimia kevytyritt\u00e4j\u00e4n\u00e4 helposti. Laskutuspalvelu hoitaa paperity\u00f6t puolestasi vain 3 % palvelumaksulla.","breadcrumb":{"@id":"https:\/\/kassavirtanen.fi\/ruokalahetti\/#breadcrumb"},"inLanguage":"en-GB","potentialAction":[{"@type":"ReadAction","target":["https:\/\/kassavirtanen.fi\/ruokalahetti\/"]}]},{"@type":"ImageObject","inLanguage":"en-GB","@id":"https:\/\/kassavirtanen.fi\/ruokalahetti\/#primaryimage","url":"https:\/\/kassavirtanen.fi\/wp-content\/uploads\/2019\/10\/foodcourier-768x513.jpg","contentUrl":"https:\/\/kassavirtanen.fi\/wp-content\/uploads\/2019\/10\/foodcourier-768x513.jpg"},{"@type":"BreadcrumbList","@id":"https:\/\/kassavirtanen.fi\/ruokalahetti\/#breadcrumb","itemListElement":[{"@type":"ListItem","position":1,"name":"Home","item":"https:\/\/kassavirtanen.fi\/"},{"@type":"ListItem","position":2,"name":"Kevytyritt\u00e4jyytt\u00e4 ruokal\u00e4hettin\u00e4"}]},{"@type":"WebSite","@id":"https:\/\/kassavirtanen.fi\/#website","url":"https:\/\/kassavirtanen.fi\/","name":"","description":"laskuta ilman yrityst&auml; kassavirtanen","potentialAction":[{"@type":"SearchAction","target":{"@type":"EntryPoint","urlTemplate":"https:\/\/kassavirtanen.fi\/?s={search_term_string}"},"query-input":{"@type":"PropertyValueSpecification","valueRequired":true,"valueName":"search_term_string"}}],"inLanguage":"en-GB"}]}},"_links":{"self":[{"href":"https:\/\/kassavirtanen.fi\/en\/wp-json\/wp\/v2\/pages\/2104","targetHints":{"allow":["GET"]}}],"collection":[{"href":"https:\/\/kassavirtanen.fi\/en\/wp-json\/wp\/v2\/pages"}],"about":[{"href":"https:\/\/kassavirtanen.fi\/en\/wp-json\/wp\/v2\/types\/page"}],"author":[{"embeddable":true,"href":"https:\/\/kassavirtanen.fi\/en\/wp-json\/wp\/v2\/users\/1"}],"replies":[{"embeddable":true,"href":"https:\/\/kassavirtanen.fi\/en\/wp-json\/wp\/v2\/comments?post=2104"}],"version-history":[{"count":1,"href":"https:\/\/kassavirtanen.fi\/en\/wp-json\/wp\/v2\/pages\/2104\/revisions"}],"predecessor-version":[{"id":18071,"href":"https:\/\/kassavirtanen.fi\/en\/wp-json\/wp\/v2\/pages\/2104\/revisions\/18071"}],"wp:attachment":[{"href":"https:\/\/kassavirtanen.fi\/en\/wp-json\/wp\/v2\/media?parent=2104"}],"curies":[{"name":"wp","href":"https:\/\/api.w.org\/{rel}","templated":true}]}}