{"id":18333,"date":"2026-03-20T07:23:31","date_gmt":"2026-03-20T07:23:31","guid":{"rendered":"https:\/\/kassavirtanen.fi\/?page_id=18333"},"modified":"2026-03-20T07:31:57","modified_gmt":"2026-03-20T07:31:57","slug":"tietosuojaseloste","status":"publish","type":"page","link":"https:\/\/kassavirtanen.fi\/est\/tietosuojaseloste\/","title":{"rendered":"Tietosuojaseloste\u00a0"},"content":{"rendered":"<div data-elementor-type=\"wp-page\" data-elementor-id=\"18333\" class=\"elementor elementor-18333\" data-elementor-post-type=\"page\">\n\t\t\t\t\t\t<section class=\"elementor-section elementor-top-section elementor-element elementor-element-324a5c5 elementor-section-boxed elementor-section-height-default elementor-section-height-default\" data-id=\"324a5c5\" data-element_type=\"section\" data-e-type=\"section\">\n\t\t\t\t\t\t<div class=\"elementor-container elementor-column-gap-default\">\n\t\t\t\t\t<div class=\"elementor-column elementor-col-100 elementor-top-column elementor-element elementor-element-c352a73\" data-id=\"c352a73\" data-element_type=\"column\" data-e-type=\"column\">\n\t\t\t<div class=\"elementor-widget-wrap elementor-element-populated\">\n\t\t\t\t\t\t<div class=\"elementor-element elementor-element-79fb124 elementor-widget elementor-widget-heading\" data-id=\"79fb124\" data-element_type=\"widget\" data-e-type=\"widget\" data-widget_type=\"heading.default\">\n\t\t\t\t<div class=\"elementor-widget-container\">\n\t\t\t\t\t<h2 class=\"elementor-heading-title elementor-size-default\">Tietosuojaseloste <\/h2>\t\t\t\t<\/div>\n\t\t\t\t<\/div>\n\t\t\t\t<div class=\"elementor-element elementor-element-d20547c elementor-widget elementor-widget-text-editor\" data-id=\"d20547c\" data-element_type=\"widget\" data-e-type=\"widget\" data-widget_type=\"text-editor.default\">\n\t\t\t\t<div class=\"elementor-widget-container\">\n\t\t\t\t\t\t\t\t\t<p><strong>Vastutav t\u00f6\u00f6tleja<\/strong><\/p><p>Kassavirtanen Finland Oy<\/p><p>Registrikood: 2803711-2<\/p><p>Salomonkatu 17 B<br \/>00100 Helsinki<\/p><p>asiakaspalvelu@kassavirtanen.fi<\/p><p><strong>2. Registriasjade eest vastutav isik<\/strong><\/p><p>Weckstr\u00f6m J\u00f6rgen Nils-Erik<\/p><p>asiakaspalvelu@kassavirtanen.fi<\/p><p><strong>3. Registri nimi<\/strong><\/p><p>Kassavirtanen kliendi- ja kasutajaregister<\/p><p><strong>4. Registreeritud isikud<\/strong><\/p><p>\u2013 Ettev\u00f5tete omanikud ja t\u00f6\u00f6tajad, kes kasutavad Kassavirtanen tarkvara<br \/>\u2013 Veebisaidi k\u00fclastajad<br \/>\u2013 Uudiskirjade ja turunduss\u00f5numite saajad<br \/>\u2013 Partnerid ja teenusepakkujad<\/p><p><strong>5. Isikuandmete t\u00f6\u00f6tlemise eesm\u00e4rk<\/strong><\/p><p>Isikuandmeid kasutatakse:<\/p><p>\u2013 Tarkvarateenuste pakkumiseks ja kliendikontode haldamiseks<br \/>\u2013 Klienditeeninduseks ja suhtluseks<br \/>\u2013 Arveldamiseks ja lepingute haldamiseks<br \/>\u2013 Turunduss\u00f5numiteks ja uudiskirjadeks (n\u00f5usolekul)<br \/>\u2013 Veebisaidi anal\u00fc\u00fctikaks ja teenuse arendamiseks<\/p><p>T\u00f6\u00f6tlemine p\u00f5hineb:<\/p><p>\u2013 Lepingu- ja kliendisuhetele<br \/>\u2013 Seadusest tulenevatele kohustustele (nt raamatupidamise seadus)<br \/>\u2013 Andmesubjekti n\u00f5usolek (nt turundus)<\/p><p><strong>6. Registri andmesisu<\/strong><\/p><p>Andmed, mida v\u00f5ib registrisse salvestada, v\u00f5ivad olla:<\/p><p>\u2013 Kontaktandmed: nimi, e-post, telefoninumber, ettev\u00f5te, ametinimetus<br \/>\u2013 Sisselogimisandmed (e-post, parooli r\u00e4si)<br \/>\u2013 Arveldusandmed: arved, maksed ja lepingud<br \/>\u2013 Suhtlusandmed: tugitaotlused, kliendisuhtlus ja kasutuslogid<br \/>\u2013 Anal\u00fc\u00fctikaandmed: IP-aadress, brauser, seade ja veebisaidi k\u00e4itumine<\/p><p>Andmeid v\u00f5ib paluda parandada v\u00f5i kustutada, kui seadus ei n\u00f5ua teisiti.<\/p><p><strong>7. Andmete regulaarne edastamine<\/strong><\/p><p>Andmeid v\u00f5ib edastada:<\/p><p>\u2013 Ametiasutustele (nt Maksuamet)<br \/>\u2013 IT- ja hostingu teenusepakkujatele<br \/>\u2013 Maksete ja raamatupidamisteenuste pakkujatele<br \/>\u2013 E-posti ja anal\u00fc\u00fctika platvormidele (nt uudiskirja- ja anal\u00fc\u00fctikat\u00f6\u00f6riistad)<\/p><p>Andmeid ei m\u00fc\u00fcda ega edastata kolmandatele isikutele turunduslikel eesm\u00e4rkidel ilma andmesubjekti n\u00f5usolekuta.<\/p><p><strong>8. Andmete edastamine v\u00e4ljaspool EL-i<\/strong><\/p><p>Andmeid hoitakse eelk\u00f5ige EL\/EEA piirkonnas.<\/p><p>Kui andmeid edastatakse v\u00e4ljaspool EL\/EEA piirkonda, kasutatakse EL-i kinnitatud kaitsemeetmeid, n\u00e4iteks standardlepingulisi klausleid.<\/p><p><strong>9. Registri kaitse p\u00f5him\u00f5tted<\/strong><\/p><p>Andmeturvalisus tagatakse:<\/p><p>\u2013 Tulem\u00fc\u00fcride ja kr\u00fcpteerimisega<br \/>\u2013 Turvalise autentimisega<br \/>\u2013 Kasutus\u00f5iguste haldamisega (ainult volitatud t\u00f6\u00f6tajad p\u00e4\u00e4sevad andmetele ligi)<br \/>\u2013 Regulaarsete s\u00fcsteemiv\u00e4rskenduste ja turvaaudititega<\/p><p><strong>10. Andmete s\u00e4ilitamine ja kustutamine<\/strong><\/p><p>\u2013 Raamatupidamisandmed: 6 aastat (raamatupidamise seadus)<br \/>\u2013 Kliendiandmed: 2 aastat p\u00e4rast kliendisuhte l\u00f5ppemist<br \/>\u2013 Anal\u00fc\u00fctikaandmed: vastavalt k\u00fcpsise- ja t\u00f6\u00f6riistap\u00f5histele s\u00e4ilitust\u00e4htajatele<\/p><p>Andmed kustutatakse v\u00f5i anon\u00fcmiseeritakse, kui neid enam t\u00f6\u00f6tlemise eesm\u00e4rgil vaja ei ole.<\/p><p><strong>11. Andmesubjekti \u00f5igused<\/strong><\/p><p>Andmesubjektil on \u00f5igus:<\/p><p>\u2013 Saada teavet oma isikuandmete t\u00f6\u00f6tlemise kohta<br \/>\u2013 Kontrollida ja parandada oma andmeid<br \/>\u2013 Paluda andmete kustutamist, kui t\u00f6\u00f6tlemiseks ei ole alust<br \/>\u2013 P\u00f5hjustada v\u00f5i piirata andmete t\u00f6\u00f6tlemist<br \/>\u2013 T\u00fchistada n\u00f5usolek (nt turunduss\u00f5numid)<br \/>\u2013 Esitada kaebus andmekaitseasutusele<\/p><p>Andmep\u00e4ringud t\u00f6\u00f6deldakse 30 p\u00e4eva jooksul.<\/p>\t\t\t\t\t\t\t\t<\/div>\n\t\t\t\t<\/div>\n\t\t\t\t\t<\/div>\n\t\t<\/div>\n\t\t\t\t\t<\/div>\n\t\t<\/section>\n\t\t\t\t<\/div>","protected":false},"excerpt":{"rendered":"<p>Tietosuojaseloste 1. Rekisterinpit\u00e4j\u00e4 Kassavirtanen Finland Oy Y-tunnus: 2803711-2 Salomonkatu 17 B00100 Helsinki asiakaspalvelu@kassavirtanen.fi 2. Rekisteriasioista vastaava henkil\u00f6 Weckstr\u00f6m J\u00f6rgen Nils-Erik asiakaspalvelu@kassavirtanen.fi 3. Rekisterin nimi Kassavirtanen asiakas- ja k\u00e4ytt\u00e4j\u00e4rekisteri 4. Rekister\u00f6idyt henkil\u00f6t \u2013 Kassavirtanen-ohjelmistoa k\u00e4ytt\u00e4v\u00e4t yritysten omistajat ja ty\u00f6ntekij\u00e4t\u2013 Verkkosivuston k\u00e4vij\u00e4t\u2013 Uutiskirjeiden ja markkinointiviestien vastaanottajat\u2013 Kumppanit ja palveluntarjoajat 5. Henkil\u00f6tietojen k\u00e4sittelyn &hellip;<\/p>\n<p class=\"read-more\"> <a class=\"\" href=\"https:\/\/kassavirtanen.fi\/est\/tietosuojaseloste\/\"> <span class=\"screen-reader-text\">Tietosuojaseloste\u00a0<\/span> Read More &raquo;<\/a><\/p>","protected":false},"author":1,"featured_media":0,"parent":0,"menu_order":0,"comment_status":"closed","ping_status":"closed","template":"","meta":{"footnotes":""},"class_list":["post-18333","page","type-page","status-publish","hentry"],"yoast_head":"<!-- This site is optimized with the Yoast SEO plugin v27.3 - https:\/\/yoast.com\/product\/yoast-seo-wordpress\/ -->\n<title>Tietosuojaseloste\u00a0 -<\/title>\n<meta name=\"robots\" content=\"index, follow, max-snippet:-1, max-image-preview:large, max-video-preview:-1\" \/>\n<link rel=\"canonical\" href=\"https:\/\/kassavirtanen.fi\/est\/tietosuojaseloste\/\" \/>\n<meta property=\"og:locale\" content=\"et_EE\" \/>\n<meta property=\"og:type\" content=\"article\" \/>\n<meta property=\"og:title\" content=\"Tietosuojaseloste\u00a0 -\" \/>\n<meta property=\"og:description\" content=\"Tietosuojaseloste 1. Rekisterinpit\u00e4j\u00e4 Kassavirtanen Finland Oy Y-tunnus: 2803711-2 Salomonkatu 17 B00100 Helsinki asiakaspalvelu@kassavirtanen.fi 2. Rekisteriasioista vastaava henkil\u00f6 Weckstr\u00f6m J\u00f6rgen Nils-Erik asiakaspalvelu@kassavirtanen.fi 3. Rekisterin nimi Kassavirtanen asiakas- ja k\u00e4ytt\u00e4j\u00e4rekisteri 4. Rekister\u00f6idyt henkil\u00f6t \u2013 Kassavirtanen-ohjelmistoa k\u00e4ytt\u00e4v\u00e4t yritysten omistajat ja ty\u00f6ntekij\u00e4t\u2013 Verkkosivuston k\u00e4vij\u00e4t\u2013 Uutiskirjeiden ja markkinointiviestien vastaanottajat\u2013 Kumppanit ja palveluntarjoajat 5. Henkil\u00f6tietojen k\u00e4sittelyn &hellip; Tietosuojaseloste\u00a0 Read More &raquo;\" \/>\n<meta property=\"og:url\" content=\"https:\/\/kassavirtanen.fi\/est\/tietosuojaseloste\/\" \/>\n<meta property=\"article:modified_time\" content=\"2026-03-20T07:31:57+00:00\" \/>\n<meta name=\"twitter:card\" content=\"summary_large_image\" \/>\n<meta name=\"twitter:label1\" content=\"Est. reading time\" \/>\n\t<meta name=\"twitter:data1\" content=\"2 minutit\" \/>\n<script type=\"application\/ld+json\" class=\"yoast-schema-graph\">{\"@context\":\"https:\\\/\\\/schema.org\",\"@graph\":[{\"@type\":\"WebPage\",\"@id\":\"https:\\\/\\\/kassavirtanen.fi\\\/tietosuojaseloste\\\/\",\"url\":\"https:\\\/\\\/kassavirtanen.fi\\\/tietosuojaseloste\\\/\",\"name\":\"Tietosuojaseloste\u00a0 -\",\"isPartOf\":{\"@id\":\"https:\\\/\\\/kassavirtanen.fi\\\/#website\"},\"datePublished\":\"2026-03-20T07:23:31+00:00\",\"dateModified\":\"2026-03-20T07:31:57+00:00\",\"breadcrumb\":{\"@id\":\"https:\\\/\\\/kassavirtanen.fi\\\/tietosuojaseloste\\\/#breadcrumb\"},\"inLanguage\":\"et\",\"potentialAction\":[{\"@type\":\"ReadAction\",\"target\":[\"https:\\\/\\\/kassavirtanen.fi\\\/tietosuojaseloste\\\/\"]}]},{\"@type\":\"BreadcrumbList\",\"@id\":\"https:\\\/\\\/kassavirtanen.fi\\\/tietosuojaseloste\\\/#breadcrumb\",\"itemListElement\":[{\"@type\":\"ListItem\",\"position\":1,\"name\":\"Home\",\"item\":\"https:\\\/\\\/kassavirtanen.fi\\\/\"},{\"@type\":\"ListItem\",\"position\":2,\"name\":\"Tietosuojaseloste\u00a0\"}]},{\"@type\":\"WebSite\",\"@id\":\"https:\\\/\\\/kassavirtanen.fi\\\/#website\",\"url\":\"https:\\\/\\\/kassavirtanen.fi\\\/\",\"name\":\"\",\"description\":\"laskuta ilman yrityst&auml; kassavirtanen\",\"potentialAction\":[{\"@type\":\"SearchAction\",\"target\":{\"@type\":\"EntryPoint\",\"urlTemplate\":\"https:\\\/\\\/kassavirtanen.fi\\\/?s={search_term_string}\"},\"query-input\":{\"@type\":\"PropertyValueSpecification\",\"valueRequired\":true,\"valueName\":\"search_term_string\"}}],\"inLanguage\":\"et\"}]}<\/script>\n<!-- \/ Yoast SEO plugin. -->","yoast_head_json":{"title":"Tietosuojaseloste\u00a0 -","robots":{"index":"index","follow":"follow","max-snippet":"max-snippet:-1","max-image-preview":"max-image-preview:large","max-video-preview":"max-video-preview:-1"},"canonical":"https:\/\/kassavirtanen.fi\/est\/tietosuojaseloste\/","og_locale":"et_EE","og_type":"article","og_title":"Tietosuojaseloste\u00a0 -","og_description":"Tietosuojaseloste 1. Rekisterinpit\u00e4j\u00e4 Kassavirtanen Finland Oy Y-tunnus: 2803711-2 Salomonkatu 17 B00100 Helsinki asiakaspalvelu@kassavirtanen.fi 2. Rekisteriasioista vastaava henkil\u00f6 Weckstr\u00f6m J\u00f6rgen Nils-Erik asiakaspalvelu@kassavirtanen.fi 3. Rekisterin nimi Kassavirtanen asiakas- ja k\u00e4ytt\u00e4j\u00e4rekisteri 4. Rekister\u00f6idyt henkil\u00f6t \u2013 Kassavirtanen-ohjelmistoa k\u00e4ytt\u00e4v\u00e4t yritysten omistajat ja ty\u00f6ntekij\u00e4t\u2013 Verkkosivuston k\u00e4vij\u00e4t\u2013 Uutiskirjeiden ja markkinointiviestien vastaanottajat\u2013 Kumppanit ja palveluntarjoajat 5. Henkil\u00f6tietojen k\u00e4sittelyn &hellip; Tietosuojaseloste\u00a0 Read More &raquo;","og_url":"https:\/\/kassavirtanen.fi\/est\/tietosuojaseloste\/","article_modified_time":"2026-03-20T07:31:57+00:00","twitter_card":"summary_large_image","twitter_misc":{"Est. reading time":"2 minutit"},"schema":{"@context":"https:\/\/schema.org","@graph":[{"@type":"WebPage","@id":"https:\/\/kassavirtanen.fi\/tietosuojaseloste\/","url":"https:\/\/kassavirtanen.fi\/tietosuojaseloste\/","name":"Tietosuojaseloste\u00a0 -","isPartOf":{"@id":"https:\/\/kassavirtanen.fi\/#website"},"datePublished":"2026-03-20T07:23:31+00:00","dateModified":"2026-03-20T07:31:57+00:00","breadcrumb":{"@id":"https:\/\/kassavirtanen.fi\/tietosuojaseloste\/#breadcrumb"},"inLanguage":"et","potentialAction":[{"@type":"ReadAction","target":["https:\/\/kassavirtanen.fi\/tietosuojaseloste\/"]}]},{"@type":"BreadcrumbList","@id":"https:\/\/kassavirtanen.fi\/tietosuojaseloste\/#breadcrumb","itemListElement":[{"@type":"ListItem","position":1,"name":"Home","item":"https:\/\/kassavirtanen.fi\/"},{"@type":"ListItem","position":2,"name":"Tietosuojaseloste\u00a0"}]},{"@type":"WebSite","@id":"https:\/\/kassavirtanen.fi\/#website","url":"https:\/\/kassavirtanen.fi\/","name":"","description":"laskuta ilman yrityst&auml; kassavirtanen","potentialAction":[{"@type":"SearchAction","target":{"@type":"EntryPoint","urlTemplate":"https:\/\/kassavirtanen.fi\/?s={search_term_string}"},"query-input":{"@type":"PropertyValueSpecification","valueRequired":true,"valueName":"search_term_string"}}],"inLanguage":"et"}]}},"_links":{"self":[{"href":"https:\/\/kassavirtanen.fi\/est\/wp-json\/wp\/v2\/pages\/18333","targetHints":{"allow":["GET"]}}],"collection":[{"href":"https:\/\/kassavirtanen.fi\/est\/wp-json\/wp\/v2\/pages"}],"about":[{"href":"https:\/\/kassavirtanen.fi\/est\/wp-json\/wp\/v2\/types\/page"}],"author":[{"embeddable":true,"href":"https:\/\/kassavirtanen.fi\/est\/wp-json\/wp\/v2\/users\/1"}],"replies":[{"embeddable":true,"href":"https:\/\/kassavirtanen.fi\/est\/wp-json\/wp\/v2\/comments?post=18333"}],"version-history":[{"count":12,"href":"https:\/\/kassavirtanen.fi\/est\/wp-json\/wp\/v2\/pages\/18333\/revisions"}],"predecessor-version":[{"id":18353,"href":"https:\/\/kassavirtanen.fi\/est\/wp-json\/wp\/v2\/pages\/18333\/revisions\/18353"}],"wp:attachment":[{"href":"https:\/\/kassavirtanen.fi\/est\/wp-json\/wp\/v2\/media?parent=18333"}],"curies":[{"name":"wp","href":"https:\/\/api.w.org\/{rel}","templated":true}]}}