{"id":18334,"date":"2026-03-20T07:30:09","date_gmt":"2026-03-20T07:30:09","guid":{"rendered":"https:\/\/kassavirtanen.fi\/?page_id=18334"},"modified":"2026-03-26T07:13:37","modified_gmt":"2026-03-26T07:13:37","slug":"kayttoehdot","status":"publish","type":"page","link":"https:\/\/kassavirtanen.fi\/est\/kayttoehdot\/","title":{"rendered":"Kasutustingimused\u00a0"},"content":{"rendered":"<div data-elementor-type=\"wp-page\" data-elementor-id=\"18334\" class=\"elementor elementor-18334\" data-elementor-post-type=\"page\">\n\t\t\t\t\t\t<section class=\"elementor-section elementor-top-section elementor-element elementor-element-0a4267d elementor-section-boxed elementor-section-height-default elementor-section-height-default\" data-id=\"0a4267d\" data-element_type=\"section\" data-e-type=\"section\">\n\t\t\t\t\t\t<div class=\"elementor-container elementor-column-gap-default\">\n\t\t\t\t\t<div class=\"elementor-column elementor-col-100 elementor-top-column elementor-element elementor-element-6cfd5cc\" data-id=\"6cfd5cc\" data-element_type=\"column\" data-e-type=\"column\">\n\t\t\t<div class=\"elementor-widget-wrap elementor-element-populated\">\n\t\t\t\t\t\t<div class=\"elementor-element elementor-element-40c055b elementor-widget elementor-widget-heading\" data-id=\"40c055b\" data-element_type=\"widget\" data-e-type=\"widget\" data-widget_type=\"heading.default\">\n\t\t\t\t<div class=\"elementor-widget-container\">\n\t\t\t\t\t<h2 class=\"elementor-heading-title elementor-size-default\">Kasutustingimused <\/h2>\t\t\t\t<\/div>\n\t\t\t\t<\/div>\n\t\t\t\t<div class=\"elementor-element elementor-element-b2ca754 elementor-widget elementor-widget-text-editor\" data-id=\"b2ca754\" data-element_type=\"widget\" data-e-type=\"widget\" data-widget_type=\"text-editor.default\">\n\t\t\t\t<div class=\"elementor-widget-container\">\n\t\t\t\t\t\t\t\t\t<p><strong>1.<\/strong> Kassavirtanen.fi-teenust osutab Kassavirtanen Oy (\u00e4rinimi: 2803711-2, IP-aadress: kassavirtanen.fi). Nendes tingimustes viitab \u201cKassavirtanen\u201d, \u201cmeie\u201d v\u00f5i \u201cmeile\u201d Kassavirtanen Oy-le v\u00f5i Kassavirtanen Oy poolt registreeritud lisanimele. Teenuse kasutaja on t\u00f6\u00f6v\u00f5tja, kes t\u00f6\u00f6tab kliendi heaks ja lepib t\u00f6\u00f6\u00fclesannete ja hinnakujunduse tingimustes s\u00f5ltumatult kokku.<\/p><p><strong>2.<\/strong> Kassavirtanen ei turusta ega m\u00fc\u00fc teenuse kasutajate t\u00f6\u00f6d. Kassavirtaneni ja teenuse kasutaja vahel tuleb eraldi kokku leppida m\u00fc\u00fcgi edendamise ja turunduse meetmetes.<\/p><p><strong>3.<\/strong> 3. Teenuse kasutuselev\u00f5tt eeldab kasutaja loomist kassavirtanen.fi lehel. Kasutaja loomine on tasuta ja ei seo kasutajat millegagi. Kassavirtanen teavitab kasutajakonto toimimisest eraldi meiliga: \"T\u00e4name registreerimise eest. N\u00fc\u00fcd saate teenusesse sisse logida\".<\/p><p><strong>4.<\/strong> Kassavirtanen ei vastuta mingil moel oma kasutajate vastutuse v\u00f5i kohustuste eest nende t\u00f6\u00f6s. Selles kontekstis h\u00f5lmavad vastutus ja kohustused vigu, viivitusi v\u00f5i puudusi, mis ilmnevad kasutaja t\u00f6\u00f6 k\u00e4igus v\u00f5i p\u00e4rast seda. Teenuse kasutaja peab kokku leppima t\u00f6\u00f6de teostamises iseseisvalt kliendiga. Kui teenuse kasutaja keeldub, ei suuda v\u00f5i muul viisil ei saa oma p\u00f5hjustatud viga parandada, on Kassavirtanenil \u00f5igus parandada vigane t\u00f6\u00f6 tulemus ja n\u00f5uda teenuse kasutajalt kulud tagasi. Teenuse kasutaja peab tagama, et peamised ja kolmandad isikud on t\u00e4ielikult teadlikud meie seisukohtadest ja kohustuste jaotusest osapoolte vahel.<\/p><p><strong>5.<\/strong> Teenuse kasutaja on kindlustatud seadusega etten\u00e4htud kindlustusega. Kassavirtanenil on vastutus js \u00f5nnetusjuhtumikindlustus kuni 1 000 000 eurot, mis vastavalt kindlustuse tingimustele ja selle piires h\u00fcvitab p\u00f5hitegijale v\u00f5i kolmandatele isikutele ja materiaalsele varale t\u00f6\u00f6 k\u00e4igus tekitatud kahju. Teenuse kasutaja vastutab kindlustush\u00fcvitise omavastutuse osa maksmise eest. Kindlustus ei kata ebaprofessionaalse t\u00f6\u00f6 tekitatud kahju. Kui sektor, kus teenusekasutaja tegutseb, on ametiv\u00f5imude j\u00e4relevalve all, esitatakse Kassavirtanenile piisav ja korrektne sertifikaat ning teenuse kasutaja kutseoskuse dokumentatsioon.<\/p><p><strong>6.<\/strong> Kassavirtanen tagab teenuse kasutajate privaatsuse vastavalt \"Tietosuojalain (2018\/1050)\" ja \"S\u00e4hk\u00f6isen viestinn\u00e4n tietosuojalain (516\/2004)\". Teenuse kasutajal ei ole Kassavirtaneni nimel \u00f5igust arvet, krediiti, osamakseid v\u00f5i allt\u00f6\u00f6v\u00f5tulepinguid teha. Teenuse kasutaja lepingud tuleb s\u00f5lmida selles t\u00e4henduses, et Kassavirtanen on haldusettev\u00f5te ja teenuse kasutaja vastutab oma lepinguliste kohustuste eest. Haldusettev\u00f5tte \u00e4rinime ei tohi kasutada mitte-k\u00e4ibemaksukohustuslike ostude puhul ELis v\u00f5i v\u00e4ljaspool seda.<\/p><p><strong>7.<\/strong> Maksmisega seoses v\u00f5etakse tasumisel m\u00e4rgitud teenustasu. Teenustasu on progresseeruv ja s\u00f5ltub teenuse kasutaja koguarvest. Teenustasu on protsent ja arvutatakse arve k\u00e4ibemaksuvabast hinnast. Teenustasul eraldi miinimumhinda ei ole.<\/p><p>Quick Pay teenustasu on 2,5% (+ k\u00e4ibemaks 25,5%), mis lisandub tavap\u00e4rasele teenustasule. Quick Pay on arvep\u00f5hine ning selle kasutamiseks tuleb arve koostamisel valida eraldi Quick Pay valik. Quick Pay s\u00f5ltub arve \u00f5igsuse kinnitamisest. Quick Pay kasutaja saab oma tasu pangakontole tavaliselt samal p\u00e4eval (olenevalt pankadevahelistest \u00fchendustest), kui arve on tellija poolt kinnitatud, mis t\u00e4hendab, et arve on kontrollitav, vaidlustamata, l\u00f5plik ning arve saajal puuduvad makseh\u00e4ired. Kui kasutaja ei ole esitanud arve kohta kirjalikku kinnitust, kontrollitakse Quick Pay \u00f5igsust otse tellijalt. Arve kogusumma v\u00f5ib olla maksimaalselt 4000 eurot. Quick Pay eelduseks on, et tellija poolt tellitud t\u00f6\u00f6 on l\u00f5petatud.<\/p><p><strong>8.<\/strong> Teenuse kasutaja peab esitama Kassavirtanenile palga maksmiseks maksukaardi. Maksekaart tuleb esitada enne esimest makset. Kliendiga lepingu allkirjastamine on v\u00f5imalik enne maksukaardi esitamist. Kui maksukaarti ei tarnita enne esimest palka, siis kasutame maksu kinnipidamist 60%.<\/p><p><strong>9.<\/strong> Kassavirtanen tasub teenuse kasutajale p\u00f5hiosa makse laekumisel Kassavirtaneni pangakontole v\u00f5i eraldi kokkuleppel. Palka makstakse v\u00e4lja, kui Kassavirtanenile on n\u00f5uetekohaselt esitatud kogu vajalik teave (kviitungid, reisikulud, infoandmed jne).<\/p><p>Teenuse kasutaja t\u00f6\u00f6tasu m\u00e4\u00e4ratakse arve k\u00e4ibemaksuvaba summa alusel. Arvel olevast k\u00e4ibemaksuvabast summast arvatakse maha teenustasu, kohustuslikud t\u00f6\u00f6andja kulud ja teenuse kasutaja isiklik omavastutus. K\u00e4sundi alusel makstavad t\u00f6\u00f6tasud ja kulud on nii kokkuleppelised kui ka \u00fchekordsed, sh puhkuseh\u00fcvitis.<\/p><p>Lisaks palgamaksmisele on kasutajale tagatud elektrooniline palgat\u00e4psustus. Samuti on kasutajal \u00f5igus n\u00f5udmisel saada palgat\u00f5end. Lisaks ei pea teenuse kasutaja tegema eraldi deklaratsioone ega eraldi v\u00e4ljamakseid teistele osapooltele.<\/p><p><strong>10.<\/strong> Teenuse kasutaja on kohustatud j\u00e4rgima ohutusn\u00f5udeid. T\u00f6\u00f6ga seotud maksuvabad toetused ja p\u00e4evarahad h\u00fcvitatakse vastavate kviitungite vastu. Kulusid saab tasuda pendelr\u00e4nde, (v.a. s\u00f5it kodu ja t\u00f6\u00f6 vahel) oma auto kasutamise ja t\u00f6\u00f6ga seotud materjalikulude eest.<\/p><p>Teenuse kasutaja on kohustatud j\u00e4rgima ohutusn\u00f5udeid. T\u00f6\u00f6ga seotud maksuvabastused ja p\u00e4evarahad h\u00fcvitatakse asjakohaste tulude alusel. Kulusid v\u00f5ib maksta oma auto ja t\u00f6\u00f6ga seotud materjalikulude eest (va kodu ja t\u00f6\u00f6 vahelised reisid). \nTeenuse kasutaja ei saa Kassavirtaneni kaudu p\u00f5hivara ostu maha arvata, vastasel juhul kantakse meile \u00fcle raamatupidamisomand. Eespool nimetatud ostud tuleb maha arvata teenuse kasutaja isiklikust maksustamise k\u00e4igus. Teenuse kasutaja vastutab ka selle eest, et teatatud maksuvaba kulutused ja muud kulud oleksid \u00f5iged ja mitte rohkem kui kaks kuud vanad (kulude kviitungid tuleb esitada originaalina hiljemalt makse sooritamisel). Kassavirtanen j\u00e4tab endale \u00f5iguse mitte aktsepteerida kulutaotlusi.<\/p><p><strong>11.<\/strong> Teenuse kasutaja on kohustatud kliendiga kokku leppima t\u00f6\u00f6 ja hindade osas. Kassavirtanen soovitab kirjaliku t\u00f6\u00f6lepingu s\u00f5lmimist, mis n\u00e4itab v\u00e4hemalt t\u00f6\u00f6 minimaalset sisu. Kasutaja peab kindlaks m\u00e4\u00e4rama oma t\u00f6\u00f6 kogumaksumuse nii, et brutopalk ei oleks madalam t\u00f6\u00f6stusharus kehtivast t\u00f6\u00f6lepingust. T\u00f6\u00f6tasu ei tohi olla madalam kui t\u00f6\u00f6stusharu miinimumpalga eeskirjad, sealhulgas maksuvabade h\u00fcvitiste maksmine. Kassavirtanen j\u00e4tab endale \u00f5iguse mitte maksta, kui on kahtlus \u00fclaltoodud reeglite rikkumise korral.<\/p><p><strong>12.<\/strong> Lisaks:<br \/>Teenuse kasutaja peab j\u00e4rgima Soomes kehtivaid \u00f5igusakte.<\/p><p>Teenuse kasutaja peab j\u00e4rgima t\u00f6\u00f6ohutuse eeskirju ning tal on kohustus tutvuda tuleva t\u00f6\u00f6 ohtude ja kahjulike tegurite ning nendega seotud t\u00f6\u00f6ohutusmeetmetega enne t\u00f6\u00f6 alustamist. Teenuse kasutaja peab tagama, et tal on t\u00f6\u00f6 tegemiseks vajalikud \u00f5iged ja ajakohased kaitsevahendid. Teenuse kasutaja vastutab ka nende vahendite kasutamise eest.<\/p><p>Kui ametiasutused j\u00e4relevalvet teostavad, peab teenuse kasutaja t\u00f5endama oma p\u00e4devust asjakohaste dokumentidega. Kui t\u00f6\u00f6sooritus n\u00f5uab eraldi lube, on teenuse kasutaja vastutav selle eest, et tal on \u00f5igeaegsed ja asjakohased load t\u00f6\u00f6 teostamiseks. Lubadega t\u00f6\u00f6d tuleb eelnevalt koosk\u00f5lastada haldusettev\u00f5ttega. Kui neid tingimusi rikutakse, ei ole teenuse kasutajal \u00f5igust saada h\u00fcvitist Kassavirtanen Oy kehtiva vastutuskindlustuse kaudu.<\/p><p>Teenuse kasutaja vastutab isiklikult kogu tema esitatud teabe \u00f5igsuse eest. See kehtib muu hulgas arvelduse vormis esitatava teabe ja maksuvabade kulude ja muude kulude deklaratsiooni kohta. Kassavirtanen ei taga mingil juhul t\u00f6\u00f6v\u00f5tja tehtud t\u00f6\u00f6d ega vastuta kahjude eest, mis tulenevad \"Tuotevastuulain (649\/1990)\". Nii maksustamise kui ka raamatupidamise seisukohast on kergettev\u00f5tja identifitseeritud Kassavirtanen Oy t\u00f6\u00f6tajaks. Teistes aspektides, n\u00e4iteks t\u00f6\u00f6\u00f5iguses, v\u00f5ib t\u00f6\u00f6taja \u00f5iguslik seisund erineda. T\u00f6\u00f6tush\u00fcvitiste puhul v\u00f5ib kerget ettev\u00f5tjat liigitada ettev\u00f5tjaks. Pensionikindlustuse eest vastutab t\u00f6\u00f6taja YEL-kindlustuse \u00fclev\u00f5tmise eest. Teenuse kasutaja vastutab YEL-kindlustuse s\u00f5lmimise eest, kuni see on seaduses ja m\u00e4\u00e4ruses n\u00f5utud. Kassavirtanenil on \u00f5igus v\u00f5tta YEL-kindlustus teenuse kasutaja eest ilma kasutaja loata. Kassavirtanen v\u00f5imaldab kasutajal teenuse kaudu YEL-kindlustust s\u00f5lmida. Kui kasutaja kasutab YEL-i kindlustust meie arveldusteenuse kaudu, annab ta meile loa hoolitseda ja hallata nende YEL-kindlustust.<\/p>\t\t\t\t\t\t\t\t<\/div>\n\t\t\t\t<\/div>\n\t\t\t\t\t<\/div>\n\t\t<\/div>\n\t\t\t\t\t<\/div>\n\t\t<\/section>\n\t\t\t\t<\/div>","protected":false},"excerpt":{"rendered":"<p>K\u00e4ytt\u00f6ehdot 1. Kassavirtanen.fi- palvelun tuottaa Kassavirtanen Oy (y-tunnus 2803711-2, IP-osoite: www.kassavirtanen.fi). Hallintoyrityksell\u00e4 tarkoitetaan Kassavirtanen Oy:t\u00e4 tai Kassavirtanen Oy:n rekister\u00f6im\u00e4\u00e4 aputoiminime\u00e4. Palvelun k\u00e4ytt\u00e4j\u00e4ll\u00e4 tarkoitetaan ty\u00f6n suorittajaa, joka sopii itsen\u00e4isesti toimeksiantajansa kanssa ty\u00f6teht\u00e4vist\u00e4 sek\u00e4 hinnoittelusta. 2. Hallintoyritys ei p\u00e4\u00e4s\u00e4\u00e4nt\u00f6isesti markkinoi tai myy palvelun k\u00e4ytt\u00e4jien ty\u00f6suorituksia. Myynninedist\u00e4misen toimenpiteist\u00e4 sek\u00e4 kattomarkkinoinnista on sovittava erikseen &hellip;<\/p>\n<p class=\"read-more\"> <a class=\"\" href=\"https:\/\/kassavirtanen.fi\/est\/kayttoehdot\/\"> <span class=\"screen-reader-text\">Kasutustingimused\u00a0<\/span> Read More &raquo;<\/a><\/p>","protected":false},"author":1,"featured_media":0,"parent":0,"menu_order":0,"comment_status":"closed","ping_status":"closed","template":"","meta":{"footnotes":""},"class_list":["post-18334","page","type-page","status-publish","hentry"],"yoast_head":"<!-- This site is optimized with the Yoast SEO plugin v27.3 - https:\/\/yoast.com\/product\/yoast-seo-wordpress\/ -->\n<title>K\u00e4ytt\u00f6ehdot\u00a0 -<\/title>\n<meta name=\"robots\" content=\"index, follow, max-snippet:-1, max-image-preview:large, max-video-preview:-1\" \/>\n<link rel=\"canonical\" href=\"https:\/\/kassavirtanen.fi\/est\/kayttoehdot\/\" \/>\n<meta property=\"og:locale\" content=\"et_EE\" \/>\n<meta property=\"og:type\" content=\"article\" \/>\n<meta property=\"og:title\" content=\"K\u00e4ytt\u00f6ehdot\u00a0 -\" \/>\n<meta property=\"og:description\" content=\"K\u00e4ytt\u00f6ehdot 1. Kassavirtanen.fi- palvelun tuottaa Kassavirtanen Oy (y-tunnus 2803711-2, IP-osoite: www.kassavirtanen.fi). Hallintoyrityksell\u00e4 tarkoitetaan Kassavirtanen Oy:t\u00e4 tai Kassavirtanen Oy:n rekister\u00f6im\u00e4\u00e4 aputoiminime\u00e4. Palvelun k\u00e4ytt\u00e4j\u00e4ll\u00e4 tarkoitetaan ty\u00f6n suorittajaa, joka sopii itsen\u00e4isesti toimeksiantajansa kanssa ty\u00f6teht\u00e4vist\u00e4 sek\u00e4 hinnoittelusta. 2. Hallintoyritys ei p\u00e4\u00e4s\u00e4\u00e4nt\u00f6isesti markkinoi tai myy palvelun k\u00e4ytt\u00e4jien ty\u00f6suorituksia. Myynninedist\u00e4misen toimenpiteist\u00e4 sek\u00e4 kattomarkkinoinnista on sovittava erikseen &hellip; K\u00e4ytt\u00f6ehdot\u00a0 Read More &raquo;\" \/>\n<meta property=\"og:url\" content=\"https:\/\/kassavirtanen.fi\/est\/kayttoehdot\/\" \/>\n<meta property=\"article:modified_time\" content=\"2026-03-26T07:13:37+00:00\" \/>\n<meta name=\"twitter:card\" content=\"summary_large_image\" \/>\n<meta name=\"twitter:label1\" content=\"Est. reading time\" \/>\n\t<meta name=\"twitter:data1\" content=\"5 minutit\" \/>\n<script type=\"application\/ld+json\" class=\"yoast-schema-graph\">{\"@context\":\"https:\\\/\\\/schema.org\",\"@graph\":[{\"@type\":\"WebPage\",\"@id\":\"https:\\\/\\\/kassavirtanen.fi\\\/kayttoehdot\\\/\",\"url\":\"https:\\\/\\\/kassavirtanen.fi\\\/kayttoehdot\\\/\",\"name\":\"K\u00e4ytt\u00f6ehdot\u00a0 -\",\"isPartOf\":{\"@id\":\"https:\\\/\\\/kassavirtanen.fi\\\/#website\"},\"datePublished\":\"2026-03-20T07:30:09+00:00\",\"dateModified\":\"2026-03-26T07:13:37+00:00\",\"breadcrumb\":{\"@id\":\"https:\\\/\\\/kassavirtanen.fi\\\/kayttoehdot\\\/#breadcrumb\"},\"inLanguage\":\"et\",\"potentialAction\":[{\"@type\":\"ReadAction\",\"target\":[\"https:\\\/\\\/kassavirtanen.fi\\\/kayttoehdot\\\/\"]}]},{\"@type\":\"BreadcrumbList\",\"@id\":\"https:\\\/\\\/kassavirtanen.fi\\\/kayttoehdot\\\/#breadcrumb\",\"itemListElement\":[{\"@type\":\"ListItem\",\"position\":1,\"name\":\"Home\",\"item\":\"https:\\\/\\\/kassavirtanen.fi\\\/\"},{\"@type\":\"ListItem\",\"position\":2,\"name\":\"K\u00e4ytt\u00f6ehdot\u00a0\"}]},{\"@type\":\"WebSite\",\"@id\":\"https:\\\/\\\/kassavirtanen.fi\\\/#website\",\"url\":\"https:\\\/\\\/kassavirtanen.fi\\\/\",\"name\":\"\",\"description\":\"laskuta ilman yrityst&auml; kassavirtanen\",\"potentialAction\":[{\"@type\":\"SearchAction\",\"target\":{\"@type\":\"EntryPoint\",\"urlTemplate\":\"https:\\\/\\\/kassavirtanen.fi\\\/?s={search_term_string}\"},\"query-input\":{\"@type\":\"PropertyValueSpecification\",\"valueRequired\":true,\"valueName\":\"search_term_string\"}}],\"inLanguage\":\"et\"}]}<\/script>\n<!-- \/ Yoast SEO plugin. -->","yoast_head_json":{"title":"K\u00e4ytt\u00f6ehdot\u00a0 -","robots":{"index":"index","follow":"follow","max-snippet":"max-snippet:-1","max-image-preview":"max-image-preview:large","max-video-preview":"max-video-preview:-1"},"canonical":"https:\/\/kassavirtanen.fi\/est\/kayttoehdot\/","og_locale":"et_EE","og_type":"article","og_title":"K\u00e4ytt\u00f6ehdot\u00a0 -","og_description":"K\u00e4ytt\u00f6ehdot 1. Kassavirtanen.fi- palvelun tuottaa Kassavirtanen Oy (y-tunnus 2803711-2, IP-osoite: www.kassavirtanen.fi). Hallintoyrityksell\u00e4 tarkoitetaan Kassavirtanen Oy:t\u00e4 tai Kassavirtanen Oy:n rekister\u00f6im\u00e4\u00e4 aputoiminime\u00e4. Palvelun k\u00e4ytt\u00e4j\u00e4ll\u00e4 tarkoitetaan ty\u00f6n suorittajaa, joka sopii itsen\u00e4isesti toimeksiantajansa kanssa ty\u00f6teht\u00e4vist\u00e4 sek\u00e4 hinnoittelusta. 2. Hallintoyritys ei p\u00e4\u00e4s\u00e4\u00e4nt\u00f6isesti markkinoi tai myy palvelun k\u00e4ytt\u00e4jien ty\u00f6suorituksia. Myynninedist\u00e4misen toimenpiteist\u00e4 sek\u00e4 kattomarkkinoinnista on sovittava erikseen &hellip; K\u00e4ytt\u00f6ehdot\u00a0 Read More &raquo;","og_url":"https:\/\/kassavirtanen.fi\/est\/kayttoehdot\/","article_modified_time":"2026-03-26T07:13:37+00:00","twitter_card":"summary_large_image","twitter_misc":{"Est. reading time":"5 minutit"},"schema":{"@context":"https:\/\/schema.org","@graph":[{"@type":"WebPage","@id":"https:\/\/kassavirtanen.fi\/kayttoehdot\/","url":"https:\/\/kassavirtanen.fi\/kayttoehdot\/","name":"K\u00e4ytt\u00f6ehdot\u00a0 -","isPartOf":{"@id":"https:\/\/kassavirtanen.fi\/#website"},"datePublished":"2026-03-20T07:30:09+00:00","dateModified":"2026-03-26T07:13:37+00:00","breadcrumb":{"@id":"https:\/\/kassavirtanen.fi\/kayttoehdot\/#breadcrumb"},"inLanguage":"et","potentialAction":[{"@type":"ReadAction","target":["https:\/\/kassavirtanen.fi\/kayttoehdot\/"]}]},{"@type":"BreadcrumbList","@id":"https:\/\/kassavirtanen.fi\/kayttoehdot\/#breadcrumb","itemListElement":[{"@type":"ListItem","position":1,"name":"Home","item":"https:\/\/kassavirtanen.fi\/"},{"@type":"ListItem","position":2,"name":"K\u00e4ytt\u00f6ehdot\u00a0"}]},{"@type":"WebSite","@id":"https:\/\/kassavirtanen.fi\/#website","url":"https:\/\/kassavirtanen.fi\/","name":"","description":"laskuta ilman yrityst&auml; kassavirtanen","potentialAction":[{"@type":"SearchAction","target":{"@type":"EntryPoint","urlTemplate":"https:\/\/kassavirtanen.fi\/?s={search_term_string}"},"query-input":{"@type":"PropertyValueSpecification","valueRequired":true,"valueName":"search_term_string"}}],"inLanguage":"et"}]}},"_links":{"self":[{"href":"https:\/\/kassavirtanen.fi\/est\/wp-json\/wp\/v2\/pages\/18334","targetHints":{"allow":["GET"]}}],"collection":[{"href":"https:\/\/kassavirtanen.fi\/est\/wp-json\/wp\/v2\/pages"}],"about":[{"href":"https:\/\/kassavirtanen.fi\/est\/wp-json\/wp\/v2\/types\/page"}],"author":[{"embeddable":true,"href":"https:\/\/kassavirtanen.fi\/est\/wp-json\/wp\/v2\/users\/1"}],"replies":[{"embeddable":true,"href":"https:\/\/kassavirtanen.fi\/est\/wp-json\/wp\/v2\/comments?post=18334"}],"version-history":[{"count":9,"href":"https:\/\/kassavirtanen.fi\/est\/wp-json\/wp\/v2\/pages\/18334\/revisions"}],"predecessor-version":[{"id":18372,"href":"https:\/\/kassavirtanen.fi\/est\/wp-json\/wp\/v2\/pages\/18334\/revisions\/18372"}],"wp:attachment":[{"href":"https:\/\/kassavirtanen.fi\/est\/wp-json\/wp\/v2\/media?parent=18334"}],"curies":[{"name":"wp","href":"https:\/\/api.w.org\/{rel}","templated":true}]}}