{"id":1980,"date":"2019-06-04T09:09:17","date_gmt":"2019-06-04T09:09:17","guid":{"rendered":"https:\/\/kassavirtanen.fi\/?page_id=1980"},"modified":"2025-01-09T11:41:17","modified_gmt":"2025-01-09T11:41:17","slug":"promolink","status":"publish","type":"page","link":"https:\/\/kassavirtanen.fi\/est\/promolink\/","title":{"rendered":"Promolink"},"content":{"rendered":"<div data-elementor-type=\"wp-post\" data-elementor-id=\"1980\" class=\"elementor elementor-1980\" data-elementor-post-type=\"page\">\n\t\t\t\t\t\t<section class=\"elementor-section elementor-top-section elementor-element elementor-element-1aa0f6 elementor-section-height-min-height elementor-section-boxed elementor-section-height-default elementor-section-items-middle\" data-id=\"1aa0f6\" data-element_type=\"section\" data-e-type=\"section\" data-settings=\"{&quot;background_background&quot;:&quot;classic&quot;,&quot;shape_divider_bottom&quot;:&quot;waves&quot;}\">\n\t\t\t\t\t\t\t<div class=\"elementor-background-overlay\"><\/div>\n\t\t\t\t\t\t<div class=\"elementor-shape elementor-shape-bottom\" aria-hidden=\"true\" data-negative=\"false\">\n\t\t\t<svg xmlns=\"http:\/\/www.w3.org\/2000\/svg\" viewbox=\"0 0 1000 100\" preserveaspectratio=\"none\">\n\t<path class=\"elementor-shape-fill\" d=\"M421.9,6.5c22.6-2.5,51.5,0.4,75.5,5.3c23.6,4.9,70.9,23.5,100.5,35.7c75.8,32.2,133.7,44.5,192.6,49.7\tc23.6,2.1,48.7,3.5,103.4-2.5c54.7-6,106.2-25.6,106.2-25.6V0H0v30.3c0,0,72,32.6,158.4,30.5c39.2-0.7,92.8-6.7,134-22.4\tc21.2-8.1,52.2-18.2,79.7-24.2C399.3,7.9,411.6,7.5,421.9,6.5z\"\/>\n<\/svg>\t\t<\/div>\n\t\t\t\t\t<div class=\"elementor-container elementor-column-gap-default\">\n\t\t\t\t\t<div class=\"elementor-column elementor-col-33 elementor-top-column elementor-element elementor-element-6daad893\" data-id=\"6daad893\" data-element_type=\"column\" data-e-type=\"column\">\n\t\t\t<div class=\"elementor-widget-wrap\">\n\t\t\t\t\t\t\t<\/div>\n\t\t<\/div>\n\t\t\t\t<div class=\"elementor-column elementor-col-33 elementor-top-column elementor-element elementor-element-5414f4b\" data-id=\"5414f4b\" data-element_type=\"column\" data-e-type=\"column\">\n\t\t\t<div class=\"elementor-widget-wrap elementor-element-populated\">\n\t\t\t\t\t\t<div class=\"elementor-element elementor-element-7a27f01e elementor-widget elementor-widget-heading\" data-id=\"7a27f01e\" data-element_type=\"widget\" data-e-type=\"widget\" data-widget_type=\"heading.default\">\n\t\t\t\t<div class=\"elementor-widget-container\">\n\t\t\t\t\t<h4 class=\"elementor-heading-title elementor-size-default\">Odavaim reklaam kergettev\u00f5tjale\n<\/h4>\t\t\t\t<\/div>\n\t\t\t\t<\/div>\n\t\t\t\t<div class=\"elementor-element elementor-element-3977658c elementor-widget elementor-widget-heading\" data-id=\"3977658c\" data-element_type=\"widget\" data-e-type=\"widget\" data-widget_type=\"heading.default\">\n\t\t\t\t<div class=\"elementor-widget-container\">\n\t\t\t\t\t<p class=\"elementor-heading-title elementor-size-default\">Promolink on kompetente m\u00fc\u00fcgipartner<\/p>\t\t\t\t<\/div>\n\t\t\t\t<\/div>\n\t\t\t\t<div class=\"elementor-element elementor-element-636e570d elementor-align-center elementor-widget elementor-widget-button\" data-id=\"636e570d\" data-element_type=\"widget\" data-e-type=\"widget\" data-widget_type=\"button.default\">\n\t\t\t\t<div class=\"elementor-widget-container\">\n\t\t\t\t\t\t\t\t\t<div class=\"elementor-button-wrapper\">\n\t\t\t\t\t<a class=\"elementor-button elementor-button-link elementor-size-md elementor-animation-grow\" href=\"https:\/\/kassavirtanen.fi\/est\/#register\" target=\"_blank\">\n\t\t\t\t\t\t<span class=\"elementor-button-content-wrapper\">\n\t\t\t\t\t\t\t\t\t<span class=\"elementor-button-text\">Registreeri<\/span>\n\t\t\t\t\t<\/span>\n\t\t\t\t\t<\/a>\n\t\t\t\t<\/div>\n\t\t\t\t\t\t\t\t<\/div>\n\t\t\t\t<\/div>\n\t\t\t\t\t<\/div>\n\t\t<\/div>\n\t\t\t\t<div class=\"elementor-column elementor-col-33 elementor-top-column elementor-element elementor-element-44b3a215\" data-id=\"44b3a215\" data-element_type=\"column\" data-e-type=\"column\">\n\t\t\t<div class=\"elementor-widget-wrap\">\n\t\t\t\t\t\t\t<\/div>\n\t\t<\/div>\n\t\t\t\t\t<\/div>\n\t\t<\/section>\n\t\t\t\t<section class=\"elementor-section elementor-top-section elementor-element elementor-element-ea434c2 elementor-section-boxed elementor-section-height-default elementor-section-height-default\" data-id=\"ea434c2\" data-element_type=\"section\" data-e-type=\"section\">\n\t\t\t\t\t\t<div class=\"elementor-container elementor-column-gap-default\">\n\t\t\t\t\t<div class=\"elementor-column elementor-col-100 elementor-top-column elementor-element elementor-element-fd040be\" data-id=\"fd040be\" data-element_type=\"column\" data-e-type=\"column\">\n\t\t\t<div class=\"elementor-widget-wrap elementor-element-populated\">\n\t\t\t\t\t\t<div class=\"elementor-element elementor-element-6160619 elementor-position-inline-start elementor-view-default elementor-mobile-position-block-start elementor-widget elementor-widget-icon-box\" data-id=\"6160619\" data-element_type=\"widget\" data-e-type=\"widget\" data-widget_type=\"icon-box.default\">\n\t\t\t\t<div class=\"elementor-widget-container\">\n\t\t\t\t\t\t\t<div class=\"elementor-icon-box-wrapper\">\n\n\t\t\t\t\t\t<div class=\"elementor-icon-box-icon\">\n\t\t\t\t<span  class=\"elementor-icon\">\n\t\t\t\t<i class=\"fa fa-thumbs-up\" aria-hidden=\"true\"><\/i>\t\t\t\t<\/span>\n\t\t\t<\/div>\n\t\t\t\n\t\t\t\t\t\t<div class=\"elementor-icon-box-content\">\n\n\t\t\t\t\t\t\t\t\t<h1 class=\"elementor-icon-box-title\">\n\t\t\t\t\t\t<span  >\n\t\t\t\t\t\t\tEsita arveid ilma ettev\u00f5tteta\t\t\t\t\t\t<\/span>\n\t\t\t\t\t<\/h1>\n\t\t\t\t\n\t\t\t\t\n\t\t\t<\/div>\n\t\t\t\n\t\t<\/div>\n\t\t\t\t\t\t<\/div>\n\t\t\t\t<\/div>\n\t\t\t\t\t<\/div>\n\t\t<\/div>\n\t\t\t\t\t<\/div>\n\t\t<\/section>\n\t\t\t\t<section class=\"elementor-section elementor-top-section elementor-element elementor-element-75e7c8f7 elementor-section-boxed elementor-section-height-default elementor-section-height-default\" data-id=\"75e7c8f7\" data-element_type=\"section\" data-e-type=\"section\">\n\t\t\t\t\t\t<div class=\"elementor-container elementor-column-gap-default\">\n\t\t\t\t\t<div class=\"elementor-column elementor-col-100 elementor-top-column elementor-element elementor-element-3b83adbd\" data-id=\"3b83adbd\" data-element_type=\"column\" data-e-type=\"column\">\n\t\t\t<div class=\"elementor-widget-wrap elementor-element-populated\">\n\t\t\t\t\t\t<div class=\"elementor-element elementor-element-d63e7ac elementor-widget elementor-widget-heading\" data-id=\"d63e7ac\" data-element_type=\"widget\" data-e-type=\"widget\" data-widget_type=\"heading.default\">\n\t\t\t\t<div class=\"elementor-widget-container\">\n\t\t\t\t\t<h2 class=\"elementor-heading-title elementor-size-default\">Promolink reklaamib teadmiste, tunnete ja oskustega.<\/h2>\t\t\t\t<\/div>\n\t\t\t\t<\/div>\n\t\t\t\t\t<\/div>\n\t\t<\/div>\n\t\t\t\t\t<\/div>\n\t\t<\/section>\n\t\t\t\t<section class=\"elementor-section elementor-top-section elementor-element elementor-element-07dbef6 elementor-section-boxed elementor-section-height-default elementor-section-height-default\" data-id=\"07dbef6\" data-element_type=\"section\" data-e-type=\"section\">\n\t\t\t\t\t\t<div class=\"elementor-container elementor-column-gap-default\">\n\t\t\t\t\t<div class=\"elementor-column elementor-col-100 elementor-top-column elementor-element elementor-element-b391ff0\" data-id=\"b391ff0\" data-element_type=\"column\" data-e-type=\"column\">\n\t\t\t<div class=\"elementor-widget-wrap elementor-element-populated\">\n\t\t\t\t\t\t<div class=\"elementor-element elementor-element-e97c4ab elementor-widget elementor-widget-text-editor\" data-id=\"e97c4ab\" data-element_type=\"widget\" data-e-type=\"widget\" data-widget_type=\"text-editor.default\">\n\t\t\t\t<div class=\"elementor-widget-container\">\n\t\t\t\t\t\t\t\t\t<p>Kergettev\u00f5tjana t\u00f6\u00f6tate nagu ettev\u00f5tja, nii et miks mitte usaldada oma m\u00fc\u00fck kompetentsetesse k\u00e4tesse? Pakume Teile meie partneri Promolink m\u00fc\u00fcgiedendusteenuseid. Nende t\u00f6\u00f6tajad on koolitatud m\u00fc\u00fcma Teie \u00e4riideed klientidele. Promolink Promotion Agency teenib Teid tugeva kogemuse ja teadmistega ning tegeleb igasuguste m\u00fc\u00fcgiedendus- ja lisateenustega messidel, \u00e4rikeskustes, \u00fcritustel v\u00f5i isegi kauplustes \u2013 sina \u00fctled seda!\u00a0<\/p>\t\t\t\t\t\t\t\t<\/div>\n\t\t\t\t<\/div>\n\t\t\t\t\t<\/div>\n\t\t<\/div>\n\t\t\t\t\t<\/div>\n\t\t<\/section>\n\t\t\t\t<section class=\"elementor-section elementor-top-section elementor-element elementor-element-728a2d2 elementor-section-boxed elementor-section-height-default elementor-section-height-default\" data-id=\"728a2d2\" data-element_type=\"section\" data-e-type=\"section\">\n\t\t\t\t\t\t<div class=\"elementor-container elementor-column-gap-default\">\n\t\t\t\t\t<div class=\"elementor-column elementor-col-100 elementor-top-column elementor-element elementor-element-1ce5933\" data-id=\"1ce5933\" data-element_type=\"column\" data-e-type=\"column\">\n\t\t\t<div class=\"elementor-widget-wrap elementor-element-populated\">\n\t\t\t\t\t\t<div class=\"elementor-element elementor-element-95fb0a1 elementor-align-center elementor-widget elementor-widget-button\" data-id=\"95fb0a1\" data-element_type=\"widget\" data-e-type=\"widget\" data-widget_type=\"button.default\">\n\t\t\t\t<div class=\"elementor-widget-container\">\n\t\t\t\t\t\t\t\t\t<div class=\"elementor-button-wrapper\">\n\t\t\t\t\t<a class=\"elementor-button elementor-button-link elementor-size-md\" href=\"https:\/\/promolink.fi\/\" target=\"_blank\">\n\t\t\t\t\t\t<span class=\"elementor-button-content-wrapper\">\n\t\t\t\t\t\t\t\t\t<span class=\"elementor-button-text\">LOE L\u00c4HEMALT<\/span>\n\t\t\t\t\t<\/span>\n\t\t\t\t\t<\/a>\n\t\t\t\t<\/div>\n\t\t\t\t\t\t\t\t<\/div>\n\t\t\t\t<\/div>\n\t\t\t\t\t<\/div>\n\t\t<\/div>\n\t\t\t\t\t<\/div>\n\t\t<\/section>\n\t\t\t\t<section class=\"elementor-section elementor-top-section elementor-element elementor-element-640f9ba elementor-section-boxed elementor-section-height-default elementor-section-height-default\" data-id=\"640f9ba\" data-element_type=\"section\" data-e-type=\"section\">\n\t\t\t\t\t\t<div class=\"elementor-container elementor-column-gap-default\">\n\t\t\t\t\t<div class=\"elementor-column elementor-col-100 elementor-top-column elementor-element elementor-element-e883c18\" data-id=\"e883c18\" data-element_type=\"column\" data-e-type=\"column\">\n\t\t\t<div class=\"elementor-widget-wrap elementor-element-populated\">\n\t\t\t\t\t\t<div class=\"elementor-element elementor-element-5b8e99b elementor-widget elementor-widget-heading\" data-id=\"5b8e99b\" data-element_type=\"widget\" data-e-type=\"widget\" data-widget_type=\"heading.default\">\n\t\t\t\t<div class=\"elementor-widget-container\">\n\t\t\t\t\t<h2 class=\"elementor-heading-title elementor-size-default\">KASSAVIRTANEN + PROMOLINK <\/h2>\t\t\t\t<\/div>\n\t\t\t\t<\/div>\n\t\t\t\t\t<\/div>\n\t\t<\/div>\n\t\t\t\t\t<\/div>\n\t\t<\/section>\n\t\t\t\t<section class=\"elementor-section elementor-top-section elementor-element elementor-element-eb59185 elementor-section-boxed elementor-section-height-default elementor-section-height-default\" data-id=\"eb59185\" data-element_type=\"section\" data-e-type=\"section\">\n\t\t\t\t\t\t<div class=\"elementor-container elementor-column-gap-default\">\n\t\t\t\t\t<div class=\"elementor-column elementor-col-100 elementor-top-column elementor-element elementor-element-bb33b9a\" data-id=\"bb33b9a\" data-element_type=\"column\" data-e-type=\"column\">\n\t\t\t<div class=\"elementor-widget-wrap elementor-element-populated\">\n\t\t\t\t\t\t<div class=\"elementor-element elementor-element-440ec50 elementor-widget elementor-widget-text-editor\" data-id=\"440ec50\" data-element_type=\"widget\" data-e-type=\"widget\" data-widget_type=\"text-editor.default\">\n\t\t\t\t<div class=\"elementor-widget-container\">\n\t\t\t\t\t\t\t\t\t<p>Promolink.fi t\u00f6\u00f6tajad esitavad arveid meie Kassavirtaneni arveldusteenuse kaudu, nii et see on ka neile tuttav. Sel p\u00f5hjusel on arvete esitamine v\u00e4ga lihtne, kui teil on kasutusel \u00fchine arveldustarkvara. Teil on v\u00f5imalik oma t\u00f6\u00f6 eest esitada arve Kassavirtaneni kaudu, kui soovite, registreerimine on t\u00e4iesti tasuta.<\/p>\t\t\t\t\t\t\t\t<\/div>\n\t\t\t\t<\/div>\n\t\t\t\t\t<\/div>\n\t\t<\/div>\n\t\t\t\t\t<\/div>\n\t\t<\/section>\n\t\t\t\t<section class=\"elementor-section elementor-top-section elementor-element elementor-element-2e9d138 elementor-section-boxed elementor-section-height-default elementor-section-height-default\" data-id=\"2e9d138\" data-element_type=\"section\" data-e-type=\"section\">\n\t\t\t\t\t\t<div class=\"elementor-container elementor-column-gap-default\">\n\t\t\t\t\t<div class=\"elementor-column elementor-col-100 elementor-top-column elementor-element elementor-element-d4b5456\" data-id=\"d4b5456\" data-element_type=\"column\" data-e-type=\"column\">\n\t\t\t<div class=\"elementor-widget-wrap\">\n\t\t\t\t\t\t\t<\/div>\n\t\t<\/div>\n\t\t\t\t\t<\/div>\n\t\t<\/section>\n\t\t\t\t<section class=\"elementor-section elementor-top-section elementor-element elementor-element-1abf8fb elementor-section-boxed elementor-section-height-default elementor-section-height-default\" data-id=\"1abf8fb\" data-element_type=\"section\" data-e-type=\"section\">\n\t\t\t\t\t\t<div class=\"elementor-container elementor-column-gap-default\">\n\t\t\t\t\t<div class=\"elementor-column elementor-col-33 elementor-top-column elementor-element elementor-element-17aedf7\" data-id=\"17aedf7\" data-element_type=\"column\" data-e-type=\"column\">\n\t\t\t<div class=\"elementor-widget-wrap elementor-element-populated\">\n\t\t\t\t\t\t<div class=\"elementor-element elementor-element-7cb9717 elementor-widget elementor-widget-text-editor\" data-id=\"7cb9717\" data-element_type=\"widget\" data-e-type=\"widget\" data-widget_type=\"text-editor.default\">\n\t\t\t\t<div class=\"elementor-widget-container\">\n\t\t\t\t\t\t\t\t\t<h2 class=\"elementor-heading-title elementor-size-default elementor-inline-editing pen\" contenteditable=\"true\" data-elementor-setting-key=\"title\" data-pen-placeholder=\"Type Here...\">1. Registreeri<\/h2>\t\t\t\t\t\t\t\t<\/div>\n\t\t\t\t<\/div>\n\t\t\t\t\t<\/div>\n\t\t<\/div>\n\t\t\t\t<div class=\"elementor-column elementor-col-33 elementor-top-column elementor-element elementor-element-7c4a3f8\" data-id=\"7c4a3f8\" data-element_type=\"column\" data-e-type=\"column\">\n\t\t\t<div class=\"elementor-widget-wrap elementor-element-populated\">\n\t\t\t\t\t\t<div class=\"elementor-element elementor-element-dbb861c elementor-widget elementor-widget-text-editor\" data-id=\"dbb861c\" data-element_type=\"widget\" data-e-type=\"widget\" data-widget_type=\"text-editor.default\">\n\t\t\t\t<div class=\"elementor-widget-container\">\n\t\t\t\t\t\t\t\t\t<h2 class=\"elementor-heading-title elementor-size-default elementor-inline-editing pen\" contenteditable=\"true\" data-elementor-setting-key=\"title\" data-pen-placeholder=\"Type Here...\">2. Esita arve oma t\u00f6\u00f6 eest<\/h2>\t\t\t\t\t\t\t\t<\/div>\n\t\t\t\t<\/div>\n\t\t\t\t\t<\/div>\n\t\t<\/div>\n\t\t\t\t<div class=\"elementor-column elementor-col-33 elementor-top-column elementor-element elementor-element-7e0251d\" data-id=\"7e0251d\" data-element_type=\"column\" data-e-type=\"column\">\n\t\t\t<div class=\"elementor-widget-wrap elementor-element-populated\">\n\t\t\t\t\t\t<div class=\"elementor-element elementor-element-ff0772c elementor-widget elementor-widget-text-editor\" data-id=\"ff0772c\" data-element_type=\"widget\" data-e-type=\"widget\" data-widget_type=\"text-editor.default\">\n\t\t\t\t<div class=\"elementor-widget-container\">\n\t\t\t\t\t\t\t\t\t<h2 class=\"elementor-heading-title elementor-size-default elementor-inline-editing pen\" contenteditable=\"true\" data-elementor-setting-key=\"title\" data-pen-placeholder=\"Type Here...\">3. Saa palka<\/h2>\t\t\t\t\t\t\t\t<\/div>\n\t\t\t\t<\/div>\n\t\t\t\t\t<\/div>\n\t\t<\/div>\n\t\t\t\t\t<\/div>\n\t\t<\/section>\n\t\t\t\t<section class=\"elementor-section elementor-top-section elementor-element elementor-element-5eb653b elementor-section-boxed elementor-section-height-default elementor-section-height-default\" data-id=\"5eb653b\" data-element_type=\"section\" data-e-type=\"section\">\n\t\t\t\t\t\t<div class=\"elementor-container elementor-column-gap-default\">\n\t\t\t\t\t<div class=\"elementor-column elementor-col-100 elementor-top-column elementor-element elementor-element-b3d972c\" data-id=\"b3d972c\" data-element_type=\"column\" data-e-type=\"column\">\n\t\t\t<div class=\"elementor-widget-wrap\">\n\t\t\t\t\t\t\t<\/div>\n\t\t<\/div>\n\t\t\t\t\t<\/div>\n\t\t<\/section>\n\t\t\t\t<section class=\"elementor-section elementor-top-section elementor-element elementor-element-d7e0e33 elementor-section-boxed elementor-section-height-default elementor-section-height-default\" data-id=\"d7e0e33\" data-element_type=\"section\" data-e-type=\"section\">\n\t\t\t\t\t\t<div class=\"elementor-container elementor-column-gap-default\">\n\t\t\t\t\t<div class=\"elementor-column elementor-col-100 elementor-top-column elementor-element elementor-element-41f1f9e\" data-id=\"41f1f9e\" data-element_type=\"column\" data-e-type=\"column\">\n\t\t\t<div class=\"elementor-widget-wrap elementor-element-populated\">\n\t\t\t\t\t\t<div class=\"elementor-element elementor-element-bd49746 elementor-align-center elementor-widget elementor-widget-button\" data-id=\"bd49746\" data-element_type=\"widget\" data-e-type=\"widget\" data-widget_type=\"button.default\">\n\t\t\t\t<div class=\"elementor-widget-container\">\n\t\t\t\t\t\t\t\t\t<div class=\"elementor-button-wrapper\">\n\t\t\t\t\t<a class=\"elementor-button elementor-button-link elementor-size-md\" href=\"https:\/\/account.kassavirtanen.fi\/dashboard\/register\" target=\"_blank\">\n\t\t\t\t\t\t<span class=\"elementor-button-content-wrapper\">\n\t\t\t\t\t\t\t\t\t<span class=\"elementor-button-text\">LIITU KOHE<\/span>\n\t\t\t\t\t<\/span>\n\t\t\t\t\t<\/a>\n\t\t\t\t<\/div>\n\t\t\t\t\t\t\t\t<\/div>\n\t\t\t\t<\/div>\n\t\t\t\t\t<\/div>\n\t\t<\/div>\n\t\t\t\t\t<\/div>\n\t\t<\/section>\n\t\t\t\t<\/div>","protected":false},"excerpt":{"rendered":"<p>Edullisinta PROMOOTIOTA kevytyritt\u00e4jille PROMOLINK ON ASIANTUNTEVA MYYNNIN KUMPPANI Rekister\u00f6idy Laskuta ilman yrityst\u00e4 PrOMOLINK PROMOAA TIEDOLLA, Taidolla ja tunteella Kevytyritt\u00e4j\u00e4n\u00e4 toimit kuin yritt\u00e4j\u00e4, joten miksi et ulkoistaisi palveluidesi myynti\u00e4 osaaviin k\u00e4siin? Tarjoamme kevytyritt\u00e4jille t\u00e4h\u00e4n kumppaniksi Promolink promootiotoimistoa, jonka ty\u00f6ntekij\u00e4t on koulutettu myym\u00e4\u00e4n liikeidea asiakkaalle aina aiheeseen perehtymisest\u00e4 l\u00e4htien. Promootiotoimisto Promolink tarjoaa &hellip;<\/p>\n<p class=\"read-more\"> <a class=\"\" href=\"https:\/\/kassavirtanen.fi\/est\/promolink\/\"> <span class=\"screen-reader-text\">Promolink<\/span> Read More &raquo;<\/a><\/p>","protected":false},"author":1,"featured_media":0,"parent":0,"menu_order":0,"comment_status":"closed","ping_status":"closed","template":"","meta":{"footnotes":""},"class_list":["post-1980","page","type-page","status-publish","hentry"],"yoast_head":"<!-- This site is optimized with the Yoast SEO plugin v27.3 - https:\/\/yoast.com\/product\/yoast-seo-wordpress\/ -->\n<title>Promootiotoimisto Promolink - Kassavirtanen | Laskuta ilman yrityst\u00e4<\/title>\n<meta name=\"description\" content=\"Kevytyritt\u00e4j\u00e4n\u00e4 voit myyd\u00e4 palveluitasi helposti ulkoistamalla myynnin promootiotoimistolle. Laskuta vaivattomasti Kassavirtasen kautta.\" \/>\n<meta name=\"robots\" content=\"index, follow, max-snippet:-1, max-image-preview:large, max-video-preview:-1\" \/>\n<link rel=\"canonical\" href=\"https:\/\/kassavirtanen.fi\/est\/promolink\/\" \/>\n<meta property=\"og:locale\" content=\"et_EE\" \/>\n<meta property=\"og:type\" content=\"article\" \/>\n<meta property=\"og:title\" content=\"Promootiotoimisto Promolink - Kassavirtanen | Laskuta ilman yrityst\u00e4\" \/>\n<meta property=\"og:description\" content=\"Kevytyritt\u00e4j\u00e4n\u00e4 voit myyd\u00e4 palveluitasi helposti ulkoistamalla myynnin promootiotoimistolle. Laskuta vaivattomasti Kassavirtasen kautta.\" \/>\n<meta property=\"og:url\" content=\"https:\/\/kassavirtanen.fi\/est\/promolink\/\" \/>\n<meta property=\"article:modified_time\" content=\"2025-01-09T11:41:17+00:00\" \/>\n<meta name=\"twitter:card\" content=\"summary_large_image\" \/>\n<meta name=\"twitter:label1\" content=\"Est. reading time\" \/>\n\t<meta name=\"twitter:data1\" content=\"1 minut\" \/>\n<script type=\"application\/ld+json\" class=\"yoast-schema-graph\">{\"@context\":\"https:\\\/\\\/schema.org\",\"@graph\":[{\"@type\":\"WebPage\",\"@id\":\"https:\\\/\\\/kassavirtanen.fi\\\/promolink\\\/\",\"url\":\"https:\\\/\\\/kassavirtanen.fi\\\/promolink\\\/\",\"name\":\"Promootiotoimisto Promolink - Kassavirtanen | Laskuta ilman yrityst\u00e4\",\"isPartOf\":{\"@id\":\"https:\\\/\\\/kassavirtanen.fi\\\/#website\"},\"datePublished\":\"2019-06-04T09:09:17+00:00\",\"dateModified\":\"2025-01-09T11:41:17+00:00\",\"description\":\"Kevytyritt\u00e4j\u00e4n\u00e4 voit myyd\u00e4 palveluitasi helposti ulkoistamalla myynnin promootiotoimistolle. Laskuta vaivattomasti Kassavirtasen kautta.\",\"breadcrumb\":{\"@id\":\"https:\\\/\\\/kassavirtanen.fi\\\/promolink\\\/#breadcrumb\"},\"inLanguage\":\"et\",\"potentialAction\":[{\"@type\":\"ReadAction\",\"target\":[\"https:\\\/\\\/kassavirtanen.fi\\\/promolink\\\/\"]}]},{\"@type\":\"BreadcrumbList\",\"@id\":\"https:\\\/\\\/kassavirtanen.fi\\\/promolink\\\/#breadcrumb\",\"itemListElement\":[{\"@type\":\"ListItem\",\"position\":1,\"name\":\"Home\",\"item\":\"https:\\\/\\\/kassavirtanen.fi\\\/\"},{\"@type\":\"ListItem\",\"position\":2,\"name\":\"Promolink\"}]},{\"@type\":\"WebSite\",\"@id\":\"https:\\\/\\\/kassavirtanen.fi\\\/#website\",\"url\":\"https:\\\/\\\/kassavirtanen.fi\\\/\",\"name\":\"\",\"description\":\"laskuta ilman yrityst&auml; kassavirtanen\",\"potentialAction\":[{\"@type\":\"SearchAction\",\"target\":{\"@type\":\"EntryPoint\",\"urlTemplate\":\"https:\\\/\\\/kassavirtanen.fi\\\/?s={search_term_string}\"},\"query-input\":{\"@type\":\"PropertyValueSpecification\",\"valueRequired\":true,\"valueName\":\"search_term_string\"}}],\"inLanguage\":\"et\"}]}<\/script>\n<!-- \/ Yoast SEO plugin. -->","yoast_head_json":{"title":"Promootiotoimisto Promolink - Kassavirtanen | Laskuta ilman yrityst\u00e4","description":"Kevytyritt\u00e4j\u00e4n\u00e4 voit myyd\u00e4 palveluitasi helposti ulkoistamalla myynnin promootiotoimistolle. Laskuta vaivattomasti Kassavirtasen kautta.","robots":{"index":"index","follow":"follow","max-snippet":"max-snippet:-1","max-image-preview":"max-image-preview:large","max-video-preview":"max-video-preview:-1"},"canonical":"https:\/\/kassavirtanen.fi\/est\/promolink\/","og_locale":"et_EE","og_type":"article","og_title":"Promootiotoimisto Promolink - Kassavirtanen | Laskuta ilman yrityst\u00e4","og_description":"Kevytyritt\u00e4j\u00e4n\u00e4 voit myyd\u00e4 palveluitasi helposti ulkoistamalla myynnin promootiotoimistolle. Laskuta vaivattomasti Kassavirtasen kautta.","og_url":"https:\/\/kassavirtanen.fi\/est\/promolink\/","article_modified_time":"2025-01-09T11:41:17+00:00","twitter_card":"summary_large_image","twitter_misc":{"Est. reading time":"1 minut"},"schema":{"@context":"https:\/\/schema.org","@graph":[{"@type":"WebPage","@id":"https:\/\/kassavirtanen.fi\/promolink\/","url":"https:\/\/kassavirtanen.fi\/promolink\/","name":"Promootiotoimisto Promolink - Kassavirtanen | Laskuta ilman yrityst\u00e4","isPartOf":{"@id":"https:\/\/kassavirtanen.fi\/#website"},"datePublished":"2019-06-04T09:09:17+00:00","dateModified":"2025-01-09T11:41:17+00:00","description":"Kevytyritt\u00e4j\u00e4n\u00e4 voit myyd\u00e4 palveluitasi helposti ulkoistamalla myynnin promootiotoimistolle. Laskuta vaivattomasti Kassavirtasen kautta.","breadcrumb":{"@id":"https:\/\/kassavirtanen.fi\/promolink\/#breadcrumb"},"inLanguage":"et","potentialAction":[{"@type":"ReadAction","target":["https:\/\/kassavirtanen.fi\/promolink\/"]}]},{"@type":"BreadcrumbList","@id":"https:\/\/kassavirtanen.fi\/promolink\/#breadcrumb","itemListElement":[{"@type":"ListItem","position":1,"name":"Home","item":"https:\/\/kassavirtanen.fi\/"},{"@type":"ListItem","position":2,"name":"Promolink"}]},{"@type":"WebSite","@id":"https:\/\/kassavirtanen.fi\/#website","url":"https:\/\/kassavirtanen.fi\/","name":"","description":"laskuta ilman yrityst&auml; kassavirtanen","potentialAction":[{"@type":"SearchAction","target":{"@type":"EntryPoint","urlTemplate":"https:\/\/kassavirtanen.fi\/?s={search_term_string}"},"query-input":{"@type":"PropertyValueSpecification","valueRequired":true,"valueName":"search_term_string"}}],"inLanguage":"et"}]}},"_links":{"self":[{"href":"https:\/\/kassavirtanen.fi\/est\/wp-json\/wp\/v2\/pages\/1980","targetHints":{"allow":["GET"]}}],"collection":[{"href":"https:\/\/kassavirtanen.fi\/est\/wp-json\/wp\/v2\/pages"}],"about":[{"href":"https:\/\/kassavirtanen.fi\/est\/wp-json\/wp\/v2\/types\/page"}],"author":[{"embeddable":true,"href":"https:\/\/kassavirtanen.fi\/est\/wp-json\/wp\/v2\/users\/1"}],"replies":[{"embeddable":true,"href":"https:\/\/kassavirtanen.fi\/est\/wp-json\/wp\/v2\/comments?post=1980"}],"version-history":[{"count":1,"href":"https:\/\/kassavirtanen.fi\/est\/wp-json\/wp\/v2\/pages\/1980\/revisions"}],"predecessor-version":[{"id":18072,"href":"https:\/\/kassavirtanen.fi\/est\/wp-json\/wp\/v2\/pages\/1980\/revisions\/18072"}],"wp:attachment":[{"href":"https:\/\/kassavirtanen.fi\/est\/wp-json\/wp\/v2\/media?parent=1980"}],"curies":[{"name":"wp","href":"https:\/\/api.w.org\/{rel}","templated":true}]}}