{"id":1998,"date":"2019-06-04T11:22:10","date_gmt":"2019-06-04T11:22:10","guid":{"rendered":"https:\/\/kassavirtanen.fi\/?page_id=1998"},"modified":"2020-10-27T13:57:08","modified_gmt":"2020-10-27T13:57:08","slug":"foxdo","status":"publish","type":"page","link":"https:\/\/kassavirtanen.fi\/est\/foxdo\/","title":{"rendered":"FoxDo"},"content":{"rendered":"<div data-elementor-type=\"wp-post\" data-elementor-id=\"1998\" class=\"elementor elementor-1998\" data-elementor-post-type=\"page\">\n\t\t\t\t\t\t<section class=\"elementor-section elementor-top-section elementor-element elementor-element-7c5fa30 elementor-section-height-min-height elementor-section-boxed elementor-section-height-default elementor-section-items-middle\" data-id=\"7c5fa30\" data-element_type=\"section\" data-e-type=\"section\" data-settings=\"{&quot;background_background&quot;:&quot;classic&quot;,&quot;shape_divider_bottom&quot;:&quot;waves&quot;}\">\n\t\t\t\t\t\t\t<div class=\"elementor-background-overlay\"><\/div>\n\t\t\t\t\t\t<div class=\"elementor-shape elementor-shape-bottom\" aria-hidden=\"true\" data-negative=\"false\">\n\t\t\t<svg xmlns=\"http:\/\/www.w3.org\/2000\/svg\" viewbox=\"0 0 1000 100\" preserveaspectratio=\"none\">\n\t<path class=\"elementor-shape-fill\" d=\"M421.9,6.5c22.6-2.5,51.5,0.4,75.5,5.3c23.6,4.9,70.9,23.5,100.5,35.7c75.8,32.2,133.7,44.5,192.6,49.7\tc23.6,2.1,48.7,3.5,103.4-2.5c54.7-6,106.2-25.6,106.2-25.6V0H0v30.3c0,0,72,32.6,158.4,30.5c39.2-0.7,92.8-6.7,134-22.4\tc21.2-8.1,52.2-18.2,79.7-24.2C399.3,7.9,411.6,7.5,421.9,6.5z\"\/>\n<\/svg>\t\t<\/div>\n\t\t\t\t\t<div class=\"elementor-container elementor-column-gap-default\">\n\t\t\t\t\t<div class=\"elementor-column elementor-col-33 elementor-top-column elementor-element elementor-element-6596955d\" data-id=\"6596955d\" data-element_type=\"column\" data-e-type=\"column\">\n\t\t\t<div class=\"elementor-widget-wrap\">\n\t\t\t\t\t\t\t<\/div>\n\t\t<\/div>\n\t\t\t\t<div class=\"elementor-column elementor-col-33 elementor-top-column elementor-element elementor-element-479d41b9\" data-id=\"479d41b9\" data-element_type=\"column\" data-e-type=\"column\">\n\t\t\t<div class=\"elementor-widget-wrap elementor-element-populated\">\n\t\t\t\t\t\t<div class=\"elementor-element elementor-element-3e0277cf elementor-widget elementor-widget-heading\" data-id=\"3e0277cf\" data-element_type=\"widget\" data-e-type=\"widget\" data-widget_type=\"heading.default\">\n\t\t\t\t<div class=\"elementor-widget-container\">\n\t\t\t\t\t<h4 class=\"elementor-heading-title elementor-size-default\">FoxDo pakub kergettev\u00f5tjatele lihtsaimat viisi t\u00f6\u00f6tamiseks.\n<\/h4>\t\t\t\t<\/div>\n\t\t\t\t<\/div>\n\t\t\t\t<div class=\"elementor-element elementor-element-6f73a25c elementor-widget elementor-widget-heading\" data-id=\"6f73a25c\" data-element_type=\"widget\" data-e-type=\"widget\" data-widget_type=\"heading.default\">\n\t\t\t\t<div class=\"elementor-widget-container\">\n\t\t\t\t\t<p class=\"elementor-heading-title elementor-size-default\">T\u00f6\u00f6\u00fclesanded otse FoxDost.<\/p>\t\t\t\t<\/div>\n\t\t\t\t<\/div>\n\t\t\t\t<div class=\"elementor-element elementor-element-141d5289 elementor-align-center elementor-widget elementor-widget-button\" data-id=\"141d5289\" data-element_type=\"widget\" data-e-type=\"widget\" data-widget_type=\"button.default\">\n\t\t\t\t<div class=\"elementor-widget-container\">\n\t\t\t\t\t\t\t\t\t<div class=\"elementor-button-wrapper\">\n\t\t\t\t\t<a class=\"elementor-button elementor-button-link elementor-size-md elementor-animation-grow\" href=\"https:\/\/kassavirtanen.fi\/est\/#register\" target=\"_blank\">\n\t\t\t\t\t\t<span class=\"elementor-button-content-wrapper\">\n\t\t\t\t\t\t\t\t\t<span class=\"elementor-button-text\">Registreeri<\/span>\n\t\t\t\t\t<\/span>\n\t\t\t\t\t<\/a>\n\t\t\t\t<\/div>\n\t\t\t\t\t\t\t\t<\/div>\n\t\t\t\t<\/div>\n\t\t\t\t\t<\/div>\n\t\t<\/div>\n\t\t\t\t<div class=\"elementor-column elementor-col-33 elementor-top-column elementor-element elementor-element-4259998c\" data-id=\"4259998c\" data-element_type=\"column\" data-e-type=\"column\">\n\t\t\t<div class=\"elementor-widget-wrap\">\n\t\t\t\t\t\t\t<\/div>\n\t\t<\/div>\n\t\t\t\t\t<\/div>\n\t\t<\/section>\n\t\t\t\t<section class=\"elementor-section elementor-top-section elementor-element elementor-element-4e14054 elementor-section-boxed elementor-section-height-default elementor-section-height-default\" data-id=\"4e14054\" data-element_type=\"section\" data-e-type=\"section\">\n\t\t\t\t\t\t<div class=\"elementor-container elementor-column-gap-default\">\n\t\t\t\t\t<div class=\"elementor-column elementor-col-100 elementor-top-column elementor-element elementor-element-291a71a\" data-id=\"291a71a\" data-element_type=\"column\" data-e-type=\"column\">\n\t\t\t<div class=\"elementor-widget-wrap elementor-element-populated\">\n\t\t\t\t\t\t<div class=\"elementor-element elementor-element-75aa137 elementor-position-inline-start elementor-view-default elementor-mobile-position-block-start elementor-widget elementor-widget-icon-box\" data-id=\"75aa137\" data-element_type=\"widget\" data-e-type=\"widget\" data-widget_type=\"icon-box.default\">\n\t\t\t\t<div class=\"elementor-widget-container\">\n\t\t\t\t\t\t\t<div class=\"elementor-icon-box-wrapper\">\n\n\t\t\t\t\t\t<div class=\"elementor-icon-box-icon\">\n\t\t\t\t<span  class=\"elementor-icon\">\n\t\t\t\t<i class=\"fa fa-thumbs-up\" aria-hidden=\"true\"><\/i>\t\t\t\t<\/span>\n\t\t\t<\/div>\n\t\t\t\n\t\t\t\t\t\t<div class=\"elementor-icon-box-content\">\n\n\t\t\t\t\t\t\t\t\t<h1 class=\"elementor-icon-box-title\">\n\t\t\t\t\t\t<span  >\n\t\t\t\t\t\t\tEsita arveid ilma ettev\u00f5tteta\t\t\t\t\t\t<\/span>\n\t\t\t\t\t<\/h1>\n\t\t\t\t\n\t\t\t\t\n\t\t\t<\/div>\n\t\t\t\n\t\t<\/div>\n\t\t\t\t\t\t<\/div>\n\t\t\t\t<\/div>\n\t\t\t\t\t<\/div>\n\t\t<\/div>\n\t\t\t\t\t<\/div>\n\t\t<\/section>\n\t\t\t\t<section class=\"elementor-section elementor-top-section elementor-element elementor-element-7d974055 elementor-section-boxed elementor-section-height-default elementor-section-height-default\" data-id=\"7d974055\" data-element_type=\"section\" data-e-type=\"section\">\n\t\t\t\t\t\t<div class=\"elementor-container elementor-column-gap-default\">\n\t\t\t\t\t<div class=\"elementor-column elementor-col-100 elementor-top-column elementor-element elementor-element-2b33a79f\" data-id=\"2b33a79f\" data-element_type=\"column\" data-e-type=\"column\">\n\t\t\t<div class=\"elementor-widget-wrap elementor-element-populated\">\n\t\t\t\t\t\t<div class=\"elementor-element elementor-element-4788007b elementor-widget elementor-widget-heading\" data-id=\"4788007b\" data-element_type=\"widget\" data-e-type=\"widget\" data-widget_type=\"heading.default\">\n\t\t\t\t<div class=\"elementor-widget-container\">\n\t\t\t\t\t<h2 class=\"elementor-heading-title elementor-size-default\">FoxDo pakub sulle t\u00f6\u00f6d<\/h2>\t\t\t\t<\/div>\n\t\t\t\t<\/div>\n\t\t\t\t\t<\/div>\n\t\t<\/div>\n\t\t\t\t\t<\/div>\n\t\t<\/section>\n\t\t\t\t<section class=\"elementor-section elementor-top-section elementor-element elementor-element-e0b76c4 elementor-section-content-middle elementor-section-boxed elementor-section-height-default elementor-section-height-default\" data-id=\"e0b76c4\" data-element_type=\"section\" data-e-type=\"section\">\n\t\t\t\t\t\t<div class=\"elementor-container elementor-column-gap-default\">\n\t\t\t\t\t<div class=\"elementor-column elementor-col-100 elementor-top-column elementor-element elementor-element-0b99e81\" data-id=\"0b99e81\" data-element_type=\"column\" data-e-type=\"column\">\n\t\t\t<div class=\"elementor-widget-wrap elementor-element-populated\">\n\t\t\t\t\t\t<div class=\"elementor-element elementor-element-b17652c elementor-widget elementor-widget-text-editor\" data-id=\"b17652c\" data-element_type=\"widget\" data-e-type=\"widget\" data-widget_type=\"text-editor.default\">\n\t\t\t\t<div class=\"elementor-widget-container\">\n\t\t\t\t\t\t\t\t\t<p>FoxDo pakub kergettev\u00f5tjatele t\u00f6id kinnisvarahoolduses, nagu muruniitmine, -riisumine ja lumekoristus, samuti ehitus ja renoveerimine. FoxDo t\u00f6\u00f6tajad v\u00f5ivad juba olla ehitusspetsialistid v\u00f5i motiveeritud meistrid. FoxDo \u00fchendab teid oma oskustega sobiva t\u00f6\u00f6ga.\u00a0<\/p>\t\t\t\t\t\t\t\t<\/div>\n\t\t\t\t<\/div>\n\t\t\t\t\t<\/div>\n\t\t<\/div>\n\t\t\t\t\t<\/div>\n\t\t<\/section>\n\t\t\t\t<section class=\"elementor-section elementor-top-section elementor-element elementor-element-41f2f71 elementor-section-boxed elementor-section-height-default elementor-section-height-default\" data-id=\"41f2f71\" data-element_type=\"section\" data-e-type=\"section\">\n\t\t\t\t\t\t<div class=\"elementor-container elementor-column-gap-default\">\n\t\t\t\t\t<div class=\"elementor-column elementor-col-100 elementor-top-column elementor-element elementor-element-96af035\" data-id=\"96af035\" data-element_type=\"column\" data-e-type=\"column\">\n\t\t\t<div class=\"elementor-widget-wrap elementor-element-populated\">\n\t\t\t\t\t\t<div class=\"elementor-element elementor-element-79ff7a5 elementor-align-center elementor-widget elementor-widget-button\" data-id=\"79ff7a5\" data-element_type=\"widget\" data-e-type=\"widget\" data-widget_type=\"button.default\">\n\t\t\t\t<div class=\"elementor-widget-container\">\n\t\t\t\t\t\t\t\t\t<div class=\"elementor-button-wrapper\">\n\t\t\t\t\t<a class=\"elementor-button elementor-button-link elementor-size-md\" href=\"https:\/\/www.foxdo.fi\/\" target=\"_blank\">\n\t\t\t\t\t\t<span class=\"elementor-button-content-wrapper\">\n\t\t\t\t\t\t\t\t\t<span class=\"elementor-button-text\">LOE LISAKS<\/span>\n\t\t\t\t\t<\/span>\n\t\t\t\t\t<\/a>\n\t\t\t\t<\/div>\n\t\t\t\t\t\t\t\t<\/div>\n\t\t\t\t<\/div>\n\t\t\t\t\t<\/div>\n\t\t<\/div>\n\t\t\t\t\t<\/div>\n\t\t<\/section>\n\t\t\t\t<section class=\"elementor-section elementor-top-section elementor-element elementor-element-34f67ef elementor-section-boxed elementor-section-height-default elementor-section-height-default\" data-id=\"34f67ef\" data-element_type=\"section\" data-e-type=\"section\">\n\t\t\t\t\t\t<div class=\"elementor-container elementor-column-gap-default\">\n\t\t\t\t\t<div class=\"elementor-column elementor-col-100 elementor-top-column elementor-element elementor-element-be77321\" data-id=\"be77321\" data-element_type=\"column\" data-e-type=\"column\">\n\t\t\t<div class=\"elementor-widget-wrap elementor-element-populated\">\n\t\t\t\t\t\t<div class=\"elementor-element elementor-element-aa786db elementor-widget elementor-widget-heading\" data-id=\"aa786db\" data-element_type=\"widget\" data-e-type=\"widget\" data-widget_type=\"heading.default\">\n\t\t\t\t<div class=\"elementor-widget-container\">\n\t\t\t\t\t<h2 class=\"elementor-heading-title elementor-size-default\">Kas sa otsid t\u00f6\u00f6tajat?<\/h2>\t\t\t\t<\/div>\n\t\t\t\t<\/div>\n\t\t\t\t\t<\/div>\n\t\t<\/div>\n\t\t\t\t\t<\/div>\n\t\t<\/section>\n\t\t\t\t<section class=\"elementor-section elementor-top-section elementor-element elementor-element-9313e2e elementor-section-boxed elementor-section-height-default elementor-section-height-default\" data-id=\"9313e2e\" data-element_type=\"section\" data-e-type=\"section\">\n\t\t\t\t\t\t<div class=\"elementor-container elementor-column-gap-default\">\n\t\t\t\t\t<div class=\"elementor-column elementor-col-100 elementor-top-column elementor-element elementor-element-3a1e469\" data-id=\"3a1e469\" data-element_type=\"column\" data-e-type=\"column\">\n\t\t\t<div class=\"elementor-widget-wrap elementor-element-populated\">\n\t\t\t\t\t\t<div class=\"elementor-element elementor-element-d2f4d6d elementor-widget elementor-widget-text-editor\" data-id=\"d2f4d6d\" data-element_type=\"widget\" data-e-type=\"widget\" data-widget_type=\"text-editor.default\">\n\t\t\t\t<div class=\"elementor-widget-container\">\n\t\t\t\t\t\t\t\t\t<p>Olenemata sellest, kas olete ettev\u00f5tja v\u00f5i \u00fcksikisik, pakub FoxDo teile lihtsat v\u00f5imalust omale ehitaja leidmiseks. FoxDo pakub t\u00f6\u00f6tajaid aiandus-, puhastus-, ehitus- v\u00f5i pinnaseehitust\u00f6\u00f6deks. Leidke l\u00e4him t\u00f6\u00f6taja sihtnumbri kaudu, valige oma t\u00f6\u00f6 jaoks parim aeg ja j\u00e4lgige interneti kaudu julgelt t\u00f6\u00f6de valmimist.\u00a0<\/p>\t\t\t\t\t\t\t\t<\/div>\n\t\t\t\t<\/div>\n\t\t\t\t\t<\/div>\n\t\t<\/div>\n\t\t\t\t\t<\/div>\n\t\t<\/section>\n\t\t\t\t<section class=\"elementor-section elementor-top-section elementor-element elementor-element-c60ef46 elementor-section-boxed elementor-section-height-default elementor-section-height-default\" data-id=\"c60ef46\" data-element_type=\"section\" data-e-type=\"section\">\n\t\t\t\t\t\t<div class=\"elementor-container elementor-column-gap-default\">\n\t\t\t\t\t<div class=\"elementor-column elementor-col-100 elementor-top-column elementor-element elementor-element-419f3c2\" data-id=\"419f3c2\" data-element_type=\"column\" data-e-type=\"column\">\n\t\t\t<div class=\"elementor-widget-wrap elementor-element-populated\">\n\t\t\t\t\t\t<div class=\"elementor-element elementor-element-9978e7b elementor-align-center elementor-widget elementor-widget-button\" data-id=\"9978e7b\" data-element_type=\"widget\" data-e-type=\"widget\" data-widget_type=\"button.default\">\n\t\t\t\t<div class=\"elementor-widget-container\">\n\t\t\t\t\t\t\t\t\t<div class=\"elementor-button-wrapper\">\n\t\t\t\t\t<a class=\"elementor-button elementor-button-link elementor-size-md\" href=\"https:\/\/www.foxdo.fi\/\" target=\"_blank\">\n\t\t\t\t\t\t<span class=\"elementor-button-content-wrapper\">\n\t\t\t\t\t\t\t\t\t<span class=\"elementor-button-text\">LOE LISAKS<\/span>\n\t\t\t\t\t<\/span>\n\t\t\t\t\t<\/a>\n\t\t\t\t<\/div>\n\t\t\t\t\t\t\t\t<\/div>\n\t\t\t\t<\/div>\n\t\t\t\t\t<\/div>\n\t\t<\/div>\n\t\t\t\t\t<\/div>\n\t\t<\/section>\n\t\t\t\t<section class=\"elementor-section elementor-top-section elementor-element elementor-element-b2b8c24 elementor-section-boxed elementor-section-height-default elementor-section-height-default\" data-id=\"b2b8c24\" data-element_type=\"section\" data-e-type=\"section\">\n\t\t\t\t\t\t<div class=\"elementor-container elementor-column-gap-default\">\n\t\t\t\t\t<div class=\"elementor-column elementor-col-100 elementor-top-column elementor-element elementor-element-26183a1\" data-id=\"26183a1\" data-element_type=\"column\" data-e-type=\"column\">\n\t\t\t<div class=\"elementor-widget-wrap elementor-element-populated\">\n\t\t\t\t\t\t<div class=\"elementor-element elementor-element-9964302 elementor-widget elementor-widget-heading\" data-id=\"9964302\" data-element_type=\"widget\" data-e-type=\"widget\" data-widget_type=\"heading.default\">\n\t\t\t\t<div class=\"elementor-widget-container\">\n\t\t\t\t\t<h2 class=\"elementor-heading-title elementor-size-default\">Foxdo + kassavirtanen<\/h2>\t\t\t\t<\/div>\n\t\t\t\t<\/div>\n\t\t\t\t\t<\/div>\n\t\t<\/div>\n\t\t\t\t\t<\/div>\n\t\t<\/section>\n\t\t\t\t<section class=\"elementor-section elementor-top-section elementor-element elementor-element-3321877 elementor-section-boxed elementor-section-height-default elementor-section-height-default\" data-id=\"3321877\" data-element_type=\"section\" data-e-type=\"section\">\n\t\t\t\t\t\t<div class=\"elementor-container elementor-column-gap-default\">\n\t\t\t\t\t<div class=\"elementor-column elementor-col-100 elementor-top-column elementor-element elementor-element-7fdf7c0\" data-id=\"7fdf7c0\" data-element_type=\"column\" data-e-type=\"column\">\n\t\t\t<div class=\"elementor-widget-wrap elementor-element-populated\">\n\t\t\t\t\t\t<div class=\"elementor-element elementor-element-965f55b elementor-widget elementor-widget-text-editor\" data-id=\"965f55b\" data-element_type=\"widget\" data-e-type=\"widget\" data-widget_type=\"text-editor.default\">\n\t\t\t\t<div class=\"elementor-widget-container\">\n\t\t\t\t\t\t\t\t\t<p>FoxDo on t\u00f6\u00f6de tarnija, kuid k\u00f5ige lihtsam on oma t\u00f6\u00f6 eest arvete esitamine Kassavirtaneni arveldusteenuse kaudu.<\/p>\t\t\t\t\t\t\t\t<\/div>\n\t\t\t\t<\/div>\n\t\t\t\t\t<\/div>\n\t\t<\/div>\n\t\t\t\t\t<\/div>\n\t\t<\/section>\n\t\t\t\t<section class=\"elementor-section elementor-top-section elementor-element elementor-element-bb42b8a elementor-section-boxed elementor-section-height-default elementor-section-height-default\" data-id=\"bb42b8a\" data-element_type=\"section\" data-e-type=\"section\">\n\t\t\t\t\t\t<div class=\"elementor-container elementor-column-gap-default\">\n\t\t\t\t\t<div class=\"elementor-column elementor-col-33 elementor-top-column elementor-element elementor-element-6cd70a0\" data-id=\"6cd70a0\" data-element_type=\"column\" data-e-type=\"column\">\n\t\t\t<div class=\"elementor-widget-wrap elementor-element-populated\">\n\t\t\t\t\t\t<div class=\"elementor-element elementor-element-8556dff elementor-widget elementor-widget-text-editor\" data-id=\"8556dff\" data-element_type=\"widget\" data-e-type=\"widget\" data-widget_type=\"text-editor.default\">\n\t\t\t\t<div class=\"elementor-widget-container\">\n\t\t\t\t\t\t\t\t\t<h2 class=\"elementor-heading-title elementor-size-default elementor-inline-editing pen\" contenteditable=\"true\" data-elementor-setting-key=\"title\" data-pen-placeholder=\"Type Here...\">1. Registreerige FoxDo ja Kassavirtaneni teenused<\/h2>\t\t\t\t\t\t\t\t<\/div>\n\t\t\t\t<\/div>\n\t\t\t\t\t<\/div>\n\t\t<\/div>\n\t\t\t\t<div class=\"elementor-column elementor-col-33 elementor-top-column elementor-element elementor-element-d22dcbd\" data-id=\"d22dcbd\" data-element_type=\"column\" data-e-type=\"column\">\n\t\t\t<div class=\"elementor-widget-wrap elementor-element-populated\">\n\t\t\t\t\t\t<div class=\"elementor-element elementor-element-0df5a99 elementor-widget elementor-widget-text-editor\" data-id=\"0df5a99\" data-element_type=\"widget\" data-e-type=\"widget\" data-widget_type=\"text-editor.default\">\n\t\t\t\t<div class=\"elementor-widget-container\">\n\t\t\t\t\t\t\t\t\t<h2 class=\"elementor-heading-title elementor-size-default elementor-inline-editing pen\" contenteditable=\"true\" data-elementor-setting-key=\"title\" data-pen-placeholder=\"Type Here...\">2. Tehke t\u00f6\u00f6<\/h2>\t\t\t\t\t\t\t\t<\/div>\n\t\t\t\t<\/div>\n\t\t\t\t\t<\/div>\n\t\t<\/div>\n\t\t\t\t<div class=\"elementor-column elementor-col-33 elementor-top-column elementor-element elementor-element-37916b9\" data-id=\"37916b9\" data-element_type=\"column\" data-e-type=\"column\">\n\t\t\t<div class=\"elementor-widget-wrap elementor-element-populated\">\n\t\t\t\t\t\t<div class=\"elementor-element elementor-element-61268cd elementor-widget elementor-widget-text-editor\" data-id=\"61268cd\" data-element_type=\"widget\" data-e-type=\"widget\" data-widget_type=\"text-editor.default\">\n\t\t\t\t<div class=\"elementor-widget-container\">\n\t\t\t\t\t\t\t\t\t<h2 class=\"elementor-heading-title elementor-size-default elementor-inline-editing pen\" contenteditable=\"true\" data-elementor-setting-key=\"title\" data-pen-placeholder=\"Type Here...\">3. Esitage arve ja saage tasu<\/h2>\t\t\t\t\t\t\t\t<\/div>\n\t\t\t\t<\/div>\n\t\t\t\t\t<\/div>\n\t\t<\/div>\n\t\t\t\t\t<\/div>\n\t\t<\/section>\n\t\t\t\t<\/div>","protected":false},"excerpt":{"rendered":"<p>VAPAUTTA JA HELPPOUTTA TY\u00d6NTEKOON FOXDOLTA kevytyritt\u00e4jille TY\u00d6N TOIMEKSIANNOT SUORAAN FOXDOLTA Rekister\u00f6idy Laskuta ilman yrityst\u00e4 FoxDo tarjoaa sinulle T\u00d6IT\u00c4 FoxDo tarjoaa kevytyritt\u00e4jille ty\u00f6tilauksia kiinteist\u00f6nhuollon kuten nurmikon, haravoinnin ja lumit\u00f6iden sek\u00e4 rakentamisen ja remontoinnin parista. Tekij\u00e4t voivat olla jo rakentamisen ammattilaisia tai motivoituneita k\u00e4dentaitajia. FoxDo yhdist\u00e4\u00e4 sinut taitojasi vastaavaan ty\u00f6h\u00f6n.&nbsp; LUE LIS\u00c4\u00c4 &hellip;<\/p>\n<p class=\"read-more\"> <a class=\"\" href=\"https:\/\/kassavirtanen.fi\/est\/foxdo\/\"> <span class=\"screen-reader-text\">FoxDo<\/span> Read More &raquo;<\/a><\/p>","protected":false},"author":1,"featured_media":0,"parent":0,"menu_order":0,"comment_status":"closed","ping_status":"closed","template":"","meta":{"footnotes":""},"class_list":["post-1998","page","type-page","status-publish","hentry"],"yoast_head":"<!-- This site is optimized with the Yoast SEO plugin v27.3 - https:\/\/yoast.com\/product\/yoast-seo-wordpress\/ -->\n<title>FoxDo -<\/title>\n<meta name=\"robots\" content=\"index, follow, max-snippet:-1, max-image-preview:large, max-video-preview:-1\" \/>\n<link rel=\"canonical\" href=\"https:\/\/kassavirtanen.fi\/est\/foxdo\/\" \/>\n<meta property=\"og:locale\" content=\"et_EE\" \/>\n<meta property=\"og:type\" content=\"article\" \/>\n<meta property=\"og:title\" content=\"FoxDo -\" \/>\n<meta property=\"og:description\" content=\"VAPAUTTA JA HELPPOUTTA TY\u00d6NTEKOON FOXDOLTA kevytyritt\u00e4jille TY\u00d6N TOIMEKSIANNOT SUORAAN FOXDOLTA Rekister\u00f6idy Laskuta ilman yrityst\u00e4 FoxDo tarjoaa sinulle T\u00d6IT\u00c4 FoxDo tarjoaa kevytyritt\u00e4jille ty\u00f6tilauksia kiinteist\u00f6nhuollon kuten nurmikon, haravoinnin ja lumit\u00f6iden sek\u00e4 rakentamisen ja remontoinnin parista. Tekij\u00e4t voivat olla jo rakentamisen ammattilaisia tai motivoituneita k\u00e4dentaitajia. FoxDo yhdist\u00e4\u00e4 sinut taitojasi vastaavaan ty\u00f6h\u00f6n.&nbsp; LUE LIS\u00c4\u00c4 &hellip; FoxDo Read More &raquo;\" \/>\n<meta property=\"og:url\" content=\"https:\/\/kassavirtanen.fi\/est\/foxdo\/\" \/>\n<meta property=\"article:modified_time\" content=\"2020-10-27T13:57:08+00:00\" \/>\n<meta name=\"twitter:card\" content=\"summary_large_image\" \/>\n<meta name=\"twitter:label1\" content=\"Est. reading time\" \/>\n\t<meta name=\"twitter:data1\" content=\"1 minut\" \/>\n<script type=\"application\/ld+json\" class=\"yoast-schema-graph\">{\"@context\":\"https:\\\/\\\/schema.org\",\"@graph\":[{\"@type\":\"WebPage\",\"@id\":\"https:\\\/\\\/kassavirtanen.fi\\\/en\\\/foxdo\\\/\",\"url\":\"https:\\\/\\\/kassavirtanen.fi\\\/en\\\/foxdo\\\/\",\"name\":\"FoxDo -\",\"isPartOf\":{\"@id\":\"https:\\\/\\\/kassavirtanen.fi\\\/#website\"},\"datePublished\":\"2019-06-04T11:22:10+00:00\",\"dateModified\":\"2020-10-27T13:57:08+00:00\",\"breadcrumb\":{\"@id\":\"https:\\\/\\\/kassavirtanen.fi\\\/en\\\/foxdo\\\/#breadcrumb\"},\"inLanguage\":\"et\",\"potentialAction\":[{\"@type\":\"ReadAction\",\"target\":[\"https:\\\/\\\/kassavirtanen.fi\\\/en\\\/foxdo\\\/\"]}]},{\"@type\":\"BreadcrumbList\",\"@id\":\"https:\\\/\\\/kassavirtanen.fi\\\/en\\\/foxdo\\\/#breadcrumb\",\"itemListElement\":[{\"@type\":\"ListItem\",\"position\":1,\"name\":\"Home\",\"item\":\"https:\\\/\\\/kassavirtanen.fi\\\/\"},{\"@type\":\"ListItem\",\"position\":2,\"name\":\"FoxDo\"}]},{\"@type\":\"WebSite\",\"@id\":\"https:\\\/\\\/kassavirtanen.fi\\\/#website\",\"url\":\"https:\\\/\\\/kassavirtanen.fi\\\/\",\"name\":\"\",\"description\":\"laskuta ilman yrityst&auml; kassavirtanen\",\"potentialAction\":[{\"@type\":\"SearchAction\",\"target\":{\"@type\":\"EntryPoint\",\"urlTemplate\":\"https:\\\/\\\/kassavirtanen.fi\\\/?s={search_term_string}\"},\"query-input\":{\"@type\":\"PropertyValueSpecification\",\"valueRequired\":true,\"valueName\":\"search_term_string\"}}],\"inLanguage\":\"et\"}]}<\/script>\n<!-- \/ Yoast SEO plugin. -->","yoast_head_json":{"title":"FoxDo -","robots":{"index":"index","follow":"follow","max-snippet":"max-snippet:-1","max-image-preview":"max-image-preview:large","max-video-preview":"max-video-preview:-1"},"canonical":"https:\/\/kassavirtanen.fi\/est\/foxdo\/","og_locale":"et_EE","og_type":"article","og_title":"FoxDo -","og_description":"VAPAUTTA JA HELPPOUTTA TY\u00d6NTEKOON FOXDOLTA kevytyritt\u00e4jille TY\u00d6N TOIMEKSIANNOT SUORAAN FOXDOLTA Rekister\u00f6idy Laskuta ilman yrityst\u00e4 FoxDo tarjoaa sinulle T\u00d6IT\u00c4 FoxDo tarjoaa kevytyritt\u00e4jille ty\u00f6tilauksia kiinteist\u00f6nhuollon kuten nurmikon, haravoinnin ja lumit\u00f6iden sek\u00e4 rakentamisen ja remontoinnin parista. Tekij\u00e4t voivat olla jo rakentamisen ammattilaisia tai motivoituneita k\u00e4dentaitajia. FoxDo yhdist\u00e4\u00e4 sinut taitojasi vastaavaan ty\u00f6h\u00f6n.&nbsp; LUE LIS\u00c4\u00c4 &hellip; FoxDo Read More &raquo;","og_url":"https:\/\/kassavirtanen.fi\/est\/foxdo\/","article_modified_time":"2020-10-27T13:57:08+00:00","twitter_card":"summary_large_image","twitter_misc":{"Est. reading time":"1 minut"},"schema":{"@context":"https:\/\/schema.org","@graph":[{"@type":"WebPage","@id":"https:\/\/kassavirtanen.fi\/en\/foxdo\/","url":"https:\/\/kassavirtanen.fi\/en\/foxdo\/","name":"FoxDo -","isPartOf":{"@id":"https:\/\/kassavirtanen.fi\/#website"},"datePublished":"2019-06-04T11:22:10+00:00","dateModified":"2020-10-27T13:57:08+00:00","breadcrumb":{"@id":"https:\/\/kassavirtanen.fi\/en\/foxdo\/#breadcrumb"},"inLanguage":"et","potentialAction":[{"@type":"ReadAction","target":["https:\/\/kassavirtanen.fi\/en\/foxdo\/"]}]},{"@type":"BreadcrumbList","@id":"https:\/\/kassavirtanen.fi\/en\/foxdo\/#breadcrumb","itemListElement":[{"@type":"ListItem","position":1,"name":"Home","item":"https:\/\/kassavirtanen.fi\/"},{"@type":"ListItem","position":2,"name":"FoxDo"}]},{"@type":"WebSite","@id":"https:\/\/kassavirtanen.fi\/#website","url":"https:\/\/kassavirtanen.fi\/","name":"","description":"laskuta ilman yrityst&auml; kassavirtanen","potentialAction":[{"@type":"SearchAction","target":{"@type":"EntryPoint","urlTemplate":"https:\/\/kassavirtanen.fi\/?s={search_term_string}"},"query-input":{"@type":"PropertyValueSpecification","valueRequired":true,"valueName":"search_term_string"}}],"inLanguage":"et"}]}},"_links":{"self":[{"href":"https:\/\/kassavirtanen.fi\/est\/wp-json\/wp\/v2\/pages\/1998","targetHints":{"allow":["GET"]}}],"collection":[{"href":"https:\/\/kassavirtanen.fi\/est\/wp-json\/wp\/v2\/pages"}],"about":[{"href":"https:\/\/kassavirtanen.fi\/est\/wp-json\/wp\/v2\/types\/page"}],"author":[{"embeddable":true,"href":"https:\/\/kassavirtanen.fi\/est\/wp-json\/wp\/v2\/users\/1"}],"replies":[{"embeddable":true,"href":"https:\/\/kassavirtanen.fi\/est\/wp-json\/wp\/v2\/comments?post=1998"}],"version-history":[{"count":0,"href":"https:\/\/kassavirtanen.fi\/est\/wp-json\/wp\/v2\/pages\/1998\/revisions"}],"wp:attachment":[{"href":"https:\/\/kassavirtanen.fi\/est\/wp-json\/wp\/v2\/media?parent=1998"}],"curies":[{"name":"wp","href":"https:\/\/api.w.org\/{rel}","templated":true}]}}