{"id":2745,"date":"2020-04-24T09:21:13","date_gmt":"2020-04-24T09:21:13","guid":{"rendered":"https:\/\/kassavirtanen.fi\/?page_id=2745"},"modified":"2021-06-15T09:13:55","modified_gmt":"2021-06-15T09:13:55","slug":"arvonta","status":"publish","type":"page","link":"https:\/\/kassavirtanen.fi\/est\/arvonta\/","title":{"rendered":"arvonta"},"content":{"rendered":"<div data-elementor-type=\"wp-page\" data-elementor-id=\"2745\" class=\"elementor elementor-2745\" data-elementor-post-type=\"page\">\n\t\t\t\t\t\t<section class=\"elementor-section elementor-top-section elementor-element elementor-element-1220a07e elementor-section-boxed elementor-section-height-default elementor-section-height-default\" data-id=\"1220a07e\" data-element_type=\"section\" data-e-type=\"section\" data-settings=\"{&quot;background_background&quot;:&quot;classic&quot;,&quot;shape_divider_bottom&quot;:&quot;waves&quot;}\">\n\t\t\t\t\t\t\t<div class=\"elementor-background-overlay\"><\/div>\n\t\t\t\t\t\t<div class=\"elementor-shape elementor-shape-bottom\" aria-hidden=\"true\" data-negative=\"false\">\n\t\t\t<svg xmlns=\"http:\/\/www.w3.org\/2000\/svg\" viewbox=\"0 0 1000 100\" preserveaspectratio=\"none\">\n\t<path class=\"elementor-shape-fill\" d=\"M421.9,6.5c22.6-2.5,51.5,0.4,75.5,5.3c23.6,4.9,70.9,23.5,100.5,35.7c75.8,32.2,133.7,44.5,192.6,49.7\tc23.6,2.1,48.7,3.5,103.4-2.5c54.7-6,106.2-25.6,106.2-25.6V0H0v30.3c0,0,72,32.6,158.4,30.5c39.2-0.7,92.8-6.7,134-22.4\tc21.2-8.1,52.2-18.2,79.7-24.2C399.3,7.9,411.6,7.5,421.9,6.5z\"\/>\n<\/svg>\t\t<\/div>\n\t\t\t\t\t<div class=\"elementor-container elementor-column-gap-default\">\n\t\t\t\t\t<div class=\"elementor-column elementor-col-33 elementor-top-column elementor-element elementor-element-6a962588\" data-id=\"6a962588\" data-element_type=\"column\" data-e-type=\"column\">\n\t\t\t<div class=\"elementor-widget-wrap\">\n\t\t\t\t\t\t\t<\/div>\n\t\t<\/div>\n\t\t\t\t<div class=\"elementor-column elementor-col-33 elementor-top-column elementor-element elementor-element-424c415e\" data-id=\"424c415e\" data-element_type=\"column\" data-e-type=\"column\">\n\t\t\t<div class=\"elementor-widget-wrap elementor-element-populated\">\n\t\t\t\t\t\t<div class=\"elementor-element elementor-element-67cb8f2b elementor-widget elementor-widget-heading\" data-id=\"67cb8f2b\" data-element_type=\"widget\" data-e-type=\"widget\" data-widget_type=\"heading.default\">\n\t\t\t\t<div class=\"elementor-widget-container\">\n\t\t\t\t\t<h1 class=\"elementor-heading-title elementor-size-xxl\">LASKUTA &amp; VOITA\n<\/h1>\t\t\t\t<\/div>\n\t\t\t\t<\/div>\n\t\t\t\t<div class=\"elementor-element elementor-element-1a18214c elementor-widget elementor-widget-heading\" data-id=\"1a18214c\" data-element_type=\"widget\" data-e-type=\"widget\" data-widget_type=\"heading.default\">\n\t\t\t\t<div class=\"elementor-widget-container\">\n\t\t\t\t\t<p class=\"elementor-heading-title elementor-size-default\">ARVONNAN EHDOT<\/p>\t\t\t\t<\/div>\n\t\t\t\t<\/div>\n\t\t\t\t<div class=\"elementor-element elementor-element-6f5d2db7 elementor-align-center elementor-widget elementor-widget-button\" data-id=\"6f5d2db7\" data-element_type=\"widget\" data-e-type=\"widget\" data-widget_type=\"button.default\">\n\t\t\t\t<div class=\"elementor-widget-container\">\n\t\t\t\t\t\t\t\t\t<div class=\"elementor-button-wrapper\">\n\t\t\t\t\t<a class=\"elementor-button elementor-button-link elementor-size-md elementor-animation-grow\" href=\"https:\/\/kassavirtanen.fi\/est\/#register%20\" target=\"_blank\">\n\t\t\t\t\t\t<span class=\"elementor-button-content-wrapper\">\n\t\t\t\t\t\t\t\t\t<span class=\"elementor-button-text\">REKISTER\u00d6IDY ILMAISEKSI<\/span>\n\t\t\t\t\t<\/span>\n\t\t\t\t\t<\/a>\n\t\t\t\t<\/div>\n\t\t\t\t\t\t\t\t<\/div>\n\t\t\t\t<\/div>\n\t\t\t\t\t<\/div>\n\t\t<\/div>\n\t\t\t\t<div class=\"elementor-column elementor-col-33 elementor-top-column elementor-element elementor-element-7d49dc82\" data-id=\"7d49dc82\" data-element_type=\"column\" data-e-type=\"column\">\n\t\t\t<div class=\"elementor-widget-wrap\">\n\t\t\t\t\t\t\t<\/div>\n\t\t<\/div>\n\t\t\t\t\t<\/div>\n\t\t<\/section>\n\t\t\t\t<section class=\"elementor-section elementor-top-section elementor-element elementor-element-8d6be0b elementor-section-boxed elementor-section-height-default elementor-section-height-default\" data-id=\"8d6be0b\" data-element_type=\"section\" data-e-type=\"section\">\n\t\t\t\t\t\t<div class=\"elementor-container elementor-column-gap-default\">\n\t\t\t\t\t<div class=\"elementor-column elementor-col-100 elementor-top-column elementor-element elementor-element-4355b31\" data-id=\"4355b31\" data-element_type=\"column\" data-e-type=\"column\">\n\t\t\t<div class=\"elementor-widget-wrap elementor-element-populated\">\n\t\t\t\t\t\t<div class=\"elementor-element elementor-element-2f81c2a elementor-widget elementor-widget-spacer\" data-id=\"2f81c2a\" data-element_type=\"widget\" data-e-type=\"widget\" data-widget_type=\"spacer.default\">\n\t\t\t\t<div class=\"elementor-widget-container\">\n\t\t\t\t\t\t\t<div class=\"elementor-spacer\">\n\t\t\t<div class=\"elementor-spacer-inner\"><\/div>\n\t\t<\/div>\n\t\t\t\t\t\t<\/div>\n\t\t\t\t<\/div>\n\t\t\t\t\t<\/div>\n\t\t<\/div>\n\t\t\t\t\t<\/div>\n\t\t<\/section>\n\t\t\t\t<section class=\"elementor-section elementor-top-section elementor-element elementor-element-0bdb075 elementor-section-boxed elementor-section-height-default elementor-section-height-default\" data-id=\"0bdb075\" data-element_type=\"section\" data-e-type=\"section\">\n\t\t\t\t\t\t<div class=\"elementor-container elementor-column-gap-default\">\n\t\t\t\t\t<div class=\"elementor-column elementor-col-100 elementor-top-column elementor-element elementor-element-563bfeb\" data-id=\"563bfeb\" data-element_type=\"column\" data-e-type=\"column\">\n\t\t\t<div class=\"elementor-widget-wrap elementor-element-populated\">\n\t\t\t\t\t\t<div class=\"elementor-element elementor-element-4066832 elementor-widget elementor-widget-heading\" data-id=\"4066832\" data-element_type=\"widget\" data-e-type=\"widget\" data-widget_type=\"heading.default\">\n\t\t\t\t<div class=\"elementor-widget-container\">\n\t\t\t\t\t<h2 class=\"elementor-heading-title elementor-size-default\">ARVOMME 4 PAKETTIA FAZERIN 18KPL SUKLAALEVYJ\u00c4<\/h2>\t\t\t\t<\/div>\n\t\t\t\t<\/div>\n\t\t\t\t\t<\/div>\n\t\t<\/div>\n\t\t\t\t\t<\/div>\n\t\t<\/section>\n\t\t\t\t<section class=\"elementor-section elementor-top-section elementor-element elementor-element-bea50b3 elementor-section-boxed elementor-section-height-default elementor-section-height-default\" data-id=\"bea50b3\" data-element_type=\"section\" data-e-type=\"section\">\n\t\t\t\t\t\t<div class=\"elementor-container elementor-column-gap-default\">\n\t\t\t\t\t<div class=\"elementor-column elementor-col-100 elementor-top-column elementor-element elementor-element-6ea073c\" data-id=\"6ea073c\" data-element_type=\"column\" data-e-type=\"column\">\n\t\t\t<div class=\"elementor-widget-wrap elementor-element-populated\">\n\t\t\t\t\t\t<div class=\"elementor-element elementor-element-5208e14 elementor-widget elementor-widget-text-editor\" data-id=\"5208e14\" data-element_type=\"widget\" data-e-type=\"widget\" data-widget_type=\"text-editor.default\">\n\t\t\t\t<div class=\"elementor-widget-container\">\n\t\t\t\t\t\t\t\t\t<p><strong>1. J\u00e4rjest\u00e4j\u00e4<\/strong><\/p><p>Kassavirtanen Oy, y-tunnus 2803711-2, IP-osoite: kassavirtanen.fi<\/p><p><strong>2. Osallistumiskelpoisuus<\/strong><\/p><p>Arvontaan osallistuminen on mahdollista kahdella eri tapaa:<\/p><p>1) Osallistumalla arvontaan Kassavirtasen Instagramissa ja\/tai Facebookissa<\/p><p>2) Luomalla laskun kassavirtanen.fi -laskutuspalvelussa<\/p><p>Arvontaan ei voi osallistua Kassavirtanen Oy:n ty\u00f6ntekij\u00e4t, jotka ovat osallistuneet kilpailun tai sen osien valmisteluun sek\u00e4 n\u00e4iden perheenj\u00e4senet. Osallistumalla arvontaan osallistujat hyv\u00e4ksyv\u00e4t arvonnan s\u00e4\u00e4nn\u00f6t ja palkintojen voittaja vahvistaa t\u00e4ytt\u00e4v\u00e4ns\u00e4 n\u00e4iss\u00e4 s\u00e4\u00e4nn\u00f6iss\u00e4 m\u00e4\u00e4ritellyt osallistumiskelpoisuuden ehdot.<\/p><p><strong>3. Arvonta-aika<\/strong><\/p><p>Arvonta-aika alkaa 30.4.2020 klo 8:00 ja p\u00e4\u00e4ttyy 31.05.2020 klo 23:59.\u00a0<\/p><p><strong>4. Kuinka osallistua arvontaan<\/strong><\/p><p>Arvonta on k\u00e4ynniss\u00e4 kahdella eri tavalla.<\/p><p>1) Kassavirtanen.fi laskutuspalvelussa. Osallistuminen edellytt\u00e4\u00e4 uusilta asiakkailta ilmaista rekister\u00f6itymist\u00e4 laskutuspalveluun sek\u00e4 aiheellisen laskun luomista palvelun kautta toukokuun aikana. Arvonnassa ovat mukana kaikki uudet ja vanhat asiakkaat, eli laskuttamalla olet automaattisesti mukana arvonnassa. Arvonta suoritetaan kaikkien laskuttajien kesken, sattumanvaraisesti voittajan valitsevan sovelluksen avulla.<\/p><p>Osallistuminen edellytt\u00e4\u00e4\u00a0 asiakkuutta, omasta ty\u00f6st\u00e4 laskuttamista ja arvonnan voittajalta 18 vuoden ik\u00e4\u00e4.<\/p><p>2) Kassavirtasen Facebookissa ja Instagramissa. Osallistuminen tapahtuu arvonnan postauksessa ohjeiden mukaisesti.<\/p><p><strong>5. Palkinnot ja ehdot\u00a0<\/strong><\/p><p>Palkintona on yhteens\u00e4 4 kpl palkintoja, joista jokainen sis\u00e4lt\u00e4\u00e4 yhteens\u00e4 18 eri makuista suklaalevy\u00e4 Fazerilta. Yhden palkinnon arvon on yhteens\u00e4 45,90\u20ac. Suklaalevyist\u00e4 riitt\u00e4\u00e4 herkuteltavaa kotioloihin, tai voit antaa niit\u00e4 vaikka lahjaksi l\u00e4heisillesi. Palkintoja jaetaan seuraavasti:<\/p><ol><li>2 kpl palkintoja toukokuun aikana laskuttaneiden kesken<\/li><li>1 kpl Kassavirtasen Facebookissa toukokuun aikana arvontaan osallistuneiden kesken<\/li><li>Kassavirtasen Instagramissa toukokuun aikana arvontaan osallistuneiden kesken<\/li><\/ol><p>Palkintoa ei voi muuttaa rahaksi tai muuksi palkinnoksi. <\/p><p>Voittaja valitaan arvonnalla k\u00e4ytt\u00e4en arvontaohjelmaa ja voittajalle ilmoitetaan voitosta henkil\u00f6kohtaisesti s\u00e4hk\u00f6postilla tai sosiaalisen median kanavissa osallistuneiden kesken kyseisen kanavan kautta yksityisviestill\u00e4. Arvonnan j\u00e4rjest\u00e4j\u00e4 Kassavirtanen Oy saa ilmoittaa voittajan nimen t\u00e4m\u00e4n lis\u00e4ksi seuraavassa asiakkaille suunnatussa uutiskirjeess\u00e4\u00e4n rehellisen ja l\u00e4pin\u00e4kyv\u00e4n arvonnan nimiss\u00e4 ilman arvonnan voittajan erillist\u00e4 suostumusta.<\/p><p>Vastuullisuuden vuoksi arvotun voittajan on oltava v\u00e4hint\u00e4\u00e4n 18-vuotias. Emme kuitenkaan rajoita palvelun k\u00e4ytt\u00f6 erikseen alle 18-vuotiaille.<\/p><p>Jos voittajaa ei tavoiteta 48h sis\u00e4ll\u00e4, on J\u00e4rjest\u00e4j\u00e4ll\u00e4 oikeus arpoa uusi voittaja.<\/p><p><strong>6. Palkintojen toimittaminen<\/strong><\/p><p>Palkinnot toimitetaan postitse voittajalle ilman erillisi\u00e4 toimituskustannuksia. Huom! Palkinto postitetaan vain postiosoitteisiin Suomessa. J\u00e4rjest\u00e4j\u00e4 ei vastaa pakettien mahdollisista toimitusviiv\u00e4styksist\u00e4, jotka johtuvat j\u00e4rjest\u00e4j\u00e4st\u00e4 riippumattomista syist\u00e4.<\/p><p>Kaikki arvontaan osallistuvat vapauttavat J\u00e4rjest\u00e4j\u00e4n vahingosta, joka aiheutuu tai jonka v\u00e4itet\u00e4\u00e4n aiheutuneen osallistumisesta t\u00e4h\u00e4n kampanjaan. Arvonnan j\u00e4rjest\u00e4j\u00e4n vastuu osanottajia kohtaan ei ylit\u00e4 n\u00e4iss\u00e4 s\u00e4\u00e4nn\u00f6iss\u00e4 mainittujen palkintojen arvoa tai m\u00e4\u00e4r\u00e4\u00e4. J\u00e4rjest\u00e4j\u00e4 ei vastaa tietoteknisist\u00e4 syist\u00e4 johtuvista ongelmista tai esteist\u00e4 arvontaan osallistumiseen tai palkinnon vastaanottamiseen.<\/p><p><strong>7. Hallinnointi ja vastuu<\/strong><\/p><p>Arvonta ei ole Facebookin\/Instagramin sponsoroima, suosittelema tai hallinnoima. Arvontaan osallistujat sitoutuvat vapauttamaan Facebookin ja Instagramin kaikista arvontaa koskevista ja siihen liittyvist\u00e4 vastuista ja vaatimuksista. Arvonnan\u00a0s\u00e4\u00e4nt\u00f6jen lis\u00e4ksi J\u00e4rjest\u00e4j\u00e4 ja osallistujat sitoutuvat noudattamaan n\u00e4it\u00e4 palveluja koskevia s\u00e4\u00e4nt\u00f6j\u00e4.<\/p><p>N\u00e4m\u00e4 s\u00e4\u00e4nn\u00f6t ja J\u00e4rjest\u00e4j\u00e4n perusteella tekem\u00e4t p\u00e4\u00e4t\u00f6kset sitovat kaikkia osallistujia. Osallistumalla t\u00e4h\u00e4n arvontaan osallistujat sitoutuvat noudattamaan n\u00e4it\u00e4 s\u00e4\u00e4nt\u00f6j\u00e4. J\u00e4rjest\u00e4j\u00e4 ratkaisee s\u00e4\u00e4nt\u00f6jen soveltamiseen ja tulkintaan liittyv\u00e4t mahdolliset ep\u00e4selvyydet. Jos arvontaan osallistujaa on syyt\u00e4 ep\u00e4ill\u00e4 vilpist\u00e4 tai osallistumisesta muuten kuin s\u00e4\u00e4nn\u00f6iss\u00e4 mainituin tavoin, on J\u00e4rjest\u00e4j\u00e4ll\u00e4 oikeus hyl\u00e4t\u00e4 osallistuminen.<\/p><p>J\u00e4rjest\u00e4j\u00e4 pid\u00e4tt\u00e4\u00e4 itsell\u00e4\u00e4n oikeuden s\u00e4\u00e4nt\u00f6muutoksiin.<\/p><p><strong>8. Julkisuus ja markkinointi<\/strong><\/p><p>J\u00e4rjest\u00e4j\u00e4 ei ker\u00e4\u00e4 arvonnan yhteydess\u00e4 erillist\u00e4 osallistujarekisteri\u00e4, vaan arpoo voittajan luotujen laskujen perusteella, jonka perusteella saamme selville my\u00f6s voittajan yhteystiedot. Emme ker\u00e4\u00e4 erillisi\u00e4 markkinointilupia osallistujilta.<\/p><p><strong>9. Arpajaisvero<\/strong><\/p><p>J\u00e4rjest\u00e4j\u00e4 maksaa palkinnoista aiheutuvat mahdolliset arpajaisverot.<\/p><p><strong>8. Lis\u00e4tietoa kilpailusta<\/strong><\/p><p>asiakaspalvelu@kassavirtanen.fi<\/p>\t\t\t\t\t\t\t\t<\/div>\n\t\t\t\t<\/div>\n\t\t\t\t\t<\/div>\n\t\t<\/div>\n\t\t\t\t\t<\/div>\n\t\t<\/section>\n\t\t\t\t<\/div>","protected":false},"excerpt":{"rendered":"<p>LASKUTA &amp; VOITA ARVONNAN EHDOT REKISTER\u00d6IDY ILMAISEKSI ARVOMME 4 PAKETTIA FAZERIN 18KPL SUKLAALEVYJ\u00c4 1. J\u00e4rjest\u00e4j\u00e4 Kassavirtanen Oy, y-tunnus 2803711-2, IP-osoite: kassavirtanen.fi 2. Osallistumiskelpoisuus Arvontaan osallistuminen on mahdollista kahdella eri tapaa: 1) Osallistumalla arvontaan Kassavirtasen Instagramissa ja\/tai Facebookissa 2) Luomalla laskun kassavirtanen.fi -laskutuspalvelussa Arvontaan ei voi osallistua Kassavirtanen Oy:n ty\u00f6ntekij\u00e4t, jotka &hellip;<\/p>\n<p class=\"read-more\"> <a class=\"\" href=\"https:\/\/kassavirtanen.fi\/est\/arvonta\/\"> <span class=\"screen-reader-text\">arvonta<\/span> Read More &raquo;<\/a><\/p>","protected":false},"author":1,"featured_media":0,"parent":0,"menu_order":0,"comment_status":"closed","ping_status":"closed","template":"","meta":{"footnotes":""},"class_list":["post-2745","page","type-page","status-publish","hentry"],"yoast_head":"<!-- This site is optimized with the Yoast SEO plugin v27.3 - https:\/\/yoast.com\/product\/yoast-seo-wordpress\/ -->\n<title>Laskuta Fazerin suklaalevy -boksi - Lue arvonnan s\u00e4\u00e4nn\u00f6t ja ehdot<\/title>\n<meta name=\"description\" content=\"Laskuta kevytyritt\u00e4j\u00e4n\u00e4 Kassavirtanen.fi kautta toukokuun aikana tai osallistu Kassavirtasen sosiaalisessa mediassa ja olet mukana arvonnassa!\" \/>\n<meta name=\"robots\" content=\"index, follow, max-snippet:-1, max-image-preview:large, max-video-preview:-1\" \/>\n<link rel=\"canonical\" href=\"https:\/\/kassavirtanen.fi\/est\/arvonta\/\" \/>\n<meta property=\"og:locale\" content=\"et_EE\" \/>\n<meta property=\"og:type\" content=\"article\" \/>\n<meta property=\"og:title\" content=\"Laskuta Fazerin suklaalevy -boksi - Lue arvonnan s\u00e4\u00e4nn\u00f6t ja ehdot\" \/>\n<meta property=\"og:description\" content=\"Laskuta kevytyritt\u00e4j\u00e4n\u00e4 Kassavirtanen.fi kautta toukokuun aikana tai osallistu Kassavirtasen sosiaalisessa mediassa ja olet mukana arvonnassa!\" \/>\n<meta property=\"og:url\" content=\"https:\/\/kassavirtanen.fi\/est\/arvonta\/\" \/>\n<meta property=\"article:modified_time\" content=\"2021-06-15T09:13:55+00:00\" \/>\n<meta name=\"twitter:card\" content=\"summary_large_image\" \/>\n<meta name=\"twitter:label1\" content=\"Est. reading time\" \/>\n\t<meta name=\"twitter:data1\" content=\"3 minutit\" \/>\n<script type=\"application\/ld+json\" class=\"yoast-schema-graph\">{\"@context\":\"https:\\\/\\\/schema.org\",\"@graph\":[{\"@type\":\"WebPage\",\"@id\":\"https:\\\/\\\/kassavirtanen.fi\\\/ru\\\/arvonta\\\/\",\"url\":\"https:\\\/\\\/kassavirtanen.fi\\\/ru\\\/arvonta\\\/\",\"name\":\"Laskuta Fazerin suklaalevy -boksi - Lue arvonnan s\u00e4\u00e4nn\u00f6t ja ehdot\",\"isPartOf\":{\"@id\":\"https:\\\/\\\/kassavirtanen.fi\\\/#website\"},\"datePublished\":\"2020-04-24T09:21:13+00:00\",\"dateModified\":\"2021-06-15T09:13:55+00:00\",\"description\":\"Laskuta kevytyritt\u00e4j\u00e4n\u00e4 Kassavirtanen.fi kautta toukokuun aikana tai osallistu Kassavirtasen sosiaalisessa mediassa ja olet mukana arvonnassa!\",\"breadcrumb\":{\"@id\":\"https:\\\/\\\/kassavirtanen.fi\\\/ru\\\/arvonta\\\/#breadcrumb\"},\"inLanguage\":\"et\",\"potentialAction\":[{\"@type\":\"ReadAction\",\"target\":[\"https:\\\/\\\/kassavirtanen.fi\\\/ru\\\/arvonta\\\/\"]}]},{\"@type\":\"BreadcrumbList\",\"@id\":\"https:\\\/\\\/kassavirtanen.fi\\\/ru\\\/arvonta\\\/#breadcrumb\",\"itemListElement\":[{\"@type\":\"ListItem\",\"position\":1,\"name\":\"Home\",\"item\":\"https:\\\/\\\/kassavirtanen.fi\\\/\"},{\"@type\":\"ListItem\",\"position\":2,\"name\":\"arvonta\"}]},{\"@type\":\"WebSite\",\"@id\":\"https:\\\/\\\/kassavirtanen.fi\\\/#website\",\"url\":\"https:\\\/\\\/kassavirtanen.fi\\\/\",\"name\":\"\",\"description\":\"laskuta ilman yrityst&auml; kassavirtanen\",\"potentialAction\":[{\"@type\":\"SearchAction\",\"target\":{\"@type\":\"EntryPoint\",\"urlTemplate\":\"https:\\\/\\\/kassavirtanen.fi\\\/?s={search_term_string}\"},\"query-input\":{\"@type\":\"PropertyValueSpecification\",\"valueRequired\":true,\"valueName\":\"search_term_string\"}}],\"inLanguage\":\"et\"}]}<\/script>\n<!-- \/ Yoast SEO plugin. -->","yoast_head_json":{"title":"Laskuta Fazerin suklaalevy -boksi - Lue arvonnan s\u00e4\u00e4nn\u00f6t ja ehdot","description":"Laskuta kevytyritt\u00e4j\u00e4n\u00e4 Kassavirtanen.fi kautta toukokuun aikana tai osallistu Kassavirtasen sosiaalisessa mediassa ja olet mukana arvonnassa!","robots":{"index":"index","follow":"follow","max-snippet":"max-snippet:-1","max-image-preview":"max-image-preview:large","max-video-preview":"max-video-preview:-1"},"canonical":"https:\/\/kassavirtanen.fi\/est\/arvonta\/","og_locale":"et_EE","og_type":"article","og_title":"Laskuta Fazerin suklaalevy -boksi - Lue arvonnan s\u00e4\u00e4nn\u00f6t ja ehdot","og_description":"Laskuta kevytyritt\u00e4j\u00e4n\u00e4 Kassavirtanen.fi kautta toukokuun aikana tai osallistu Kassavirtasen sosiaalisessa mediassa ja olet mukana arvonnassa!","og_url":"https:\/\/kassavirtanen.fi\/est\/arvonta\/","article_modified_time":"2021-06-15T09:13:55+00:00","twitter_card":"summary_large_image","twitter_misc":{"Est. reading time":"3 minutit"},"schema":{"@context":"https:\/\/schema.org","@graph":[{"@type":"WebPage","@id":"https:\/\/kassavirtanen.fi\/ru\/arvonta\/","url":"https:\/\/kassavirtanen.fi\/ru\/arvonta\/","name":"Laskuta Fazerin suklaalevy -boksi - Lue arvonnan s\u00e4\u00e4nn\u00f6t ja ehdot","isPartOf":{"@id":"https:\/\/kassavirtanen.fi\/#website"},"datePublished":"2020-04-24T09:21:13+00:00","dateModified":"2021-06-15T09:13:55+00:00","description":"Laskuta kevytyritt\u00e4j\u00e4n\u00e4 Kassavirtanen.fi kautta toukokuun aikana tai osallistu Kassavirtasen sosiaalisessa mediassa ja olet mukana arvonnassa!","breadcrumb":{"@id":"https:\/\/kassavirtanen.fi\/ru\/arvonta\/#breadcrumb"},"inLanguage":"et","potentialAction":[{"@type":"ReadAction","target":["https:\/\/kassavirtanen.fi\/ru\/arvonta\/"]}]},{"@type":"BreadcrumbList","@id":"https:\/\/kassavirtanen.fi\/ru\/arvonta\/#breadcrumb","itemListElement":[{"@type":"ListItem","position":1,"name":"Home","item":"https:\/\/kassavirtanen.fi\/"},{"@type":"ListItem","position":2,"name":"arvonta"}]},{"@type":"WebSite","@id":"https:\/\/kassavirtanen.fi\/#website","url":"https:\/\/kassavirtanen.fi\/","name":"","description":"laskuta ilman yrityst&auml; kassavirtanen","potentialAction":[{"@type":"SearchAction","target":{"@type":"EntryPoint","urlTemplate":"https:\/\/kassavirtanen.fi\/?s={search_term_string}"},"query-input":{"@type":"PropertyValueSpecification","valueRequired":true,"valueName":"search_term_string"}}],"inLanguage":"et"}]}},"_links":{"self":[{"href":"https:\/\/kassavirtanen.fi\/est\/wp-json\/wp\/v2\/pages\/2745","targetHints":{"allow":["GET"]}}],"collection":[{"href":"https:\/\/kassavirtanen.fi\/est\/wp-json\/wp\/v2\/pages"}],"about":[{"href":"https:\/\/kassavirtanen.fi\/est\/wp-json\/wp\/v2\/types\/page"}],"author":[{"embeddable":true,"href":"https:\/\/kassavirtanen.fi\/est\/wp-json\/wp\/v2\/users\/1"}],"replies":[{"embeddable":true,"href":"https:\/\/kassavirtanen.fi\/est\/wp-json\/wp\/v2\/comments?post=2745"}],"version-history":[{"count":0,"href":"https:\/\/kassavirtanen.fi\/est\/wp-json\/wp\/v2\/pages\/2745\/revisions"}],"wp:attachment":[{"href":"https:\/\/kassavirtanen.fi\/est\/wp-json\/wp\/v2\/media?parent=2745"}],"curies":[{"name":"wp","href":"https:\/\/api.w.org\/{rel}","templated":true}]}}