{"id":2151,"date":"2019-10-18T08:33:51","date_gmt":"2019-10-18T08:33:51","guid":{"rendered":"https:\/\/kassavirtanen.fi\/?page_id=2151"},"modified":"2025-01-09T11:38:03","modified_gmt":"2025-01-09T11:38:03","slug":"opiskelija","status":"publish","type":"page","link":"https:\/\/kassavirtanen.fi\/ru\/opiskelija\/","title":{"rendered":"Kevytyritt\u00e4jyys opiskelijana"},"content":{"rendered":"<div data-elementor-type=\"wp-post\" data-elementor-id=\"2151\" class=\"elementor elementor-2151\" data-elementor-post-type=\"page\">\n\t\t\t\t\t\t<section class=\"elementor-section elementor-top-section elementor-element elementor-element-3eab0c76 elementor-section-height-min-height elementor-section-boxed elementor-section-height-default elementor-section-items-middle\" data-id=\"3eab0c76\" data-element_type=\"section\" data-e-type=\"section\" data-settings=\"{&quot;background_background&quot;:&quot;classic&quot;,&quot;shape_divider_bottom&quot;:&quot;waves&quot;}\">\n\t\t\t\t\t\t\t<div class=\"elementor-background-overlay\"><\/div>\n\t\t\t\t\t\t<div class=\"elementor-shape elementor-shape-bottom\" aria-hidden=\"true\" data-negative=\"false\">\n\t\t\t<svg xmlns=\"http:\/\/www.w3.org\/2000\/svg\" viewbox=\"0 0 1000 100\" preserveaspectratio=\"none\">\n\t<path class=\"elementor-shape-fill\" d=\"M421.9,6.5c22.6-2.5,51.5,0.4,75.5,5.3c23.6,4.9,70.9,23.5,100.5,35.7c75.8,32.2,133.7,44.5,192.6,49.7\tc23.6,2.1,48.7,3.5,103.4-2.5c54.7-6,106.2-25.6,106.2-25.6V0H0v30.3c0,0,72,32.6,158.4,30.5c39.2-0.7,92.8-6.7,134-22.4\tc21.2-8.1,52.2-18.2,79.7-24.2C399.3,7.9,411.6,7.5,421.9,6.5z\"\/>\n<\/svg>\t\t<\/div>\n\t\t\t\t\t<div class=\"elementor-container elementor-column-gap-default\">\n\t\t\t\t\t<div class=\"elementor-column elementor-col-100 elementor-top-column elementor-element elementor-element-63a6ea55\" data-id=\"63a6ea55\" data-element_type=\"column\" data-e-type=\"column\">\n\t\t\t<div class=\"elementor-widget-wrap elementor-element-populated\">\n\t\t\t\t\t\t<div class=\"elementor-element elementor-element-66fafc2d elementor-widget elementor-widget-heading\" data-id=\"66fafc2d\" data-element_type=\"widget\" data-e-type=\"widget\" data-widget_type=\"heading.default\">\n\t\t\t\t<div class=\"elementor-widget-container\">\n\t\t\t\t\t<h1 class=\"elementor-heading-title elementor-size-default\">Edullisinta laskutusta opiskelijoille<\/h1>\t\t\t\t<\/div>\n\t\t\t\t<\/div>\n\t\t\t\t\t<\/div>\n\t\t<\/div>\n\t\t\t\t\t<\/div>\n\t\t<\/section>\n\t\t\t\t<section class=\"elementor-section elementor-top-section elementor-element elementor-element-90d709d elementor-section-boxed elementor-section-height-default elementor-section-height-default\" data-id=\"90d709d\" data-element_type=\"section\" data-e-type=\"section\">\n\t\t\t\t\t\t<div class=\"elementor-container elementor-column-gap-default\">\n\t\t\t\t\t<div class=\"elementor-column elementor-col-100 elementor-top-column elementor-element elementor-element-7e81d65\" data-id=\"7e81d65\" data-element_type=\"column\" data-e-type=\"column\">\n\t\t\t<div class=\"elementor-widget-wrap elementor-element-populated\">\n\t\t\t\t\t\t<div class=\"elementor-element elementor-element-de793e0 elementor-widget elementor-widget-spacer\" data-id=\"de793e0\" data-element_type=\"widget\" data-e-type=\"widget\" data-widget_type=\"spacer.default\">\n\t\t\t\t<div class=\"elementor-widget-container\">\n\t\t\t\t\t\t\t<div class=\"elementor-spacer\">\n\t\t\t<div class=\"elementor-spacer-inner\"><\/div>\n\t\t<\/div>\n\t\t\t\t\t\t<\/div>\n\t\t\t\t<\/div>\n\t\t\t\t\t<\/div>\n\t\t<\/div>\n\t\t\t\t\t<\/div>\n\t\t<\/section>\n\t\t\t\t<section class=\"elementor-section elementor-top-section elementor-element elementor-element-73aef866 elementor-section-boxed elementor-section-height-default elementor-section-height-default\" data-id=\"73aef866\" data-element_type=\"section\" data-e-type=\"section\">\n\t\t\t\t\t\t<div class=\"elementor-container elementor-column-gap-default\">\n\t\t\t\t\t<div class=\"elementor-column elementor-col-100 elementor-top-column elementor-element elementor-element-73b0e066\" data-id=\"73b0e066\" data-element_type=\"column\" data-e-type=\"column\">\n\t\t\t<div class=\"elementor-widget-wrap elementor-element-populated\">\n\t\t\t\t\t\t<div class=\"elementor-element elementor-element-194b93e elementor-widget elementor-widget-heading\" data-id=\"194b93e\" data-element_type=\"widget\" data-e-type=\"widget\" data-widget_type=\"heading.default\">\n\t\t\t\t<div class=\"elementor-widget-container\">\n\t\t\t\t\t<h2 class=\"elementor-heading-title elementor-size-default\">KEVYTYRITT\u00c4JYYS OPISKELIJANA<\/h2>\t\t\t\t<\/div>\n\t\t\t\t<\/div>\n\t\t\t\t\t<\/div>\n\t\t<\/div>\n\t\t\t\t\t<\/div>\n\t\t<\/section>\n\t\t\t\t<section class=\"elementor-section elementor-top-section elementor-element elementor-element-6e4d3f7 elementor-section-boxed elementor-section-height-default elementor-section-height-default\" data-id=\"6e4d3f7\" data-element_type=\"section\" data-e-type=\"section\">\n\t\t\t\t\t\t<div class=\"elementor-container elementor-column-gap-default\">\n\t\t\t\t\t<div class=\"elementor-column elementor-col-100 elementor-top-column elementor-element elementor-element-33d191c\" data-id=\"33d191c\" data-element_type=\"column\" data-e-type=\"column\">\n\t\t\t<div class=\"elementor-widget-wrap elementor-element-populated\">\n\t\t\t\t\t\t<div class=\"elementor-element elementor-element-6ce8f3e elementor-widget elementor-widget-heading\" data-id=\"6ce8f3e\" data-element_type=\"widget\" data-e-type=\"widget\" data-widget_type=\"heading.default\">\n\t\t\t\t<div class=\"elementor-widget-container\">\n\t\t\t\t\t<h3 class=\"elementor-heading-title elementor-size-default\">KESKIT\u00c4 AJATUKSESI OPINTOIHIN, ME HUOLEHDIMME BYROKRATIASTA<\/h3>\t\t\t\t<\/div>\n\t\t\t\t<\/div>\n\t\t\t\t\t<\/div>\n\t\t<\/div>\n\t\t\t\t\t<\/div>\n\t\t<\/section>\n\t\t\t\t<section class=\"elementor-section elementor-top-section elementor-element elementor-element-50cece7 elementor-section-boxed elementor-section-height-default elementor-section-height-default\" data-id=\"50cece7\" data-element_type=\"section\" data-e-type=\"section\">\n\t\t\t\t\t\t<div class=\"elementor-container elementor-column-gap-default\">\n\t\t\t\t\t<div class=\"elementor-column elementor-col-100 elementor-top-column elementor-element elementor-element-5354dc1\" data-id=\"5354dc1\" data-element_type=\"column\" data-e-type=\"column\">\n\t\t\t<div class=\"elementor-widget-wrap elementor-element-populated\">\n\t\t\t\t\t\t<div class=\"elementor-element elementor-element-424841b elementor-widget elementor-widget-text-editor\" data-id=\"424841b\" data-element_type=\"widget\" data-e-type=\"widget\" data-widget_type=\"text-editor.default\">\n\t\t\t\t<div class=\"elementor-widget-container\">\n\t\t\t\t\t\t\t\t\t<p>Kevytyritt\u00e4j\u00e4n\u00e4 toimiva henkil\u00f6 tekee usein t\u00f6it\u00e4 usealle eri toimeksiantajalle, joita h\u00e4n laskuttaa sovitun hinnan mukaisesti ty\u00f6n j\u00e4lkeen. Kevytyritt\u00e4j\u00e4 k\u00e4ytt\u00e4\u00e4 laskutukseensa laskutuspalvelua, joka huolehtii ty\u00f6nteon byrokratiapuolesta. Opiskelijalle kevytyritt\u00e4jyys onkin yksi k\u00e4tev\u00e4 tapa saada lis\u00e4ansioita opintojen ohella ja hy\u00f6dynt\u00e4\u00e4 omaa osaamistaan oikeille asiakkaille suoritettavissa t\u00f6iss\u00e4.<\/p>\t\t\t\t\t\t\t\t<\/div>\n\t\t\t\t<\/div>\n\t\t\t\t\t<\/div>\n\t\t<\/div>\n\t\t\t\t\t<\/div>\n\t\t<\/section>\n\t\t\t\t<section class=\"elementor-section elementor-top-section elementor-element elementor-element-e37bf84 elementor-section-boxed elementor-section-height-default elementor-section-height-default\" data-id=\"e37bf84\" data-element_type=\"section\" data-e-type=\"section\">\n\t\t\t\t\t\t<div class=\"elementor-container elementor-column-gap-default\">\n\t\t\t\t\t<div class=\"elementor-column elementor-col-100 elementor-top-column elementor-element elementor-element-184226b\" data-id=\"184226b\" data-element_type=\"column\" data-e-type=\"column\">\n\t\t\t<div class=\"elementor-widget-wrap elementor-element-populated\">\n\t\t\t\t\t\t<div class=\"elementor-element elementor-element-35a8c19 elementor-widget elementor-widget-text-editor\" data-id=\"35a8c19\" data-element_type=\"widget\" data-e-type=\"widget\" data-widget_type=\"text-editor.default\">\n\t\t\t\t<div class=\"elementor-widget-container\">\n\t\t\t\t\t\t\t\t\t<p>Kevytyritt\u00e4j\u00e4n\u00e4 opiskelija pystyy siis toiminaan yritt\u00e4j\u00e4m\u00e4isesti tarvitsematta huolehtia hallinnollisista asioista, jolloin opiskelun ohessa ylij\u00e4\u00e4v\u00e4n ajan voi k\u00e4ytt\u00e4\u00e4 puhtaasti ydintoimintansa harjoittamiseen. Opiskelijalle kevytyritt\u00e4jyys tarkoittaa vapautta p\u00e4\u00e4tt\u00e4\u00e4 itse omista ty\u00f6ajoista ja -m\u00e4\u00e4rist\u00e4, jolloin opiskelu- ja ty\u00f6aikataulut on helpompaa sovittaa yhteen haluamallaan tavalla. \u00a0<\/p>\t\t\t\t\t\t\t\t<\/div>\n\t\t\t\t<\/div>\n\t\t\t\t\t<\/div>\n\t\t<\/div>\n\t\t\t\t\t<\/div>\n\t\t<\/section>\n\t\t\t\t<section class=\"elementor-section elementor-top-section elementor-element elementor-element-d2e2279 elementor-section-boxed elementor-section-height-default elementor-section-height-default\" data-id=\"d2e2279\" data-element_type=\"section\" data-e-type=\"section\">\n\t\t\t\t\t\t<div class=\"elementor-container elementor-column-gap-default\">\n\t\t\t\t\t<div class=\"elementor-column elementor-col-100 elementor-top-column elementor-element elementor-element-003ac1a\" data-id=\"003ac1a\" data-element_type=\"column\" data-e-type=\"column\">\n\t\t\t<div class=\"elementor-widget-wrap elementor-element-populated\">\n\t\t\t\t\t\t<div class=\"elementor-element elementor-element-7de3715 elementor-widget elementor-widget-image\" data-id=\"7de3715\" data-element_type=\"widget\" data-e-type=\"widget\" data-widget_type=\"image.default\">\n\t\t\t\t<div class=\"elementor-widget-container\">\n\t\t\t\t\t\t\t\t\t\t\t\t\t\t\t<img decoding=\"async\" src=\"https:\/\/kassavirtanen.fi\/wp-content\/uploads\/2019\/10\/opiskelija.jpg\" title=\"\" alt=\"\" loading=\"lazy\" \/>\t\t\t\t\t\t\t\t\t\t\t\t\t\t\t<\/div>\n\t\t\t\t<\/div>\n\t\t\t\t\t<\/div>\n\t\t<\/div>\n\t\t\t\t\t<\/div>\n\t\t<\/section>\n\t\t\t\t<section class=\"elementor-section elementor-top-section elementor-element elementor-element-eaf3f8a elementor-section-boxed elementor-section-height-default elementor-section-height-default\" data-id=\"eaf3f8a\" data-element_type=\"section\" data-e-type=\"section\">\n\t\t\t\t\t\t<div class=\"elementor-container elementor-column-gap-default\">\n\t\t\t\t\t<div class=\"elementor-column elementor-col-100 elementor-top-column elementor-element elementor-element-66e2a3b\" data-id=\"66e2a3b\" data-element_type=\"column\" data-e-type=\"column\">\n\t\t\t<div class=\"elementor-widget-wrap elementor-element-populated\">\n\t\t\t\t\t\t<div class=\"elementor-element elementor-element-e196bda elementor-widget elementor-widget-heading\" data-id=\"e196bda\" data-element_type=\"widget\" data-e-type=\"widget\" data-widget_type=\"heading.default\">\n\t\t\t\t<div class=\"elementor-widget-container\">\n\t\t\t\t\t<h3 class=\"elementor-heading-title elementor-size-default\">HUOMIOITAVIA ASIOITA<\/h3>\t\t\t\t<\/div>\n\t\t\t\t<\/div>\n\t\t\t\t\t<\/div>\n\t\t<\/div>\n\t\t\t\t\t<\/div>\n\t\t<\/section>\n\t\t\t\t<section class=\"elementor-section elementor-top-section elementor-element elementor-element-6860333 elementor-section-boxed elementor-section-height-default elementor-section-height-default\" data-id=\"6860333\" data-element_type=\"section\" data-e-type=\"section\">\n\t\t\t\t\t\t<div class=\"elementor-container elementor-column-gap-default\">\n\t\t\t\t\t<div class=\"elementor-column elementor-col-100 elementor-top-column elementor-element elementor-element-8d224d5\" data-id=\"8d224d5\" data-element_type=\"column\" data-e-type=\"column\">\n\t\t\t<div class=\"elementor-widget-wrap elementor-element-populated\">\n\t\t\t\t\t\t<div class=\"elementor-element elementor-element-990a2cf elementor-widget elementor-widget-text-editor\" data-id=\"990a2cf\" data-element_type=\"widget\" data-e-type=\"widget\" data-widget_type=\"text-editor.default\">\n\t\t\t\t<div class=\"elementor-widget-container\">\n\t\t\t\t\t\t\t\t\t<p>Kevytyritt\u00e4j\u00e4n\u00e4 toimimisessa on kuitenkin jotain rajoituksia, kuten se, ettei tuotteita pysty j\u00e4lleenmyym\u00e4\u00e4n. Ostamiaan tuotteita ei siis myym\u00e4\u00e4n, mutta jos niit\u00e4 valmistaa itse, on niiden myyminen kevytyritt\u00e4j\u00e4n\u00e4 mahdollista. Yleisimmin kevytyritt\u00e4j\u00e4n\u00e4 ty\u00f6skentelev\u00e4t myyv\u00e4t kuitenkin jotain palvelua.<\/p>\t\t\t\t\t\t\t\t<\/div>\n\t\t\t\t<\/div>\n\t\t\t\t\t<\/div>\n\t\t<\/div>\n\t\t\t\t\t<\/div>\n\t\t<\/section>\n\t\t\t\t<section class=\"elementor-section elementor-top-section elementor-element elementor-element-4bec37f elementor-section-boxed elementor-section-height-default elementor-section-height-default\" data-id=\"4bec37f\" data-element_type=\"section\" data-e-type=\"section\">\n\t\t\t\t\t\t<div class=\"elementor-container elementor-column-gap-default\">\n\t\t\t\t\t<div class=\"elementor-column elementor-col-100 elementor-top-column elementor-element elementor-element-2219c9e\" data-id=\"2219c9e\" data-element_type=\"column\" data-e-type=\"column\">\n\t\t\t<div class=\"elementor-widget-wrap elementor-element-populated\">\n\t\t\t\t\t\t<div class=\"elementor-element elementor-element-d91cce7 elementor-widget elementor-widget-text-editor\" data-id=\"d91cce7\" data-element_type=\"widget\" data-e-type=\"widget\" data-widget_type=\"text-editor.default\">\n\t\t\t\t<div class=\"elementor-widget-container\">\n\t\t\t\t\t\t\t\t\t<p>Opiskelijana on siis hyv\u00e4 pohtia, josko sinulla olisi jokin tietotaito, josta joku olisi valmis maksamaan. Yritt\u00e4j\u00e4m\u00e4isen toiminnan kautta tulee kuitenkin my\u00f6s vastuu hankkia asiakkaat itse ja vastata ty\u00f6ehdoista. Tuotteen\/palvelun hinnoittelun ja sis\u00e4ll\u00f6n suunnittelu on my\u00f6s huolehdittava kuntoon ennen toiminnan aloittamista.<\/p>\t\t\t\t\t\t\t\t<\/div>\n\t\t\t\t<\/div>\n\t\t\t\t\t<\/div>\n\t\t<\/div>\n\t\t\t\t\t<\/div>\n\t\t<\/section>\n\t\t\t\t<section class=\"elementor-section elementor-top-section elementor-element elementor-element-98d4f3d elementor-section-boxed elementor-section-height-default elementor-section-height-default\" data-id=\"98d4f3d\" data-element_type=\"section\" data-e-type=\"section\">\n\t\t\t\t\t\t<div class=\"elementor-container elementor-column-gap-default\">\n\t\t\t\t\t<div class=\"elementor-column elementor-col-100 elementor-top-column elementor-element elementor-element-efaa443\" data-id=\"efaa443\" data-element_type=\"column\" data-e-type=\"column\">\n\t\t\t<div class=\"elementor-widget-wrap elementor-element-populated\">\n\t\t\t\t\t\t<div class=\"elementor-element elementor-element-fc138f1 elementor-widget elementor-widget-text-editor\" data-id=\"fc138f1\" data-element_type=\"widget\" data-e-type=\"widget\" data-widget_type=\"text-editor.default\">\n\t\t\t\t<div class=\"elementor-widget-container\">\n\t\t\t\t\t\t\t\t\t<p>Jos opiskelija nostaa itselleen opintotukea, on kevytyritt\u00e4j\u00e4n\u00e4 saaduilla ansioilla samanlaiset tulorajat kuin muullakin palkkaty\u00f6ll\u00e4. Rajoista tulee huolehtia tarkkaan, sill\u00e4 Kela saa verottajalta tulotiedot j\u00e4lkeenp\u00e4in, jolloin tulorajojen ylittyess\u00e4 voi tulla lasku palautettavista opintotuista. \u00a0<\/p>\t\t\t\t\t\t\t\t<\/div>\n\t\t\t\t<\/div>\n\t\t\t\t\t<\/div>\n\t\t<\/div>\n\t\t\t\t\t<\/div>\n\t\t<\/section>\n\t\t\t\t<section class=\"elementor-section elementor-top-section elementor-element elementor-element-da52b21 elementor-section-boxed elementor-section-height-default elementor-section-height-default\" data-id=\"da52b21\" data-element_type=\"section\" data-e-type=\"section\">\n\t\t\t\t\t\t<div class=\"elementor-container elementor-column-gap-default\">\n\t\t\t\t\t<div class=\"elementor-column elementor-col-100 elementor-top-column elementor-element elementor-element-c89f6cd\" data-id=\"c89f6cd\" data-element_type=\"column\" data-e-type=\"column\">\n\t\t\t<div class=\"elementor-widget-wrap elementor-element-populated\">\n\t\t\t\t\t\t<div class=\"elementor-element elementor-element-01336b5 elementor-widget elementor-widget-spacer\" data-id=\"01336b5\" data-element_type=\"widget\" data-e-type=\"widget\" data-widget_type=\"spacer.default\">\n\t\t\t\t<div class=\"elementor-widget-container\">\n\t\t\t\t\t\t\t<div class=\"elementor-spacer\">\n\t\t\t<div class=\"elementor-spacer-inner\"><\/div>\n\t\t<\/div>\n\t\t\t\t\t\t<\/div>\n\t\t\t\t<\/div>\n\t\t\t\t\t<\/div>\n\t\t<\/div>\n\t\t\t\t\t<\/div>\n\t\t<\/section>\n\t\t\t\t<section class=\"elementor-section elementor-top-section elementor-element elementor-element-470a2628 elementor-section-boxed elementor-section-height-default elementor-section-height-default\" data-id=\"470a2628\" data-element_type=\"section\" data-e-type=\"section\" data-settings=\"{&quot;shape_divider_bottom&quot;:&quot;curve&quot;,&quot;shape_divider_bottom_negative&quot;:&quot;yes&quot;}\">\n\t\t\t\t\t<div class=\"elementor-shape elementor-shape-bottom\" aria-hidden=\"true\" data-negative=\"true\">\n\t\t\t<svg xmlns=\"http:\/\/www.w3.org\/2000\/svg\" viewbox=\"0 0 1000 100\" preserveaspectratio=\"none\">\n\t<path class=\"elementor-shape-fill\" d=\"M500,97C126.7,96.3,0.8,19.8,0,0v100l1000,0V1C1000,19.4,873.3,97.8,500,97z\"\/>\n<\/svg>\t\t<\/div>\n\t\t\t\t\t<div class=\"elementor-container elementor-column-gap-default\">\n\t\t\t\t\t<div class=\"elementor-column elementor-col-100 elementor-top-column elementor-element elementor-element-6d363d54\" data-id=\"6d363d54\" data-element_type=\"column\" data-e-type=\"column\">\n\t\t\t<div class=\"elementor-widget-wrap\">\n\t\t\t\t\t\t\t<\/div>\n\t\t<\/div>\n\t\t\t\t\t<\/div>\n\t\t<\/section>\n\t\t\t\t<\/div>","protected":false},"excerpt":{"rendered":"<p>Edullisinta laskutusta opiskelijoille KEVYTYRITT\u00c4JYYS OPISKELIJANA KESKIT\u00c4 AJATUKSESI OPINTOIHIN, ME HUOLEHDIMME BYROKRATIASTA Kevytyritt\u00e4j\u00e4n\u00e4 toimiva henkil\u00f6 tekee usein t\u00f6it\u00e4 usealle eri toimeksiantajalle, joita h\u00e4n laskuttaa sovitun hinnan mukaisesti ty\u00f6n j\u00e4lkeen. Kevytyritt\u00e4j\u00e4 k\u00e4ytt\u00e4\u00e4 laskutukseensa laskutuspalvelua, joka huolehtii ty\u00f6nteon byrokratiapuolesta. Opiskelijalle kevytyritt\u00e4jyys onkin yksi k\u00e4tev\u00e4 tapa saada lis\u00e4ansioita opintojen ohella ja hy\u00f6dynt\u00e4\u00e4 omaa osaamistaan &hellip;<\/p>\n<p class=\"read-more\"> <a class=\"\" href=\"https:\/\/kassavirtanen.fi\/ru\/opiskelija\/\"> <span class=\"screen-reader-text\">Kevytyritt\u00e4jyys opiskelijana<\/span> \u041f\u043e\u0434\u0440\u043e\u0431\u043d\u0435\u0435 &raquo;<\/a><\/p>","protected":false},"author":1,"featured_media":0,"parent":0,"menu_order":0,"comment_status":"closed","ping_status":"closed","template":"","meta":{"footnotes":""},"class_list":["post-2151","page","type-page","status-publish","hentry"],"yoast_head":"<!-- This site is optimized with the Yoast SEO plugin v27.3 - https:\/\/yoast.com\/product\/yoast-seo-wordpress\/ -->\n<title>Kevytyritt\u00e4jyys opiskelijana Kevytyritt\u00e4jyys opiskelijalle \u2013 3 %<\/title>\n<meta name=\"description\" content=\"Kevytyritt\u00e4jyys on opiskelijalle loistava tapa kerrytt\u00e4\u00e4 ty\u00f6kokemusta. Kassavirtasen kautta maksat vain 3 % palvelumaksun!\" \/>\n<meta name=\"robots\" content=\"index, follow, max-snippet:-1, max-image-preview:large, max-video-preview:-1\" \/>\n<link rel=\"canonical\" href=\"https:\/\/kassavirtanen.fi\/ru\/opiskelija\/\" \/>\n<meta property=\"og:locale\" content=\"ru_RU\" \/>\n<meta property=\"og:type\" content=\"article\" \/>\n<meta property=\"og:title\" content=\"Kevytyritt\u00e4jyys opiskelijana Kevytyritt\u00e4jyys opiskelijalle \u2013 3 %\" \/>\n<meta property=\"og:description\" content=\"Kevytyritt\u00e4jyys on opiskelijalle loistava tapa kerrytt\u00e4\u00e4 ty\u00f6kokemusta. Kassavirtasen kautta maksat vain 3 % palvelumaksun!\" \/>\n<meta property=\"og:url\" content=\"https:\/\/kassavirtanen.fi\/ru\/opiskelija\/\" \/>\n<meta property=\"article:modified_time\" content=\"2025-01-09T11:38:03+00:00\" \/>\n<meta property=\"og:image\" content=\"https:\/\/kassavirtanen.fi\/wp-content\/uploads\/2019\/10\/opiskelija.jpg\" \/>\n<meta name=\"twitter:card\" content=\"summary_large_image\" \/>\n<meta name=\"twitter:label1\" content=\"\u041f\u0440\u0438\u043c\u0435\u0440\u043d\u043e\u0435 \u0432\u0440\u0435\u043c\u044f \u0434\u043b\u044f \u0447\u0442\u0435\u043d\u0438\u044f\" \/>\n\t<meta name=\"twitter:data1\" content=\"2 \u043c\u0438\u043d\u0443\u0442\u044b\" \/>\n<script type=\"application\/ld+json\" class=\"yoast-schema-graph\">{\"@context\":\"https:\\\/\\\/schema.org\",\"@graph\":[{\"@type\":\"WebPage\",\"@id\":\"https:\\\/\\\/kassavirtanen.fi\\\/opiskelija\\\/\",\"url\":\"https:\\\/\\\/kassavirtanen.fi\\\/opiskelija\\\/\",\"name\":\"Kevytyritt\u00e4jyys opiskelijana Kevytyritt\u00e4jyys opiskelijalle \u2013 3 %\",\"isPartOf\":{\"@id\":\"https:\\\/\\\/kassavirtanen.fi\\\/#website\"},\"primaryImageOfPage\":{\"@id\":\"https:\\\/\\\/kassavirtanen.fi\\\/opiskelija\\\/#primaryimage\"},\"image\":{\"@id\":\"https:\\\/\\\/kassavirtanen.fi\\\/opiskelija\\\/#primaryimage\"},\"thumbnailUrl\":\"https:\\\/\\\/kassavirtanen.fi\\\/wp-content\\\/uploads\\\/2019\\\/10\\\/opiskelija.jpg\",\"datePublished\":\"2019-10-18T08:33:51+00:00\",\"dateModified\":\"2025-01-09T11:38:03+00:00\",\"description\":\"Kevytyritt\u00e4jyys on opiskelijalle loistava tapa kerrytt\u00e4\u00e4 ty\u00f6kokemusta. Kassavirtasen kautta maksat vain 3 % palvelumaksun!\",\"breadcrumb\":{\"@id\":\"https:\\\/\\\/kassavirtanen.fi\\\/opiskelija\\\/#breadcrumb\"},\"inLanguage\":\"ru-RU\",\"potentialAction\":[{\"@type\":\"ReadAction\",\"target\":[\"https:\\\/\\\/kassavirtanen.fi\\\/opiskelija\\\/\"]}]},{\"@type\":\"ImageObject\",\"inLanguage\":\"ru-RU\",\"@id\":\"https:\\\/\\\/kassavirtanen.fi\\\/opiskelija\\\/#primaryimage\",\"url\":\"https:\\\/\\\/kassavirtanen.fi\\\/wp-content\\\/uploads\\\/2019\\\/10\\\/opiskelija.jpg\",\"contentUrl\":\"https:\\\/\\\/kassavirtanen.fi\\\/wp-content\\\/uploads\\\/2019\\\/10\\\/opiskelija.jpg\"},{\"@type\":\"BreadcrumbList\",\"@id\":\"https:\\\/\\\/kassavirtanen.fi\\\/opiskelija\\\/#breadcrumb\",\"itemListElement\":[{\"@type\":\"ListItem\",\"position\":1,\"name\":\"Home\",\"item\":\"https:\\\/\\\/kassavirtanen.fi\\\/\"},{\"@type\":\"ListItem\",\"position\":2,\"name\":\"Kevytyritt\u00e4jyys opiskelijana\"}]},{\"@type\":\"WebSite\",\"@id\":\"https:\\\/\\\/kassavirtanen.fi\\\/#website\",\"url\":\"https:\\\/\\\/kassavirtanen.fi\\\/\",\"name\":\"\",\"description\":\"laskuta ilman yrityst&auml; kassavirtanen\",\"potentialAction\":[{\"@type\":\"SearchAction\",\"target\":{\"@type\":\"EntryPoint\",\"urlTemplate\":\"https:\\\/\\\/kassavirtanen.fi\\\/?s={search_term_string}\"},\"query-input\":{\"@type\":\"PropertyValueSpecification\",\"valueRequired\":true,\"valueName\":\"search_term_string\"}}],\"inLanguage\":\"ru-RU\"}]}<\/script>\n<!-- \/ Yoast SEO plugin. -->","yoast_head_json":{"title":"Kevytyritt\u00e4jyys opiskelijana Kevytyritt\u00e4jyys opiskelijalle \u2013 3 %","description":"Kevytyritt\u00e4jyys on opiskelijalle loistava tapa kerrytt\u00e4\u00e4 ty\u00f6kokemusta. Kassavirtasen kautta maksat vain 3 % palvelumaksun!","robots":{"index":"index","follow":"follow","max-snippet":"max-snippet:-1","max-image-preview":"max-image-preview:large","max-video-preview":"max-video-preview:-1"},"canonical":"https:\/\/kassavirtanen.fi\/ru\/opiskelija\/","og_locale":"ru_RU","og_type":"article","og_title":"Kevytyritt\u00e4jyys opiskelijana Kevytyritt\u00e4jyys opiskelijalle \u2013 3 %","og_description":"Kevytyritt\u00e4jyys on opiskelijalle loistava tapa kerrytt\u00e4\u00e4 ty\u00f6kokemusta. Kassavirtasen kautta maksat vain 3 % palvelumaksun!","og_url":"https:\/\/kassavirtanen.fi\/ru\/opiskelija\/","article_modified_time":"2025-01-09T11:38:03+00:00","og_image":[{"url":"https:\/\/kassavirtanen.fi\/wp-content\/uploads\/2019\/10\/opiskelija.jpg","type":"","width":"","height":""}],"twitter_card":"summary_large_image","twitter_misc":{"\u041f\u0440\u0438\u043c\u0435\u0440\u043d\u043e\u0435 \u0432\u0440\u0435\u043c\u044f \u0434\u043b\u044f \u0447\u0442\u0435\u043d\u0438\u044f":"2 \u043c\u0438\u043d\u0443\u0442\u044b"},"schema":{"@context":"https:\/\/schema.org","@graph":[{"@type":"WebPage","@id":"https:\/\/kassavirtanen.fi\/opiskelija\/","url":"https:\/\/kassavirtanen.fi\/opiskelija\/","name":"Kevytyritt\u00e4jyys opiskelijana Kevytyritt\u00e4jyys opiskelijalle \u2013 3 %","isPartOf":{"@id":"https:\/\/kassavirtanen.fi\/#website"},"primaryImageOfPage":{"@id":"https:\/\/kassavirtanen.fi\/opiskelija\/#primaryimage"},"image":{"@id":"https:\/\/kassavirtanen.fi\/opiskelija\/#primaryimage"},"thumbnailUrl":"https:\/\/kassavirtanen.fi\/wp-content\/uploads\/2019\/10\/opiskelija.jpg","datePublished":"2019-10-18T08:33:51+00:00","dateModified":"2025-01-09T11:38:03+00:00","description":"Kevytyritt\u00e4jyys on opiskelijalle loistava tapa kerrytt\u00e4\u00e4 ty\u00f6kokemusta. Kassavirtasen kautta maksat vain 3 % palvelumaksun!","breadcrumb":{"@id":"https:\/\/kassavirtanen.fi\/opiskelija\/#breadcrumb"},"inLanguage":"ru-RU","potentialAction":[{"@type":"ReadAction","target":["https:\/\/kassavirtanen.fi\/opiskelija\/"]}]},{"@type":"ImageObject","inLanguage":"ru-RU","@id":"https:\/\/kassavirtanen.fi\/opiskelija\/#primaryimage","url":"https:\/\/kassavirtanen.fi\/wp-content\/uploads\/2019\/10\/opiskelija.jpg","contentUrl":"https:\/\/kassavirtanen.fi\/wp-content\/uploads\/2019\/10\/opiskelija.jpg"},{"@type":"BreadcrumbList","@id":"https:\/\/kassavirtanen.fi\/opiskelija\/#breadcrumb","itemListElement":[{"@type":"ListItem","position":1,"name":"Home","item":"https:\/\/kassavirtanen.fi\/"},{"@type":"ListItem","position":2,"name":"Kevytyritt\u00e4jyys opiskelijana"}]},{"@type":"WebSite","@id":"https:\/\/kassavirtanen.fi\/#website","url":"https:\/\/kassavirtanen.fi\/","name":"","description":"laskuta ilman yrityst&auml; kassavirtanen","potentialAction":[{"@type":"SearchAction","target":{"@type":"EntryPoint","urlTemplate":"https:\/\/kassavirtanen.fi\/?s={search_term_string}"},"query-input":{"@type":"PropertyValueSpecification","valueRequired":true,"valueName":"search_term_string"}}],"inLanguage":"ru-RU"}]}},"_links":{"self":[{"href":"https:\/\/kassavirtanen.fi\/ru\/wp-json\/wp\/v2\/pages\/2151","targetHints":{"allow":["GET"]}}],"collection":[{"href":"https:\/\/kassavirtanen.fi\/ru\/wp-json\/wp\/v2\/pages"}],"about":[{"href":"https:\/\/kassavirtanen.fi\/ru\/wp-json\/wp\/v2\/types\/page"}],"author":[{"embeddable":true,"href":"https:\/\/kassavirtanen.fi\/ru\/wp-json\/wp\/v2\/users\/1"}],"replies":[{"embeddable":true,"href":"https:\/\/kassavirtanen.fi\/ru\/wp-json\/wp\/v2\/comments?post=2151"}],"version-history":[{"count":1,"href":"https:\/\/kassavirtanen.fi\/ru\/wp-json\/wp\/v2\/pages\/2151\/revisions"}],"predecessor-version":[{"id":18070,"href":"https:\/\/kassavirtanen.fi\/ru\/wp-json\/wp\/v2\/pages\/2151\/revisions\/18070"}],"wp:attachment":[{"href":"https:\/\/kassavirtanen.fi\/ru\/wp-json\/wp\/v2\/media?parent=2151"}],"curies":[{"name":"wp","href":"https:\/\/api.w.org\/{rel}","templated":true}]}}