{"id":2353,"date":"2019-11-05T14:26:27","date_gmt":"2019-11-05T14:26:27","guid":{"rendered":"https:\/\/kassavirtanen.fi\/?page_id=2353"},"modified":"2019-11-08T14:06:57","modified_gmt":"2019-11-08T14:06:57","slug":"kiitos","status":"publish","type":"page","link":"https:\/\/kassavirtanen.fi\/ru\/kiitos\/","title":{"rendered":"kiitos"},"content":{"rendered":"<div data-elementor-type=\"wp-post\" data-elementor-id=\"2353\" class=\"elementor elementor-2353\" data-elementor-post-type=\"page\">\n\t\t\t\t\t\t<section class=\"elementor-section elementor-top-section elementor-element elementor-element-14e6bfd0 elementor-section-content-middle elementor-section-boxed elementor-section-height-default elementor-section-height-default\" data-id=\"14e6bfd0\" data-element_type=\"section\" data-e-type=\"section\">\n\t\t\t\t\t\t<div class=\"elementor-container elementor-column-gap-default\">\n\t\t\t\t\t<div class=\"elementor-column elementor-col-50 elementor-top-column elementor-element elementor-element-6b0b9558\" data-id=\"6b0b9558\" data-element_type=\"column\" data-e-type=\"column\">\n\t\t\t<div class=\"elementor-widget-wrap elementor-element-populated\">\n\t\t\t\t\t\t<div class=\"elementor-element elementor-element-6ef05c7 elementor-widget elementor-widget-heading\" data-id=\"6ef05c7\" data-element_type=\"widget\" data-e-type=\"widget\" data-widget_type=\"heading.default\">\n\t\t\t\t<div class=\"elementor-widget-container\">\n\t\t\t\t\t<h1 class=\"elementor-heading-title elementor-size-default\">Kiitos rekister\u00f6itymisest\u00e4!<\/h1>\t\t\t\t<\/div>\n\t\t\t\t<\/div>\n\t\t\t\t<div class=\"elementor-element elementor-element-76fe9e86 elementor-widget elementor-widget-text-editor\" data-id=\"76fe9e86\" data-element_type=\"widget\" data-e-type=\"widget\" data-widget_type=\"text-editor.default\">\n\t\t\t\t<div class=\"elementor-widget-container\">\n\t\t\t\t\t\t\t\t\t Voit kirjautua palveluun omilla tunnuksillasi.\t\t\t\t\t\t\t\t<\/div>\n\t\t\t\t<\/div>\n\t\t\t\t<div class=\"elementor-element elementor-element-452dd84c elementor-align-left elementor-button-success elementor-widget elementor-widget-button\" data-id=\"452dd84c\" data-element_type=\"widget\" data-e-type=\"widget\" data-widget_type=\"button.default\">\n\t\t\t\t<div class=\"elementor-widget-container\">\n\t\t\t\t\t\t\t\t\t<div class=\"elementor-button-wrapper\">\n\t\t\t\t\t<a class=\"elementor-button elementor-button-link elementor-size-md\" href=\"https:\/\/account.kassavirtanen.fi\">\n\t\t\t\t\t\t<span class=\"elementor-button-content-wrapper\">\n\t\t\t\t\t\t<span class=\"elementor-button-icon\">\n\t\t\t\t\t\t\t\t\t<i class=\"fa fa-long-arrow-right\" aria-hidden=\"true\"><\/i>\n\t\t\t\t\t\t\t<\/span>\n\t\t\t\t\t\t\t\t\t<span class=\"elementor-button-text\">Kirjaudu sis\u00e4\u00e4n<\/span>\n\t\t\t\t\t<\/span>\n\t\t\t\t\t<\/a>\n\t\t\t\t<\/div>\n\t\t\t\t\t\t\t\t<\/div>\n\t\t\t\t<\/div>\n\t\t\t\t<div class=\"elementor-element elementor-element-ba12234 elementor-align-left elementor-button-info elementor-widget elementor-widget-button\" data-id=\"ba12234\" data-element_type=\"widget\" data-e-type=\"widget\" data-widget_type=\"button.default\">\n\t\t\t\t<div class=\"elementor-widget-container\">\n\t\t\t\t\t\t\t\t\t<div class=\"elementor-button-wrapper\">\n\t\t\t\t\t<a class=\"elementor-button elementor-button-link elementor-size-md\" href=\"https:\/\/kassavirtanen.fi\/ru\/\">\n\t\t\t\t\t\t<span class=\"elementor-button-content-wrapper\">\n\t\t\t\t\t\t<span class=\"elementor-button-icon\">\n\t\t\t\t\t\t\t\t\t<i class=\"fa fa-long-arrow-left\" aria-hidden=\"true\"><\/i>\n\t\t\t\t\t\t\t<\/span>\n\t\t\t\t\t\t\t\t\t<span class=\"elementor-button-text\">Palaa takaisin verkkosivustolle<\/span>\n\t\t\t\t\t<\/span>\n\t\t\t\t\t<\/a>\n\t\t\t\t<\/div>\n\t\t\t\t\t\t\t\t<\/div>\n\t\t\t\t<\/div>\n\t\t\t\t\t<\/div>\n\t\t<\/div>\n\t\t\t\t<div class=\"elementor-column elementor-col-50 elementor-top-column elementor-element elementor-element-441ab4e2\" data-id=\"441ab4e2\" data-element_type=\"column\" data-e-type=\"column\">\n\t\t\t<div class=\"elementor-widget-wrap elementor-element-populated\">\n\t\t\t\t\t\t<div class=\"elementor-element elementor-element-680243c9 elementor-widget elementor-widget-image\" data-id=\"680243c9\" data-element_type=\"widget\" data-e-type=\"widget\" data-widget_type=\"image.default\">\n\t\t\t\t<div class=\"elementor-widget-container\">\n\t\t\t\t\t\t\t\t\t\t\t\t\t\t\t<img decoding=\"async\" src=\"https:\/\/kassavirtanen.fi\/wp-content\/uploads\/2019\/04\/laskutus-palvelu-laskutuspalvelu.png\" title=\"\" alt=\"\" loading=\"lazy\" \/>\t\t\t\t\t\t\t\t\t\t\t\t\t\t\t<\/div>\n\t\t\t\t<\/div>\n\t\t\t\t\t<\/div>\n\t\t<\/div>\n\t\t\t\t\t<\/div>\n\t\t<\/section>\n\t\t\t\t<\/div>","protected":false},"excerpt":{"rendered":"<p>Kiitos rekister\u00f6itymisest\u00e4! Voit kirjautua palveluun omilla tunnuksillasi. Kirjaudu sis\u00e4\u00e4n Palaa takaisin verkkosivustolle<\/p>","protected":false},"author":1,"featured_media":0,"parent":0,"menu_order":0,"comment_status":"closed","ping_status":"closed","template":"","meta":{"footnotes":""},"class_list":["post-2353","page","type-page","status-publish","hentry"],"yoast_head":"<!-- This site is optimized with the Yoast SEO plugin v27.3 - https:\/\/yoast.com\/product\/yoast-seo-wordpress\/ -->\n<title>kiitos -<\/title>\n<meta name=\"robots\" content=\"index, follow, max-snippet:-1, max-image-preview:large, max-video-preview:-1\" \/>\n<link rel=\"canonical\" href=\"https:\/\/kassavirtanen.fi\/ru\/kiitos\/\" \/>\n<meta property=\"og:locale\" content=\"ru_RU\" \/>\n<meta property=\"og:type\" content=\"article\" \/>\n<meta property=\"og:title\" content=\"kiitos -\" \/>\n<meta property=\"og:description\" content=\"Kiitos rekister\u00f6itymisest\u00e4! Voit kirjautua palveluun omilla tunnuksillasi. Kirjaudu sis\u00e4\u00e4n Palaa takaisin verkkosivustolle\" \/>\n<meta property=\"og:url\" content=\"https:\/\/kassavirtanen.fi\/ru\/kiitos\/\" \/>\n<meta property=\"article:modified_time\" content=\"2019-11-08T14:06:57+00:00\" \/>\n<meta property=\"og:image\" content=\"https:\/\/kassavirtanen.fi\/wp-content\/uploads\/2019\/04\/laskutus-palvelu-laskutuspalvelu-300x223.png\" \/>\n<meta name=\"twitter:card\" content=\"summary_large_image\" \/>\n<script type=\"application\/ld+json\" class=\"yoast-schema-graph\">{\"@context\":\"https:\\\/\\\/schema.org\",\"@graph\":[{\"@type\":\"WebPage\",\"@id\":\"https:\\\/\\\/kassavirtanen.fi\\\/est\\\/kiitos\\\/\",\"url\":\"https:\\\/\\\/kassavirtanen.fi\\\/est\\\/kiitos\\\/\",\"name\":\"kiitos -\",\"isPartOf\":{\"@id\":\"https:\\\/\\\/kassavirtanen.fi\\\/#website\"},\"primaryImageOfPage\":{\"@id\":\"https:\\\/\\\/kassavirtanen.fi\\\/est\\\/kiitos\\\/#primaryimage\"},\"image\":{\"@id\":\"https:\\\/\\\/kassavirtanen.fi\\\/est\\\/kiitos\\\/#primaryimage\"},\"thumbnailUrl\":\"https:\\\/\\\/kassavirtanen.fi\\\/wp-content\\\/uploads\\\/2019\\\/04\\\/laskutus-palvelu-laskutuspalvelu-300x223.png\",\"datePublished\":\"2019-11-05T14:26:27+00:00\",\"dateModified\":\"2019-11-08T14:06:57+00:00\",\"breadcrumb\":{\"@id\":\"https:\\\/\\\/kassavirtanen.fi\\\/est\\\/kiitos\\\/#breadcrumb\"},\"inLanguage\":\"ru-RU\",\"potentialAction\":[{\"@type\":\"ReadAction\",\"target\":[\"https:\\\/\\\/kassavirtanen.fi\\\/est\\\/kiitos\\\/\"]}]},{\"@type\":\"ImageObject\",\"inLanguage\":\"ru-RU\",\"@id\":\"https:\\\/\\\/kassavirtanen.fi\\\/est\\\/kiitos\\\/#primaryimage\",\"url\":\"https:\\\/\\\/kassavirtanen.fi\\\/wp-content\\\/uploads\\\/2019\\\/04\\\/laskutus-palvelu-laskutuspalvelu-300x223.png\",\"contentUrl\":\"https:\\\/\\\/kassavirtanen.fi\\\/wp-content\\\/uploads\\\/2019\\\/04\\\/laskutus-palvelu-laskutuspalvelu-300x223.png\"},{\"@type\":\"BreadcrumbList\",\"@id\":\"https:\\\/\\\/kassavirtanen.fi\\\/est\\\/kiitos\\\/#breadcrumb\",\"itemListElement\":[{\"@type\":\"ListItem\",\"position\":1,\"name\":\"Home\",\"item\":\"https:\\\/\\\/kassavirtanen.fi\\\/\"},{\"@type\":\"ListItem\",\"position\":2,\"name\":\"kiitos\"}]},{\"@type\":\"WebSite\",\"@id\":\"https:\\\/\\\/kassavirtanen.fi\\\/#website\",\"url\":\"https:\\\/\\\/kassavirtanen.fi\\\/\",\"name\":\"\",\"description\":\"laskuta ilman yrityst&auml; kassavirtanen\",\"potentialAction\":[{\"@type\":\"SearchAction\",\"target\":{\"@type\":\"EntryPoint\",\"urlTemplate\":\"https:\\\/\\\/kassavirtanen.fi\\\/?s={search_term_string}\"},\"query-input\":{\"@type\":\"PropertyValueSpecification\",\"valueRequired\":true,\"valueName\":\"search_term_string\"}}],\"inLanguage\":\"ru-RU\"}]}<\/script>\n<!-- \/ Yoast SEO plugin. -->","yoast_head_json":{"title":"kiitos -","robots":{"index":"index","follow":"follow","max-snippet":"max-snippet:-1","max-image-preview":"max-image-preview:large","max-video-preview":"max-video-preview:-1"},"canonical":"https:\/\/kassavirtanen.fi\/ru\/kiitos\/","og_locale":"ru_RU","og_type":"article","og_title":"kiitos -","og_description":"Kiitos rekister\u00f6itymisest\u00e4! Voit kirjautua palveluun omilla tunnuksillasi. Kirjaudu sis\u00e4\u00e4n Palaa takaisin verkkosivustolle","og_url":"https:\/\/kassavirtanen.fi\/ru\/kiitos\/","article_modified_time":"2019-11-08T14:06:57+00:00","og_image":[{"url":"https:\/\/kassavirtanen.fi\/wp-content\/uploads\/2019\/04\/laskutus-palvelu-laskutuspalvelu-300x223.png","type":"","width":"","height":""}],"twitter_card":"summary_large_image","schema":{"@context":"https:\/\/schema.org","@graph":[{"@type":"WebPage","@id":"https:\/\/kassavirtanen.fi\/est\/kiitos\/","url":"https:\/\/kassavirtanen.fi\/est\/kiitos\/","name":"kiitos -","isPartOf":{"@id":"https:\/\/kassavirtanen.fi\/#website"},"primaryImageOfPage":{"@id":"https:\/\/kassavirtanen.fi\/est\/kiitos\/#primaryimage"},"image":{"@id":"https:\/\/kassavirtanen.fi\/est\/kiitos\/#primaryimage"},"thumbnailUrl":"https:\/\/kassavirtanen.fi\/wp-content\/uploads\/2019\/04\/laskutus-palvelu-laskutuspalvelu-300x223.png","datePublished":"2019-11-05T14:26:27+00:00","dateModified":"2019-11-08T14:06:57+00:00","breadcrumb":{"@id":"https:\/\/kassavirtanen.fi\/est\/kiitos\/#breadcrumb"},"inLanguage":"ru-RU","potentialAction":[{"@type":"ReadAction","target":["https:\/\/kassavirtanen.fi\/est\/kiitos\/"]}]},{"@type":"ImageObject","inLanguage":"ru-RU","@id":"https:\/\/kassavirtanen.fi\/est\/kiitos\/#primaryimage","url":"https:\/\/kassavirtanen.fi\/wp-content\/uploads\/2019\/04\/laskutus-palvelu-laskutuspalvelu-300x223.png","contentUrl":"https:\/\/kassavirtanen.fi\/wp-content\/uploads\/2019\/04\/laskutus-palvelu-laskutuspalvelu-300x223.png"},{"@type":"BreadcrumbList","@id":"https:\/\/kassavirtanen.fi\/est\/kiitos\/#breadcrumb","itemListElement":[{"@type":"ListItem","position":1,"name":"Home","item":"https:\/\/kassavirtanen.fi\/"},{"@type":"ListItem","position":2,"name":"kiitos"}]},{"@type":"WebSite","@id":"https:\/\/kassavirtanen.fi\/#website","url":"https:\/\/kassavirtanen.fi\/","name":"","description":"laskuta ilman yrityst&auml; kassavirtanen","potentialAction":[{"@type":"SearchAction","target":{"@type":"EntryPoint","urlTemplate":"https:\/\/kassavirtanen.fi\/?s={search_term_string}"},"query-input":{"@type":"PropertyValueSpecification","valueRequired":true,"valueName":"search_term_string"}}],"inLanguage":"ru-RU"}]}},"_links":{"self":[{"href":"https:\/\/kassavirtanen.fi\/ru\/wp-json\/wp\/v2\/pages\/2353","targetHints":{"allow":["GET"]}}],"collection":[{"href":"https:\/\/kassavirtanen.fi\/ru\/wp-json\/wp\/v2\/pages"}],"about":[{"href":"https:\/\/kassavirtanen.fi\/ru\/wp-json\/wp\/v2\/types\/page"}],"author":[{"embeddable":true,"href":"https:\/\/kassavirtanen.fi\/ru\/wp-json\/wp\/v2\/users\/1"}],"replies":[{"embeddable":true,"href":"https:\/\/kassavirtanen.fi\/ru\/wp-json\/wp\/v2\/comments?post=2353"}],"version-history":[{"count":0,"href":"https:\/\/kassavirtanen.fi\/ru\/wp-json\/wp\/v2\/pages\/2353\/revisions"}],"wp:attachment":[{"href":"https:\/\/kassavirtanen.fi\/ru\/wp-json\/wp\/v2\/media?parent=2353"}],"curies":[{"name":"wp","href":"https:\/\/api.w.org\/{rel}","templated":true}]}}