{"id":2655,"date":"2020-02-05T13:09:28","date_gmt":"2020-02-05T13:09:28","guid":{"rendered":"https:\/\/kassavirtanen.fi\/?page_id=2655"},"modified":"2023-11-29T06:52:22","modified_gmt":"2023-11-29T06:52:22","slug":"arvonnan-ehdot","status":"publish","type":"page","link":"https:\/\/kassavirtanen.fi\/ru\/arvonnan-ehdot\/","title":{"rendered":"arvonnan-ehdot"},"content":{"rendered":"<div data-elementor-type=\"wp-page\" data-elementor-id=\"2655\" class=\"elementor elementor-2655\" data-elementor-post-type=\"page\">\n\t\t\t\t\t\t<section class=\"elementor-section elementor-top-section elementor-element elementor-element-1220a07e elementor-section-boxed elementor-section-height-default elementor-section-height-default\" data-id=\"1220a07e\" data-element_type=\"section\" data-e-type=\"section\" data-settings=\"{&quot;background_background&quot;:&quot;classic&quot;,&quot;shape_divider_bottom&quot;:&quot;waves&quot;}\">\n\t\t\t\t\t\t\t<div class=\"elementor-background-overlay\"><\/div>\n\t\t\t\t\t\t<div class=\"elementor-shape elementor-shape-bottom\" aria-hidden=\"true\" data-negative=\"false\">\n\t\t\t<svg xmlns=\"http:\/\/www.w3.org\/2000\/svg\" viewbox=\"0 0 1000 100\" preserveaspectratio=\"none\">\n\t<path class=\"elementor-shape-fill\" d=\"M421.9,6.5c22.6-2.5,51.5,0.4,75.5,5.3c23.6,4.9,70.9,23.5,100.5,35.7c75.8,32.2,133.7,44.5,192.6,49.7\tc23.6,2.1,48.7,3.5,103.4-2.5c54.7-6,106.2-25.6,106.2-25.6V0H0v30.3c0,0,72,32.6,158.4,30.5c39.2-0.7,92.8-6.7,134-22.4\tc21.2-8.1,52.2-18.2,79.7-24.2C399.3,7.9,411.6,7.5,421.9,6.5z\"\/>\n<\/svg>\t\t<\/div>\n\t\t\t\t\t<div class=\"elementor-container elementor-column-gap-default\">\n\t\t\t\t\t<div class=\"elementor-column elementor-col-33 elementor-top-column elementor-element elementor-element-6a962588\" data-id=\"6a962588\" data-element_type=\"column\" data-e-type=\"column\">\n\t\t\t<div class=\"elementor-widget-wrap\">\n\t\t\t\t\t\t\t<\/div>\n\t\t<\/div>\n\t\t\t\t<div class=\"elementor-column elementor-col-33 elementor-top-column elementor-element elementor-element-424c415e\" data-id=\"424c415e\" data-element_type=\"column\" data-e-type=\"column\">\n\t\t\t<div class=\"elementor-widget-wrap elementor-element-populated\">\n\t\t\t\t\t\t<div class=\"elementor-element elementor-element-67cb8f2b elementor-widget elementor-widget-heading\" data-id=\"67cb8f2b\" data-element_type=\"widget\" data-e-type=\"widget\" data-widget_type=\"heading.default\">\n\t\t\t\t<div class=\"elementor-widget-container\">\n\t\t\t\t\t<h1 class=\"elementor-heading-title elementor-size-xxl\">OSALLISTU ARVONTAAN!<\/h1>\t\t\t\t<\/div>\n\t\t\t\t<\/div>\n\t\t\t\t<div class=\"elementor-element elementor-element-1a18214c elementor-widget elementor-widget-heading\" data-id=\"1a18214c\" data-element_type=\"widget\" data-e-type=\"widget\" data-widget_type=\"heading.default\">\n\t\t\t\t<div class=\"elementor-widget-container\">\n\t\t\t\t\t<p class=\"elementor-heading-title elementor-size-default\">ARVONNAN EHDOT<\/p>\t\t\t\t<\/div>\n\t\t\t\t<\/div>\n\t\t\t\t<div class=\"elementor-element elementor-element-6f5d2db7 elementor-align-center elementor-widget elementor-widget-button\" data-id=\"6f5d2db7\" data-element_type=\"widget\" data-e-type=\"widget\" data-widget_type=\"button.default\">\n\t\t\t\t<div class=\"elementor-widget-container\">\n\t\t\t\t\t\t\t\t\t<div class=\"elementor-button-wrapper\">\n\t\t\t\t\t<a class=\"elementor-button elementor-button-link elementor-size-md elementor-animation-grow\" href=\"https:\/\/account.kassavirtanen.fi\/dashboard\/register\" target=\"_blank\">\n\t\t\t\t\t\t<span class=\"elementor-button-content-wrapper\">\n\t\t\t\t\t\t\t\t\t<span class=\"elementor-button-text\">REKISTER\u00d6IDY ILMAISEKSI<\/span>\n\t\t\t\t\t<\/span>\n\t\t\t\t\t<\/a>\n\t\t\t\t<\/div>\n\t\t\t\t\t\t\t\t<\/div>\n\t\t\t\t<\/div>\n\t\t\t\t\t<\/div>\n\t\t<\/div>\n\t\t\t\t<div class=\"elementor-column elementor-col-33 elementor-top-column elementor-element elementor-element-7d49dc82\" data-id=\"7d49dc82\" data-element_type=\"column\" data-e-type=\"column\">\n\t\t\t<div class=\"elementor-widget-wrap\">\n\t\t\t\t\t\t\t<\/div>\n\t\t<\/div>\n\t\t\t\t\t<\/div>\n\t\t<\/section>\n\t\t\t\t<section class=\"elementor-section elementor-top-section elementor-element elementor-element-8d6be0b elementor-section-boxed elementor-section-height-default elementor-section-height-default\" data-id=\"8d6be0b\" data-element_type=\"section\" data-e-type=\"section\">\n\t\t\t\t\t\t<div class=\"elementor-container elementor-column-gap-default\">\n\t\t\t\t\t<div class=\"elementor-column elementor-col-100 elementor-top-column elementor-element elementor-element-4355b31\" data-id=\"4355b31\" data-element_type=\"column\" data-e-type=\"column\">\n\t\t\t<div class=\"elementor-widget-wrap elementor-element-populated\">\n\t\t\t\t\t\t<div class=\"elementor-element elementor-element-2f81c2a elementor-widget elementor-widget-spacer\" data-id=\"2f81c2a\" data-element_type=\"widget\" data-e-type=\"widget\" data-widget_type=\"spacer.default\">\n\t\t\t\t<div class=\"elementor-widget-container\">\n\t\t\t\t\t\t\t<div class=\"elementor-spacer\">\n\t\t\t<div class=\"elementor-spacer-inner\"><\/div>\n\t\t<\/div>\n\t\t\t\t\t\t<\/div>\n\t\t\t\t<\/div>\n\t\t\t\t\t<\/div>\n\t\t<\/div>\n\t\t\t\t\t<\/div>\n\t\t<\/section>\n\t\t\t\t<section class=\"elementor-section elementor-top-section elementor-element elementor-element-0bdb075 elementor-section-boxed elementor-section-height-default elementor-section-height-default\" data-id=\"0bdb075\" data-element_type=\"section\" data-e-type=\"section\">\n\t\t\t\t\t\t<div class=\"elementor-container elementor-column-gap-default\">\n\t\t\t\t\t<div class=\"elementor-column elementor-col-100 elementor-top-column elementor-element elementor-element-563bfeb\" data-id=\"563bfeb\" data-element_type=\"column\" data-e-type=\"column\">\n\t\t\t<div class=\"elementor-widget-wrap elementor-element-populated\">\n\t\t\t\t\t\t<div class=\"elementor-element elementor-element-4066832 elementor-widget elementor-widget-heading\" data-id=\"4066832\" data-element_type=\"widget\" data-e-type=\"widget\" data-widget_type=\"heading.default\">\n\t\t\t\t<div class=\"elementor-widget-container\">\n\t\t\t\t\t<h2 class=\"elementor-heading-title elementor-size-default\">OSALLISTU KASSAVIRTASEN J\u00c4RJEST\u00c4M\u00c4\u00c4N ARVONTAAN SOSIAALISESSA MEDIASSA<\/h2>\t\t\t\t<\/div>\n\t\t\t\t<\/div>\n\t\t\t\t\t<\/div>\n\t\t<\/div>\n\t\t\t\t\t<\/div>\n\t\t<\/section>\n\t\t\t\t<section class=\"elementor-section elementor-top-section elementor-element elementor-element-c62c34a elementor-section-boxed elementor-section-height-default elementor-section-height-default\" data-id=\"c62c34a\" data-element_type=\"section\" data-e-type=\"section\">\n\t\t\t\t\t\t<div class=\"elementor-container elementor-column-gap-default\">\n\t\t\t\t\t<div class=\"elementor-column elementor-col-100 elementor-top-column elementor-element elementor-element-bf05462\" data-id=\"bf05462\" data-element_type=\"column\" data-e-type=\"column\">\n\t\t\t<div class=\"elementor-widget-wrap elementor-element-populated\">\n\t\t\t\t\t\t<div class=\"elementor-element elementor-element-a63b5fc elementor-widget elementor-widget-spacer\" data-id=\"a63b5fc\" data-element_type=\"widget\" data-e-type=\"widget\" data-widget_type=\"spacer.default\">\n\t\t\t\t<div class=\"elementor-widget-container\">\n\t\t\t\t\t\t\t<div class=\"elementor-spacer\">\n\t\t\t<div class=\"elementor-spacer-inner\"><\/div>\n\t\t<\/div>\n\t\t\t\t\t\t<\/div>\n\t\t\t\t<\/div>\n\t\t\t\t\t<\/div>\n\t\t<\/div>\n\t\t\t\t\t<\/div>\n\t\t<\/section>\n\t\t\t\t<section class=\"elementor-section elementor-top-section elementor-element elementor-element-3ebc3cf elementor-section-boxed elementor-section-height-default elementor-section-height-default\" data-id=\"3ebc3cf\" data-element_type=\"section\" data-e-type=\"section\">\n\t\t\t\t\t\t<div class=\"elementor-container elementor-column-gap-default\">\n\t\t\t\t\t<div class=\"elementor-column elementor-col-100 elementor-top-column elementor-element elementor-element-ab2a2b3\" data-id=\"ab2a2b3\" data-element_type=\"column\" data-e-type=\"column\">\n\t\t\t<div class=\"elementor-widget-wrap elementor-element-populated\">\n\t\t\t\t\t\t<div class=\"elementor-element elementor-element-20599e9 elementor-widget elementor-widget-image\" data-id=\"20599e9\" data-element_type=\"widget\" data-e-type=\"widget\" data-widget_type=\"image.default\">\n\t\t\t\t<div class=\"elementor-widget-container\">\n\t\t\t\t\t\t\t\t\t\t\t\t\t\t\t<img decoding=\"async\" src=\"https:\/\/kassavirtanen.fi\/wp-content\/uploads\/2020\/12\/Loyda-ja-voita-arvonta.jpg\" title=\"\" alt=\"\" loading=\"lazy\" \/>\t\t\t\t\t\t\t\t\t\t\t\t\t\t\t<\/div>\n\t\t\t\t<\/div>\n\t\t\t\t\t<\/div>\n\t\t<\/div>\n\t\t\t\t\t<\/div>\n\t\t<\/section>\n\t\t\t\t<section class=\"elementor-section elementor-top-section elementor-element elementor-element-bea50b3 elementor-section-boxed elementor-section-height-default elementor-section-height-default\" data-id=\"bea50b3\" data-element_type=\"section\" data-e-type=\"section\">\n\t\t\t\t\t\t<div class=\"elementor-container elementor-column-gap-default\">\n\t\t\t\t\t<div class=\"elementor-column elementor-col-100 elementor-top-column elementor-element elementor-element-6ea073c\" data-id=\"6ea073c\" data-element_type=\"column\" data-e-type=\"column\">\n\t\t\t<div class=\"elementor-widget-wrap elementor-element-populated\">\n\t\t\t\t\t\t<div class=\"elementor-element elementor-element-5208e14 elementor-widget elementor-widget-text-editor\" data-id=\"5208e14\" data-element_type=\"widget\" data-e-type=\"widget\" data-widget_type=\"text-editor.default\">\n\t\t\t\t<div class=\"elementor-widget-container\">\n\t\t\t\t\t\t\t\t\t<p><strong style=\"font-size: 16px;\">1. J\u00e4rjest\u00e4j\u00e4<\/strong><\/p><p>Kassavirtanen Oy, y-tunnus 2803711-2, IP-osoite: kassavirtanen.fi<\/p><p><strong>2. Osallistumiskelpoisuus<\/strong><\/p><p><span style=\"font-weight: 400;\">Arvonta toteutetaan Kassavirtasen sosiaalisen median kanavissa. Arvonta on avoin kaikille, jotka osallistuvat arvontaan sen k\u00e4ynniss\u00e4 olon aikana Kassavirtasen Instagramissa tai Facebookissa.<\/span><\/p><p><span style=\"font-weight: 400;\">Arvontaan eiv\u00e4t voi osallistua Kassavirtanen Oy:n ty\u00f6ntekij\u00e4t, jotka ovat osallistuneet kilpailun tai sen osien valmisteluun sek\u00e4 n\u00e4iden perheenj\u00e4senet. Osallistumalla arvontaan osallistujat hyv\u00e4ksyv\u00e4t arvonnan s\u00e4\u00e4nn\u00f6t ja palkintojen voittaja vahvistaa t\u00e4ytt\u00e4v\u00e4ns\u00e4 n\u00e4iss\u00e4 s\u00e4\u00e4nn\u00f6iss\u00e4 m\u00e4\u00e4ritellyt osallistumiskelpoisuuden ehdot.<\/span><\/p><p><strong>3. Arvonta-aika<\/strong><\/p><p><span style=\"font-weight: 400;\">Tarkemmat tiedot arvonnan kestosta l\u00f6ytyv\u00e4t arvontaan liittyv\u00e4st\u00e4 sosiaalisen median julkaisusta Facebookista sek\u00e4 Instagramista.<\/span><\/p><p><strong>4. Kuinka osallistua arvontaan<\/strong><\/p><p><span style=\"font-weight: 400;\">Arvonta on k\u00e4ynniss\u00e4 Kassavirtasen <\/span><a href=\"https:\/\/www.instagram.com\/kassavirtanen\/\"><span style=\"font-weight: 400;\">Instagramissa<\/span><\/a><span style=\"font-weight: 400;\"> ja <\/span><a href=\"https:\/\/www.facebook.com\/kassavirtanen.fi\/\"><span style=\"font-weight: 400;\">Facebookissa.<\/span><\/a><span style=\"font-weight: 400;\"> Osallistuminen ei edellyt\u00e4 asiakkuutta tai ostamista. Tarkemmat ohjeet arvontaan osallistumisesta l\u00f6ytyv\u00e4t arvontaan liittyv\u00e4st\u00e4 sosiaalisen median julkaisusta Facebookista sek\u00e4 Instagramista. Osallistumalla arvontaan molemmissa kanavissa tuplaa mahdollisuutensa voittoon. Arvonta suoritetaan kaikkien osallistujien kesken, sattumanvaraisesti voittajan arpovan sovelluksen avulla.<\/span><\/p><p><strong>5. Palkinnot ja ehdot\u00a0<\/strong><\/p><p><span style=\"font-weight: 400;\">Palkintojen m\u00e4\u00e4r\u00e4 ilmoitetaan Kassavirtasen sosiaalisen median postauksissa. Arvonnat suoritetaan niin Kassavirtasen <\/span><a href=\"https:\/\/www.instagram.com\/kassavirtanen\/\"><span style=\"font-weight: 400;\">Instagramissa<\/span><\/a><span style=\"font-weight: 400;\"> kuin my\u00f6s Kassavirtasen <\/span><a href=\"https:\/\/www.facebook.com\/kassavirtanen.fi\/\"><span style=\"font-weight: 400;\">Facebookissa.<\/span><\/a><\/p><p><span style=\"font-weight: 400;\">Tarkemmat tiedot palkinnoista l\u00f6ytyv\u00e4t arvontaan liittyv\u00e4st\u00e4 sosiaalisen median postauksesta Facebookista sek\u00e4 Instagramista.<\/span><\/p><p><span style=\"font-weight: 400;\">Palkintoa ei voi muuttaa rahaksi tai muuksi palkinnoksi.<\/span><\/p><p><span style=\"font-weight: 400;\">Yksi osallistuja ei voi voittaa molempia palkintoja. Voittaja valitaan arvonnalla k\u00e4ytt\u00e4en arvontaohjelmaa ja voittajalle ilmoitetaan voitosta henkil\u00f6kohtaisesti siin\u00e4 kanavassa, jossa h\u00e4n osallistunut arvontaan (Facebook\/Instagram).\u00a0<\/span><\/p><p><span style=\"font-weight: 400;\">Arvonnan j\u00e4rjest\u00e4j\u00e4 Kassavirtanen Oy saa ilmoittaa voittajan nimen t\u00e4m\u00e4n lis\u00e4ksi sosiaalisen median kanavissaan rehellisen ja l\u00e4pin\u00e4kyv\u00e4n arvonnan nimiss\u00e4 ilman arvonnan voittajan erillist\u00e4 suostumusta.<\/span><\/p><p><span style=\"font-weight: 400;\">Jos voittajaa ei tavoiteta yksityisviestill\u00e4 48h sis\u00e4ll\u00e4, on J\u00e4rjest\u00e4j\u00e4ll\u00e4 oikeus arpoa uusi voittaja.<\/span><\/p><p><strong>6. Palkintojen toimittaminen<\/strong><\/p><p><span style=\"font-weight: 400;\">Palkinto toimitetaan postitse tai s\u00e4hk\u00f6postilla voittajalle ilman erillisi\u00e4 toimituskustannuksia. Kassavirtanen postittaa palkinnon voittajalle. Huom! Palkinto postitetaan vain postiosoitteisiin Suomessa. J\u00e4rjest\u00e4j\u00e4 ei vastaa pakettien mahdollisista toimitusviiv\u00e4styksist\u00e4, jotka johtuvat j\u00e4rjest\u00e4j\u00e4st\u00e4 riippumattomista syist\u00e4.<\/span><\/p><p><span style=\"font-weight: 400;\">Kaikki arvontaan osallistuvat vapauttavat J\u00e4rjest\u00e4j\u00e4n vahingosta, joka aiheutuu tai jonka v\u00e4itet\u00e4\u00e4n aiheutuneen osallistumisesta t\u00e4h\u00e4n kampanjaan. Arvonnan j\u00e4rjest\u00e4j\u00e4n vastuu osanottajia kohtaan ei ylit\u00e4 n\u00e4iss\u00e4 s\u00e4\u00e4nn\u00f6iss\u00e4 mainittujen palkintojen arvoa tai m\u00e4\u00e4r\u00e4\u00e4. J\u00e4rjest\u00e4j\u00e4 ei vastaa tietoteknisist\u00e4 syist\u00e4 johtuvista ongelmista tai esteist\u00e4 arvontaan osallistumiseen tai palkinnon vastaanottamiseen.<\/span><\/p><p><strong>7. Hallinnointi ja vastuu<\/strong><\/p><p><span style=\"font-weight: 400;\">Arvonta ei ole Facebookin\/Instagramin sponsoroima, suosittelema tai hallinnoima. Arvontaan osallistujat sitoutuvat vapauttamaan Facebookin ja Instagramin kaikista arvontaa koskevista ja siihen liittyvist\u00e4 vastuista ja vaatimuksista. Arvonnan s\u00e4\u00e4nt\u00f6jen lis\u00e4ksi J\u00e4rjest\u00e4j\u00e4 ja osallistujat sitoutuvat noudattamaan n\u00e4it\u00e4 palveluja koskevia s\u00e4\u00e4nt\u00f6j\u00e4.<\/span><\/p><p><span style=\"font-weight: 400;\">N\u00e4m\u00e4 s\u00e4\u00e4nn\u00f6t ja J\u00e4rjest\u00e4j\u00e4n perusteella tekem\u00e4t p\u00e4\u00e4t\u00f6kset sitovat kaikkia osallistujia. Osallistumalla t\u00e4h\u00e4n arvontaan osallistujat sitoutuvat noudattamaan n\u00e4it\u00e4 s\u00e4\u00e4nt\u00f6j\u00e4. J\u00e4rjest\u00e4j\u00e4 ratkaisee s\u00e4\u00e4nt\u00f6jen soveltamiseen ja tulkintaan liittyv\u00e4t mahdolliset ep\u00e4selvyydet. Jos arvontaan osallistujaa on syyt\u00e4 ep\u00e4ill\u00e4 vilpist\u00e4 tai osallistumisesta muuten kuin s\u00e4\u00e4nn\u00f6iss\u00e4 mainituin tavoin, on J\u00e4rjest\u00e4j\u00e4ll\u00e4 oikeus hyl\u00e4t\u00e4 osallistuminen.<\/span><\/p><p><span style=\"font-weight: 400;\">J\u00e4rjest\u00e4j\u00e4 pid\u00e4tt\u00e4\u00e4 itsell\u00e4\u00e4n oikeuden s\u00e4\u00e4nt\u00f6muutoksiin.<\/span><\/p><p><strong>8. Julkisuus ja markkinointi<\/strong><\/p><p><span style=\"font-weight: 400;\">J\u00e4rjest\u00e4j\u00e4 ei ker\u00e4\u00e4 arvonnan yhteydess\u00e4 erillist\u00e4 osallistujarekisteri\u00e4, vaan arpoo voittajan sattumanvaraisesti. Voittajaan ollaan yhteydess\u00e4 voitosta yksityisviestill\u00e4. Emme ker\u00e4\u00e4 erillisi\u00e4 markkinointilupia osallistujilta.<\/span><\/p><p><strong>9. Arpajaisvero<\/strong><\/p><p><span style=\"font-weight: 400;\">J\u00e4rjest\u00e4j\u00e4 maksaa palkinnoista aiheutuvat mahdolliset arpajaisverot.<\/span><\/p><p><strong>8. Lis\u00e4tietoa kilpailusta<\/strong><\/p><p>asiakaspalvelu@kassavirtanen.fi<\/p>\t\t\t\t\t\t\t\t<\/div>\n\t\t\t\t<\/div>\n\t\t\t\t\t<\/div>\n\t\t<\/div>\n\t\t\t\t\t<\/div>\n\t\t<\/section>\n\t\t\t\t<section class=\"elementor-section elementor-top-section elementor-element elementor-element-382e6b8 elementor-section-boxed elementor-section-height-default elementor-section-height-default\" data-id=\"382e6b8\" data-element_type=\"section\" data-e-type=\"section\">\n\t\t\t\t\t\t<div class=\"elementor-container elementor-column-gap-default\">\n\t\t\t\t\t<div class=\"elementor-column elementor-col-100 elementor-top-column elementor-element elementor-element-f1281e9\" data-id=\"f1281e9\" data-element_type=\"column\" data-e-type=\"column\">\n\t\t\t<div class=\"elementor-widget-wrap elementor-element-populated\">\n\t\t\t\t\t\t<div class=\"elementor-element elementor-element-ecd4b1c elementor-widget elementor-widget-spacer\" data-id=\"ecd4b1c\" data-element_type=\"widget\" data-e-type=\"widget\" data-widget_type=\"spacer.default\">\n\t\t\t\t<div class=\"elementor-widget-container\">\n\t\t\t\t\t\t\t<div class=\"elementor-spacer\">\n\t\t\t<div class=\"elementor-spacer-inner\"><\/div>\n\t\t<\/div>\n\t\t\t\t\t\t<\/div>\n\t\t\t\t<\/div>\n\t\t\t\t\t<\/div>\n\t\t<\/div>\n\t\t\t\t\t<\/div>\n\t\t<\/section>\n\t\t\t\t<\/div>","protected":false},"excerpt":{"rendered":"<p>OSALLISTU ARVONTAAN! ARVONNAN EHDOT REKISTER\u00d6IDY ILMAISEKSI OSALLISTU KASSAVIRTASEN J\u00c4RJEST\u00c4M\u00c4\u00c4N ARVONTAAN SOSIAALISESSA MEDIASSA 1. J\u00e4rjest\u00e4j\u00e4 Kassavirtanen Oy, y-tunnus 2803711-2, IP-osoite: kassavirtanen.fi 2. Osallistumiskelpoisuus Arvonta toteutetaan Kassavirtasen sosiaalisen median kanavissa. Arvonta on avoin kaikille, jotka osallistuvat arvontaan sen k\u00e4ynniss\u00e4 olon aikana Kassavirtasen Instagramissa tai Facebookissa. Arvontaan eiv\u00e4t voi osallistua Kassavirtanen Oy:n ty\u00f6ntekij\u00e4t, &hellip;<\/p>\n<p class=\"read-more\"> <a class=\"\" href=\"https:\/\/kassavirtanen.fi\/ru\/arvonnan-ehdot\/\"> <span class=\"screen-reader-text\">arvonnan-ehdot<\/span> \u041f\u043e\u0434\u0440\u043e\u0431\u043d\u0435\u0435 &raquo;<\/a><\/p>","protected":false},"author":1,"featured_media":0,"parent":0,"menu_order":0,"comment_status":"closed","ping_status":"closed","template":"","meta":{"footnotes":""},"class_list":["post-2655","page","type-page","status-publish","hentry"],"yoast_head":"<!-- This site is optimized with the Yoast SEO plugin v27.3 - https:\/\/yoast.com\/product\/yoast-seo-wordpress\/ -->\n<title>Arvonnan ehdot | Kassavirtanen<\/title>\n<meta name=\"description\" content=\"K\u00e4y lukemassa Kassavirtasen arvonnan s\u00e4\u00e4nn\u00f6t ja ehdot t\u00e4\u00e4lt\u00e4.\" \/>\n<meta name=\"robots\" content=\"index, follow, max-snippet:-1, max-image-preview:large, max-video-preview:-1\" \/>\n<link rel=\"canonical\" href=\"https:\/\/kassavirtanen.fi\/ru\/arvonnan-ehdot\/\" \/>\n<meta property=\"og:locale\" content=\"ru_RU\" \/>\n<meta property=\"og:type\" content=\"article\" \/>\n<meta property=\"og:title\" content=\"Arvonnan ehdot | Kassavirtanen\" \/>\n<meta property=\"og:description\" content=\"K\u00e4y lukemassa Kassavirtasen arvonnan s\u00e4\u00e4nn\u00f6t ja ehdot t\u00e4\u00e4lt\u00e4.\" \/>\n<meta property=\"og:url\" content=\"https:\/\/kassavirtanen.fi\/ru\/arvonnan-ehdot\/\" \/>\n<meta property=\"article:modified_time\" content=\"2023-11-29T06:52:22+00:00\" \/>\n<meta property=\"og:image\" content=\"https:\/\/kassavirtanen.fi\/wp-content\/uploads\/2020\/12\/Loyda-ja-voita-arvonta.jpg\" \/>\n<meta name=\"twitter:card\" content=\"summary_large_image\" \/>\n<meta name=\"twitter:label1\" content=\"\u041f\u0440\u0438\u043c\u0435\u0440\u043d\u043e\u0435 \u0432\u0440\u0435\u043c\u044f \u0434\u043b\u044f \u0447\u0442\u0435\u043d\u0438\u044f\" \/>\n\t<meta name=\"twitter:data1\" content=\"3 \u043c\u0438\u043d\u0443\u0442\u044b\" \/>\n<script type=\"application\/ld+json\" class=\"yoast-schema-graph\">{\"@context\":\"https:\\\/\\\/schema.org\",\"@graph\":[{\"@type\":\"WebPage\",\"@id\":\"https:\\\/\\\/kassavirtanen.fi\\\/arvonnan-ehdot\\\/\",\"url\":\"https:\\\/\\\/kassavirtanen.fi\\\/arvonnan-ehdot\\\/\",\"name\":\"Arvonnan ehdot | Kassavirtanen\",\"isPartOf\":{\"@id\":\"https:\\\/\\\/kassavirtanen.fi\\\/#website\"},\"primaryImageOfPage\":{\"@id\":\"https:\\\/\\\/kassavirtanen.fi\\\/arvonnan-ehdot\\\/#primaryimage\"},\"image\":{\"@id\":\"https:\\\/\\\/kassavirtanen.fi\\\/arvonnan-ehdot\\\/#primaryimage\"},\"thumbnailUrl\":\"https:\\\/\\\/kassavirtanen.fi\\\/wp-content\\\/uploads\\\/2020\\\/12\\\/Loyda-ja-voita-arvonta.jpg\",\"datePublished\":\"2020-02-05T13:09:28+00:00\",\"dateModified\":\"2023-11-29T06:52:22+00:00\",\"description\":\"K\u00e4y lukemassa Kassavirtasen arvonnan s\u00e4\u00e4nn\u00f6t ja ehdot t\u00e4\u00e4lt\u00e4.\",\"breadcrumb\":{\"@id\":\"https:\\\/\\\/kassavirtanen.fi\\\/arvonnan-ehdot\\\/#breadcrumb\"},\"inLanguage\":\"ru-RU\",\"potentialAction\":[{\"@type\":\"ReadAction\",\"target\":[\"https:\\\/\\\/kassavirtanen.fi\\\/arvonnan-ehdot\\\/\"]}]},{\"@type\":\"ImageObject\",\"inLanguage\":\"ru-RU\",\"@id\":\"https:\\\/\\\/kassavirtanen.fi\\\/arvonnan-ehdot\\\/#primaryimage\",\"url\":\"https:\\\/\\\/kassavirtanen.fi\\\/wp-content\\\/uploads\\\/2020\\\/12\\\/Loyda-ja-voita-arvonta.jpg\",\"contentUrl\":\"https:\\\/\\\/kassavirtanen.fi\\\/wp-content\\\/uploads\\\/2020\\\/12\\\/Loyda-ja-voita-arvonta.jpg\"},{\"@type\":\"BreadcrumbList\",\"@id\":\"https:\\\/\\\/kassavirtanen.fi\\\/arvonnan-ehdot\\\/#breadcrumb\",\"itemListElement\":[{\"@type\":\"ListItem\",\"position\":1,\"name\":\"Home\",\"item\":\"https:\\\/\\\/kassavirtanen.fi\\\/\"},{\"@type\":\"ListItem\",\"position\":2,\"name\":\"arvonnan-ehdot\"}]},{\"@type\":\"WebSite\",\"@id\":\"https:\\\/\\\/kassavirtanen.fi\\\/#website\",\"url\":\"https:\\\/\\\/kassavirtanen.fi\\\/\",\"name\":\"\",\"description\":\"laskuta ilman yrityst&auml; kassavirtanen\",\"potentialAction\":[{\"@type\":\"SearchAction\",\"target\":{\"@type\":\"EntryPoint\",\"urlTemplate\":\"https:\\\/\\\/kassavirtanen.fi\\\/?s={search_term_string}\"},\"query-input\":{\"@type\":\"PropertyValueSpecification\",\"valueRequired\":true,\"valueName\":\"search_term_string\"}}],\"inLanguage\":\"ru-RU\"}]}<\/script>\n<!-- \/ Yoast SEO plugin. -->","yoast_head_json":{"title":"Arvonnan ehdot | Kassavirtanen","description":"K\u00e4y lukemassa Kassavirtasen arvonnan s\u00e4\u00e4nn\u00f6t ja ehdot t\u00e4\u00e4lt\u00e4.","robots":{"index":"index","follow":"follow","max-snippet":"max-snippet:-1","max-image-preview":"max-image-preview:large","max-video-preview":"max-video-preview:-1"},"canonical":"https:\/\/kassavirtanen.fi\/ru\/arvonnan-ehdot\/","og_locale":"ru_RU","og_type":"article","og_title":"Arvonnan ehdot | Kassavirtanen","og_description":"K\u00e4y lukemassa Kassavirtasen arvonnan s\u00e4\u00e4nn\u00f6t ja ehdot t\u00e4\u00e4lt\u00e4.","og_url":"https:\/\/kassavirtanen.fi\/ru\/arvonnan-ehdot\/","article_modified_time":"2023-11-29T06:52:22+00:00","og_image":[{"url":"https:\/\/kassavirtanen.fi\/wp-content\/uploads\/2020\/12\/Loyda-ja-voita-arvonta.jpg","type":"","width":"","height":""}],"twitter_card":"summary_large_image","twitter_misc":{"\u041f\u0440\u0438\u043c\u0435\u0440\u043d\u043e\u0435 \u0432\u0440\u0435\u043c\u044f \u0434\u043b\u044f \u0447\u0442\u0435\u043d\u0438\u044f":"3 \u043c\u0438\u043d\u0443\u0442\u044b"},"schema":{"@context":"https:\/\/schema.org","@graph":[{"@type":"WebPage","@id":"https:\/\/kassavirtanen.fi\/arvonnan-ehdot\/","url":"https:\/\/kassavirtanen.fi\/arvonnan-ehdot\/","name":"Arvonnan ehdot | Kassavirtanen","isPartOf":{"@id":"https:\/\/kassavirtanen.fi\/#website"},"primaryImageOfPage":{"@id":"https:\/\/kassavirtanen.fi\/arvonnan-ehdot\/#primaryimage"},"image":{"@id":"https:\/\/kassavirtanen.fi\/arvonnan-ehdot\/#primaryimage"},"thumbnailUrl":"https:\/\/kassavirtanen.fi\/wp-content\/uploads\/2020\/12\/Loyda-ja-voita-arvonta.jpg","datePublished":"2020-02-05T13:09:28+00:00","dateModified":"2023-11-29T06:52:22+00:00","description":"K\u00e4y lukemassa Kassavirtasen arvonnan s\u00e4\u00e4nn\u00f6t ja ehdot t\u00e4\u00e4lt\u00e4.","breadcrumb":{"@id":"https:\/\/kassavirtanen.fi\/arvonnan-ehdot\/#breadcrumb"},"inLanguage":"ru-RU","potentialAction":[{"@type":"ReadAction","target":["https:\/\/kassavirtanen.fi\/arvonnan-ehdot\/"]}]},{"@type":"ImageObject","inLanguage":"ru-RU","@id":"https:\/\/kassavirtanen.fi\/arvonnan-ehdot\/#primaryimage","url":"https:\/\/kassavirtanen.fi\/wp-content\/uploads\/2020\/12\/Loyda-ja-voita-arvonta.jpg","contentUrl":"https:\/\/kassavirtanen.fi\/wp-content\/uploads\/2020\/12\/Loyda-ja-voita-arvonta.jpg"},{"@type":"BreadcrumbList","@id":"https:\/\/kassavirtanen.fi\/arvonnan-ehdot\/#breadcrumb","itemListElement":[{"@type":"ListItem","position":1,"name":"Home","item":"https:\/\/kassavirtanen.fi\/"},{"@type":"ListItem","position":2,"name":"arvonnan-ehdot"}]},{"@type":"WebSite","@id":"https:\/\/kassavirtanen.fi\/#website","url":"https:\/\/kassavirtanen.fi\/","name":"","description":"laskuta ilman yrityst&auml; kassavirtanen","potentialAction":[{"@type":"SearchAction","target":{"@type":"EntryPoint","urlTemplate":"https:\/\/kassavirtanen.fi\/?s={search_term_string}"},"query-input":{"@type":"PropertyValueSpecification","valueRequired":true,"valueName":"search_term_string"}}],"inLanguage":"ru-RU"}]}},"_links":{"self":[{"href":"https:\/\/kassavirtanen.fi\/ru\/wp-json\/wp\/v2\/pages\/2655","targetHints":{"allow":["GET"]}}],"collection":[{"href":"https:\/\/kassavirtanen.fi\/ru\/wp-json\/wp\/v2\/pages"}],"about":[{"href":"https:\/\/kassavirtanen.fi\/ru\/wp-json\/wp\/v2\/types\/page"}],"author":[{"embeddable":true,"href":"https:\/\/kassavirtanen.fi\/ru\/wp-json\/wp\/v2\/users\/1"}],"replies":[{"embeddable":true,"href":"https:\/\/kassavirtanen.fi\/ru\/wp-json\/wp\/v2\/comments?post=2655"}],"version-history":[{"count":10,"href":"https:\/\/kassavirtanen.fi\/ru\/wp-json\/wp\/v2\/pages\/2655\/revisions"}],"predecessor-version":[{"id":17602,"href":"https:\/\/kassavirtanen.fi\/ru\/wp-json\/wp\/v2\/pages\/2655\/revisions\/17602"}],"wp:attachment":[{"href":"https:\/\/kassavirtanen.fi\/ru\/wp-json\/wp\/v2\/media?parent=2655"}],"curies":[{"name":"wp","href":"https:\/\/api.w.org\/{rel}","templated":true}]}}